{"id":32587,"date":"2026-02-27T00:17:58","date_gmt":"2026-02-27T00:17:58","guid":{"rendered":"https:\/\/nordicmart.andreevmaster.com\/product\/vasagle-kenkakaappi-2-luukkua-puuoptinen\/"},"modified":"2026-02-27T09:39:34","modified_gmt":"2026-02-27T09:39:34","slug":"vasagle-kenkakaappi-2-luukkua-puuoptinen","status":"publish","type":"product","link":"https:\/\/nordicmart.andreevmaster.com\/fi\/tuote\/vasagle-kenkakaappi-2-luukkua-puuoptinen\/","title":{"rendered":"VASAGLE kenk\u00e4kaappi 2 luukkua puuoptinen"},"content":{"rendered":"<p>VASAGLE-keng\u00e4teline on valmistettu korkealaatuisesta, ymp\u00e4rist\u00f6yst\u00e4v\u00e4llisest\u00e4 puupurulevyst\u00e4 (luokka E1). Se avautuu helposti ja tarjoaa s\u00e4ilytystilaa 10\u201312 parille tasaisia kenki\u00e4. Vain 24 cm syv\u00e4 kaappi mahtuu my\u00f6s kapeaan tilaan. Yhdistettyn\u00e4 vaatekaappiin tai lipastoon eteinen pysyy aina siistin\u00e4. Se rikastuttaa eteistilasi. VASAGLE-keng\u00e4telineest\u00e4 on iloa vuosiksi. Toimitus sis\u00e4lt\u00e4\u00e4: &#8211; 1 x keng\u00e4teline &#8211; 1 x ohjeet &#8211; 1 x kiinnitystarvikepussi Tuotetiedot: &#8211; Mitat: 60 x 83,5 x 24 cm (L x K x S) &#8211; Materiaali: lastulevy (PB) + melamiinipinnoite &#8211; V\u00e4ri: tammenv\u00e4rinen &#8211; Pakkauksen mitat: 92 x 67 x 9,5 cm &#8211; Nettopaino: 17,5 kg &#8211; Bruttopaino: 18 kg<\/p>\n","protected":false},"excerpt":{"rendered":"<p>VASAGLE kenk\u00e4kaappi, kenk\u00e4kaappi, kenk\u00e4komero, 2 luukkua, puukomposiittilevy, 60 x 83,5 x 24 cm (L x K x S), tammimainen ulkon\u00e4k\u00f6 LBC602H<\/p>\n","protected":false},"featured_media":41585,"comment_status":"open","ping_status":"closed","template":"","meta":[],"product_brand":[],"product_cat":[32],"product_tag":[],"class_list":{"0":"post-32587","1":"product","2":"type-product","3":"status-publish","4":"has-post-thumbnail","6":"product_cat-uncategorized-fi","8":"first","9":"instock","10":"shipping-taxable","11":"purchasable","12":"product-type-simple"},"_links":{"self":[{"href":"https:\/\/nordicmart.andreevmaster.com\/fi\/wp-json\/wp\/v2\/product\/32587","targetHints":{"allow":["GET"]}}],"collection":[{"href":"https:\/\/nordicmart.andreevmaster.com\/fi\/wp-json\/wp\/v2\/product"}],"about":[{"href":"https:\/\/nordicmart.andreevmaster.com\/fi\/wp-json\/wp\/v2\/types\/product"}],"replies":[{"embeddable":true,"href":"https:\/\/nordicmart.andreevmaster.com\/fi\/wp-json\/wp\/v2\/comments?post=32587"}],"wp:featuredmedia":[{"embeddable":true,"href":"https:\/\/nordicmart.andreevmaster.com\/fi\/wp-json\/wp\/v2\/media\/41585"}],"wp:attachment":[{"href":"https:\/\/nordicmart.andreevmaster.com\/fi\/wp-json\/wp\/v2\/media?parent=32587"}],"wp:term":[{"taxonomy":"product_brand","embeddable":true,"href":"https:\/\/nordicmart.andreevmaster.com\/fi\/wp-json\/wp\/v2\/product_brand?post=32587"},{"taxonomy":"product_cat","embeddable":true,"href":"https:\/\/nordicmart.andreevmaster.com\/fi\/wp-json\/wp\/v2\/product_cat?post=32587"},{"taxonomy":"product_tag","embeddable":true,"href":"https:\/\/nordicmart.andreevmaster.com\/fi\/wp-json\/wp\/v2\/product_tag?post=32587"}],"curies":[{"name":"wp","href":"https:\/\/api.w.org\/{rel}","templated":true}]}}