{"id":32586,"date":"2026-02-27T00:17:58","date_gmt":"2026-02-27T00:17:58","guid":{"rendered":"https:\/\/nordicmart.andreevmaster.com\/product\/vasagle-5-tasoinen-kulmahylly-led-valaistuksella-vintage-ruskea\/"},"modified":"2026-02-27T09:39:34","modified_gmt":"2026-02-27T09:39:34","slug":"vasagle-5-tasoinen-kulmahylly-led-valaistuksella-vintage-ruskea","status":"publish","type":"product","link":"https:\/\/nordicmart.andreevmaster.com\/fi\/tuote\/vasagle-5-tasoinen-kulmahylly-led-valaistuksella-vintage-ruskea\/","title":{"rendered":"VASAGLE 5-tasoinen kulmahylly LED-valaistuksella, vintage-ruskea"},"content":{"rendered":"<p>V\u00e4ri: vintage-ruskea<br \/>\nMateriaali: ter\u00e4s, lastulevy<br \/>\nKoko: 24,8 x 48 x 146,6 cm (S x L x K)<br \/>\nPaino: 6,3 kg<br \/>\nSuurin staattinen kantavuus hylly\u00e4 kohti: 5 kg<br \/>\nMaks. staattinen kantavuus yhteens\u00e4: 25 kg<\/p>\n","protected":false},"excerpt":{"rendered":"<p>V\u00e4ri: vintage-ruskea Materiaali: ter\u00e4s, lastulevy Koko: 24,8 x 48 x 146,6 cm (S x L x K) Paino: 6,3 kg Suurin staattinen kantavuus hylly\u00e4 kohti: 5 kg Maks. staattinen kantavuus yhteens\u00e4: 25 kg<\/p>\n","protected":false},"featured_media":41584,"comment_status":"open","ping_status":"closed","template":"","meta":[],"product_brand":[],"product_cat":[32],"product_tag":[],"class_list":{"0":"post-32586","1":"product","2":"type-product","3":"status-publish","4":"has-post-thumbnail","6":"product_cat-uncategorized-fi","8":"first","9":"instock","10":"shipping-taxable","11":"purchasable","12":"product-type-simple"},"_links":{"self":[{"href":"https:\/\/nordicmart.andreevmaster.com\/fi\/wp-json\/wp\/v2\/product\/32586","targetHints":{"allow":["GET"]}}],"collection":[{"href":"https:\/\/nordicmart.andreevmaster.com\/fi\/wp-json\/wp\/v2\/product"}],"about":[{"href":"https:\/\/nordicmart.andreevmaster.com\/fi\/wp-json\/wp\/v2\/types\/product"}],"replies":[{"embeddable":true,"href":"https:\/\/nordicmart.andreevmaster.com\/fi\/wp-json\/wp\/v2\/comments?post=32586"}],"wp:featuredmedia":[{"embeddable":true,"href":"https:\/\/nordicmart.andreevmaster.com\/fi\/wp-json\/wp\/v2\/media\/41584"}],"wp:attachment":[{"href":"https:\/\/nordicmart.andreevmaster.com\/fi\/wp-json\/wp\/v2\/media?parent=32586"}],"wp:term":[{"taxonomy":"product_brand","embeddable":true,"href":"https:\/\/nordicmart.andreevmaster.com\/fi\/wp-json\/wp\/v2\/product_brand?post=32586"},{"taxonomy":"product_cat","embeddable":true,"href":"https:\/\/nordicmart.andreevmaster.com\/fi\/wp-json\/wp\/v2\/product_cat?post=32586"},{"taxonomy":"product_tag","embeddable":true,"href":"https:\/\/nordicmart.andreevmaster.com\/fi\/wp-json\/wp\/v2\/product_tag?post=32586"}],"curies":[{"name":"wp","href":"https:\/\/api.w.org\/{rel}","templated":true}]}}