{"id":32583,"date":"2026-02-27T00:17:57","date_gmt":"2026-02-27T00:17:57","guid":{"rendered":"https:\/\/nordicmart.andreevmaster.com\/product\/vasagle-saadettava-kirjahylly-valkoinen\/"},"modified":"2026-02-27T09:39:34","modified_gmt":"2026-02-27T09:39:34","slug":"vasagle-saadettava-kirjahylly-valkoinen","status":"publish","type":"product","link":"https:\/\/nordicmart.andreevmaster.com\/fi\/tuote\/vasagle-saadettava-kirjahylly-valkoinen\/","title":{"rendered":"VASAGLE S\u00e4\u00e4dett\u00e4v\u00e4 kirjahylly, valkoinen"},"content":{"rendered":"<p>Pakollinen hankinta kotiisi Riippumatta siit\u00e4, mik\u00e4 tyyli vallitsee sisustuksessasi, olipa se maalaistyyli, vintage, teollinen tyyli tai shabby chic \u2013 yksinkertainen ja moderni hyllykk\u00f6mme t\u00e4ydent\u00e4\u00e4 sit\u00e4 joka tapauksessa. Kest\u00e4v\u00e4 tuleville vuosille Laadukas lastulevy tarjoaa korkean kest\u00e4vyyden. Viilutettu pinta on naarmuuntumaton, kulutusta kest\u00e4v\u00e4 ja helppo puhdistaa.  Ratkaise tilaongelmasi Aseta t\u00e4m\u00e4 kirjahylly lastenhuoneeseen lastesi kirjojen s\u00e4ilytt\u00e4mist\u00e4 varten tai sijoita se olohuoneeseen lukunurkkauksen viereen tai yksinkertaisesti makuuhuoneeseesi. Tuotetiedot: -V\u00e4ri: tammiv\u00e4ri\/valkoinen -Materiaali: melamiiniviilutettu puupaneeli -Mitat: 90 x 91 x 24 cm (L x K x S) -Paino: 18 kg -Maks. kantavuus: Yl\u00e4hylly: 15 kg Kiinte\u00e4 lyhyt hylly keskell\u00e4 (2 x): 15 kg S\u00e4\u00e4dett\u00e4v\u00e4 pitk\u00e4 hylly keskell\u00e4 (2 x): 10 kg Alempi hylly: 30 kg Toimitus sis\u00e4lt\u00e4\u00e4: -1 x kirjahylly -1 x lis\u00e4varustepussi -1 x kaatumissuoja -1 x ohjeet (DE, EN, FR, IT, ES) VASAGLE Huomautukset: &#8211; Puhdista kirjahylly kostealla liinalla ja kuivaa se. &#8211; Kiinnit\u00e4 tuote turvallisuuden vuoksi sein\u00e4\u00e4n mukana toimitetulla kaatumissuojalla.<\/p>\n","protected":false},"excerpt":{"rendered":"<p>VASAGLE Kirjahylly, tilanjakaja, puinen hyllykk\u00f6 avoimilla hyllyill\u00e4, olohuoneeseen, makuuhuoneeseen, lastenhuoneeseen ja toimistoon, 90 x 91 x 24 cm (L x K x S), valkoinen LBC53WT<\/p>\n","protected":false},"featured_media":41582,"comment_status":"open","ping_status":"closed","template":"","meta":[],"product_brand":[],"product_cat":[32],"product_tag":[],"class_list":{"0":"post-32583","1":"product","2":"type-product","3":"status-publish","4":"has-post-thumbnail","6":"product_cat-uncategorized-fi","8":"first","9":"instock","10":"shipping-taxable","11":"purchasable","12":"product-type-simple"},"_links":{"self":[{"href":"https:\/\/nordicmart.andreevmaster.com\/fi\/wp-json\/wp\/v2\/product\/32583","targetHints":{"allow":["GET"]}}],"collection":[{"href":"https:\/\/nordicmart.andreevmaster.com\/fi\/wp-json\/wp\/v2\/product"}],"about":[{"href":"https:\/\/nordicmart.andreevmaster.com\/fi\/wp-json\/wp\/v2\/types\/product"}],"replies":[{"embeddable":true,"href":"https:\/\/nordicmart.andreevmaster.com\/fi\/wp-json\/wp\/v2\/comments?post=32583"}],"wp:featuredmedia":[{"embeddable":true,"href":"https:\/\/nordicmart.andreevmaster.com\/fi\/wp-json\/wp\/v2\/media\/41582"}],"wp:attachment":[{"href":"https:\/\/nordicmart.andreevmaster.com\/fi\/wp-json\/wp\/v2\/media?parent=32583"}],"wp:term":[{"taxonomy":"product_brand","embeddable":true,"href":"https:\/\/nordicmart.andreevmaster.com\/fi\/wp-json\/wp\/v2\/product_brand?post=32583"},{"taxonomy":"product_cat","embeddable":true,"href":"https:\/\/nordicmart.andreevmaster.com\/fi\/wp-json\/wp\/v2\/product_cat?post=32583"},{"taxonomy":"product_tag","embeddable":true,"href":"https:\/\/nordicmart.andreevmaster.com\/fi\/wp-json\/wp\/v2\/product_tag?post=32583"}],"curies":[{"name":"wp","href":"https:\/\/api.w.org\/{rel}","templated":true}]}}