{"id":32582,"date":"2026-02-27T00:17:57","date_gmt":"2026-02-27T00:17:57","guid":{"rendered":"https:\/\/nordicmart.andreevmaster.com\/product\/vasagle-kirjahylly-8-lokeroa-valkoinen\/"},"modified":"2026-02-27T09:39:33","modified_gmt":"2026-02-27T09:39:33","slug":"vasagle-kirjahylly-8-lokeroa-valkoinen","status":"publish","type":"product","link":"https:\/\/nordicmart.andreevmaster.com\/fi\/tuote\/vasagle-kirjahylly-8-lokeroa-valkoinen\/","title":{"rendered":"VASAGLE Kirjahylly 8 lokeroa Valkoinen"},"content":{"rendered":"<p>V\u00e4ltt\u00e4m\u00e4t\u00f6n osa kotisi sisustusta Riippumatta siit\u00e4, mik\u00e4 tyyli hallitsee sisustustasi, olipa se maalaismainen, vintage, teollinen tai shabby chic, yksinkertainen ja moderni hyllykk\u00f6mme t\u00e4ydent\u00e4\u00e4 sit\u00e4 varmasti. Kest\u00e4v\u00e4 vuosiksi eteenp\u00e4in Laadukkaat lastulevyt tarjoavat korkean kantavuuden. Viilutettu pinta on naarmuuntumaton, kulutusta kest\u00e4v\u00e4 ja helppo puhdistaa. Ratkaise tilaongelmasi Aseta t\u00e4m\u00e4 kirjahylly lastenhuoneeseen lastesi kirjojen s\u00e4ilytt\u00e4mist\u00e4 varten tai sijoita se olohuoneeseen lukunurkkauksen viereen tai yksinkertaisesti makuuhuoneeseesi. Tuotetiedot: -V\u00e4ri: valkoinen -Materiaali: melamiiniviilutettu puulevy, 3 mm paksu MDF-levyinen takasein\u00e4 -Mitat: 97,5 x 100 x 30 cm (L x K x S) -Paino: 23,7 kg -Maks. kantavuus: Jokainen hylly (6 x): 15 kg Keskimm\u00e4inen hylly (2 x): 25 kg Yl\u00e4hylly: 50 kg Toimitus sis\u00e4lt\u00e4\u00e4: -1 x kirjahylly -1 x lis\u00e4varustepussi -1 x kaatumissuoja -1 x ohjeet (DE, EN, FR, IT, ES) VASAGLE Huomautukset: &#8211; Puhdista kirjahylly kostealla liinalla ja kuivaa se. &#8211; Kiinnit\u00e4 tuote turvallisuuden vuoksi sein\u00e4\u00e4n mukana toimitetulla kaatumissuojalla.<\/p>\n","protected":false},"excerpt":{"rendered":"<p>VASAGLE Kirjahylly, tilanjakaja, puinen hyllykk\u00f6 avoimilla hyllyill\u00e4, vitriini olohuoneeseen, makuuhuoneeseen, lastenhuoneeseen ja toimistoon, 97,5 x 100 x 30 cm (L x K x S), valkoinen LBC52WT<\/p>\n","protected":false},"featured_media":41581,"comment_status":"open","ping_status":"closed","template":"","meta":[],"product_brand":[],"product_cat":[32],"product_tag":[],"class_list":{"0":"post-32582","1":"product","2":"type-product","3":"status-publish","4":"has-post-thumbnail","6":"product_cat-uncategorized-fi","8":"first","9":"instock","10":"shipping-taxable","11":"purchasable","12":"product-type-simple"},"_links":{"self":[{"href":"https:\/\/nordicmart.andreevmaster.com\/fi\/wp-json\/wp\/v2\/product\/32582","targetHints":{"allow":["GET"]}}],"collection":[{"href":"https:\/\/nordicmart.andreevmaster.com\/fi\/wp-json\/wp\/v2\/product"}],"about":[{"href":"https:\/\/nordicmart.andreevmaster.com\/fi\/wp-json\/wp\/v2\/types\/product"}],"replies":[{"embeddable":true,"href":"https:\/\/nordicmart.andreevmaster.com\/fi\/wp-json\/wp\/v2\/comments?post=32582"}],"wp:featuredmedia":[{"embeddable":true,"href":"https:\/\/nordicmart.andreevmaster.com\/fi\/wp-json\/wp\/v2\/media\/41581"}],"wp:attachment":[{"href":"https:\/\/nordicmart.andreevmaster.com\/fi\/wp-json\/wp\/v2\/media?parent=32582"}],"wp:term":[{"taxonomy":"product_brand","embeddable":true,"href":"https:\/\/nordicmart.andreevmaster.com\/fi\/wp-json\/wp\/v2\/product_brand?post=32582"},{"taxonomy":"product_cat","embeddable":true,"href":"https:\/\/nordicmart.andreevmaster.com\/fi\/wp-json\/wp\/v2\/product_cat?post=32582"},{"taxonomy":"product_tag","embeddable":true,"href":"https:\/\/nordicmart.andreevmaster.com\/fi\/wp-json\/wp\/v2\/product_tag?post=32582"}],"curies":[{"name":"wp","href":"https:\/\/api.w.org\/{rel}","templated":true}]}}