{"id":32580,"date":"2026-02-27T00:17:57","date_gmt":"2026-02-27T00:17:57","guid":{"rendered":"https:\/\/nordicmart.andreevmaster.com\/product\/vasagle-kirjahylly-975-x-30-x-100-cm-8-hyllya-vintage\/"},"modified":"2026-02-27T09:39:33","modified_gmt":"2026-02-27T09:39:33","slug":"vasagle-kirjahylly-975-x-30-x-100-cm-8-hyllya-vintage","status":"publish","type":"product","link":"https:\/\/nordicmart.andreevmaster.com\/fi\/tuote\/vasagle-kirjahylly-975-x-30-x-100-cm-8-hyllya-vintage\/","title":{"rendered":"VASAGLE Kirjahylly 97,5 x 30 x 100 cm 8 hylly\u00e4 Vintage"},"content":{"rendered":"<p>Tuotetiedot: &#8211; V\u00e4ri: vintage-ruskea &#8211; Materiaali: lastulevy, 3 mm paksu MDF-takasein\u00e4 (keskitihe\u00e4 kuitulevy) &#8211; Koko: 97,5 x 30 x 100 cm (P x L x K) &#8211; Paino: 23,7 kg &#8211; Maks. staattinen kantavuus per avoin hylly: 10 kg Toimitus sis\u00e4lt\u00e4\u00e4: -1 x kirjahylly -1 x lis\u00e4varustepaketti -1 x kaatumisenestolaite -1 x ohjeet VASAGLE Huomautukset:- Puhdista kirjahylly kostealla liinalla ja kuivaa se. &#8211; Kiinnit\u00e4 tuote turvallisuuden vuoksi sein\u00e4\u00e4n mukana toimitetulla kaatumissuojalla.<\/p>\n","protected":false},"excerpt":{"rendered":"<p>VASAGLE Kirjahylly, tilanjakaja, puinen hyllykk\u00f6 avoimilla hyllyill\u00e4, vitriini olohuoneeseen, makuuhuoneeseen, lastenhuoneeseen ja toimistoon, 97,5 x 100 x 30 cm (L x K x S), valkoinen LBC52WT<\/p>\n","protected":false},"featured_media":41579,"comment_status":"open","ping_status":"closed","template":"","meta":[],"product_brand":[],"product_cat":[32],"product_tag":[],"class_list":{"0":"post-32580","1":"product","2":"type-product","3":"status-publish","4":"has-post-thumbnail","6":"product_cat-uncategorized-fi","8":"first","9":"instock","10":"shipping-taxable","11":"purchasable","12":"product-type-simple"},"_links":{"self":[{"href":"https:\/\/nordicmart.andreevmaster.com\/fi\/wp-json\/wp\/v2\/product\/32580","targetHints":{"allow":["GET"]}}],"collection":[{"href":"https:\/\/nordicmart.andreevmaster.com\/fi\/wp-json\/wp\/v2\/product"}],"about":[{"href":"https:\/\/nordicmart.andreevmaster.com\/fi\/wp-json\/wp\/v2\/types\/product"}],"replies":[{"embeddable":true,"href":"https:\/\/nordicmart.andreevmaster.com\/fi\/wp-json\/wp\/v2\/comments?post=32580"}],"wp:featuredmedia":[{"embeddable":true,"href":"https:\/\/nordicmart.andreevmaster.com\/fi\/wp-json\/wp\/v2\/media\/41579"}],"wp:attachment":[{"href":"https:\/\/nordicmart.andreevmaster.com\/fi\/wp-json\/wp\/v2\/media?parent=32580"}],"wp:term":[{"taxonomy":"product_brand","embeddable":true,"href":"https:\/\/nordicmart.andreevmaster.com\/fi\/wp-json\/wp\/v2\/product_brand?post=32580"},{"taxonomy":"product_cat","embeddable":true,"href":"https:\/\/nordicmart.andreevmaster.com\/fi\/wp-json\/wp\/v2\/product_cat?post=32580"},{"taxonomy":"product_tag","embeddable":true,"href":"https:\/\/nordicmart.andreevmaster.com\/fi\/wp-json\/wp\/v2\/product_tag?post=32580"}],"curies":[{"name":"wp","href":"https:\/\/api.w.org\/{rel}","templated":true}]}}