{"id":32578,"date":"2026-02-27T00:17:56","date_gmt":"2026-02-27T00:17:56","guid":{"rendered":"https:\/\/nordicmart.andreevmaster.com\/product\/vasagle-kirjahylly-neljalla-hyllylla\/"},"modified":"2026-02-27T09:39:33","modified_gmt":"2026-02-27T09:39:33","slug":"vasagle-kirjahylly-neljalla-hyllylla","status":"publish","type":"product","link":"https:\/\/nordicmart.andreevmaster.com\/fi\/tuote\/vasagle-kirjahylly-neljalla-hyllylla\/","title":{"rendered":"VASAGLE kirjahylly nelj\u00e4ll\u00e4 hyllyll\u00e4"},"content":{"rendered":"<p>Kirjahylly, 4 lokeroa, 24 x 66 x 66 cm, valkoinen  LBC476W01<br \/>\nV\u00e4ri: valkoinen<br \/>\nMateriaali: lastulevy, MDF (keskitihe\u00e4 kuitulevy)<br \/>\nKoko: 24 x 66 x 66 cm<br \/>\nPaino: 8,5 kg<br \/>\nPxLxK)<br \/>\nMaks. staattinen kantavuus per lokero: 10 kg<br \/>\nYl\u00e4levyn maks. staattinen kantavuus: 20 kg<br \/>\nMaks. staattinen kantavuus yhteens\u00e4: 40 kg<\/p>\n","protected":false},"excerpt":{"rendered":"<p>Kirjahylly, 4 lokeroa, 24 x 66 x 66 cm, valkoinen  LBC476W01<\/p>\n","protected":false},"featured_media":41577,"comment_status":"open","ping_status":"closed","template":"","meta":[],"product_brand":[],"product_cat":[32],"product_tag":[],"class_list":{"0":"post-32578","1":"product","2":"type-product","3":"status-publish","4":"has-post-thumbnail","6":"product_cat-uncategorized-fi","8":"first","9":"instock","10":"shipping-taxable","11":"purchasable","12":"product-type-simple"},"_links":{"self":[{"href":"https:\/\/nordicmart.andreevmaster.com\/fi\/wp-json\/wp\/v2\/product\/32578","targetHints":{"allow":["GET"]}}],"collection":[{"href":"https:\/\/nordicmart.andreevmaster.com\/fi\/wp-json\/wp\/v2\/product"}],"about":[{"href":"https:\/\/nordicmart.andreevmaster.com\/fi\/wp-json\/wp\/v2\/types\/product"}],"replies":[{"embeddable":true,"href":"https:\/\/nordicmart.andreevmaster.com\/fi\/wp-json\/wp\/v2\/comments?post=32578"}],"wp:featuredmedia":[{"embeddable":true,"href":"https:\/\/nordicmart.andreevmaster.com\/fi\/wp-json\/wp\/v2\/media\/41577"}],"wp:attachment":[{"href":"https:\/\/nordicmart.andreevmaster.com\/fi\/wp-json\/wp\/v2\/media?parent=32578"}],"wp:term":[{"taxonomy":"product_brand","embeddable":true,"href":"https:\/\/nordicmart.andreevmaster.com\/fi\/wp-json\/wp\/v2\/product_brand?post=32578"},{"taxonomy":"product_cat","embeddable":true,"href":"https:\/\/nordicmart.andreevmaster.com\/fi\/wp-json\/wp\/v2\/product_cat?post=32578"},{"taxonomy":"product_tag","embeddable":true,"href":"https:\/\/nordicmart.andreevmaster.com\/fi\/wp-json\/wp\/v2\/product_tag?post=32578"}],"curies":[{"name":"wp","href":"https:\/\/api.w.org\/{rel}","templated":true}]}}