{"id":32573,"date":"2026-02-27T00:17:55","date_gmt":"2026-02-27T00:17:55","guid":{"rendered":"https:\/\/nordicmart.andreevmaster.com\/product\/vasagle-kulmahylly-4-hyllya-valkoinen\/"},"modified":"2026-02-27T09:39:32","modified_gmt":"2026-02-27T09:39:32","slug":"vasagle-kulmahylly-4-hyllya-valkoinen","status":"publish","type":"product","link":"https:\/\/nordicmart.andreevmaster.com\/fi\/tuote\/vasagle-kulmahylly-4-hyllya-valkoinen\/","title":{"rendered":"VASAGLE kulmahylly, 4 hylly\u00e4, valkoinen"},"content":{"rendered":"<p>Pakollinen hankinta kotiisi Tyylik\u00e4s ja k\u00e4yt\u00e4nn\u00f6llinen VASAGLE-kulm\u00e4hylly tarjoaa runsaasti tilaa kodin tavaroille ja koriste-esineille ja on samalla kaunis huonekalu. Ainutlaatuinen moderni muotoilu  Taiteellinen muoto ja py\u00f6ristetyt hyllyt ovat t\u00e4m\u00e4n hyllyn erityispiirteit\u00e4. Tiivistetyt reunat ja piilotetut ruuvinrei\u00e4t antavat hyllylle entist\u00e4 siistimm\u00e4n ja tyylikk\u00e4\u00e4mm\u00e4n ilmeen. Hanki lis\u00e4\u00e4 tilaa kotiisi K\u00e4yt\u00e4 sein\u00e4hylly\u00e4 ty\u00f6huoneessa kirjoitusv\u00e4lineiden s\u00e4ilytt\u00e4miseen, olohuoneessa koristeiden esillepanoon tai asenna se yksinkertaisesti makuuhuoneen nurkkaan pienten asusteiden s\u00e4ilytt\u00e4miseen. Tuotetiedot: &#8211; V\u00e4ri: valkoinen &#8211; Materiaali: melamiinipinnoitettu lastulevy &#8211; Mitat: 30 x 129,5 x 30 cm (L x K x S) &#8211; Paino: 11,3 kg &#8211; Maks. kantavuus: 15 kg per hylly Toimitus sis\u00e4lt\u00e4\u00e4: &#8211; 1 x kulmahylly &#8211; 1 x tarvikepussi &#8211; 1 x ohjeet (DE, EN, FR, IT, ES) VASAGLE Huomautukset: &#8211; Puhdista tuote kostealla liinalla ja kuivaa se. &#8211; Kiinnit\u00e4 tuote turvallisuuden vuoksi sein\u00e4\u00e4n kaatumissuojalla. <\/p>\n","protected":false},"excerpt":{"rendered":"<p>VASAGLE 4-tasoinen kulmahylly, lattialla seisova hylly, puinen kirjahylly, keitti\u00f6\u00f6n, makuuhuoneeseen, olohuoneeseen, toimistoon, valkoinen LBC42WT<\/p>\n","protected":false},"featured_media":41572,"comment_status":"open","ping_status":"closed","template":"","meta":[],"product_brand":[],"product_cat":[32],"product_tag":[],"class_list":{"0":"post-32573","1":"product","2":"type-product","3":"status-publish","4":"has-post-thumbnail","6":"product_cat-uncategorized-fi","8":"first","9":"instock","10":"shipping-taxable","11":"purchasable","12":"product-type-simple"},"_links":{"self":[{"href":"https:\/\/nordicmart.andreevmaster.com\/fi\/wp-json\/wp\/v2\/product\/32573","targetHints":{"allow":["GET"]}}],"collection":[{"href":"https:\/\/nordicmart.andreevmaster.com\/fi\/wp-json\/wp\/v2\/product"}],"about":[{"href":"https:\/\/nordicmart.andreevmaster.com\/fi\/wp-json\/wp\/v2\/types\/product"}],"replies":[{"embeddable":true,"href":"https:\/\/nordicmart.andreevmaster.com\/fi\/wp-json\/wp\/v2\/comments?post=32573"}],"wp:featuredmedia":[{"embeddable":true,"href":"https:\/\/nordicmart.andreevmaster.com\/fi\/wp-json\/wp\/v2\/media\/41572"}],"wp:attachment":[{"href":"https:\/\/nordicmart.andreevmaster.com\/fi\/wp-json\/wp\/v2\/media?parent=32573"}],"wp:term":[{"taxonomy":"product_brand","embeddable":true,"href":"https:\/\/nordicmart.andreevmaster.com\/fi\/wp-json\/wp\/v2\/product_brand?post=32573"},{"taxonomy":"product_cat","embeddable":true,"href":"https:\/\/nordicmart.andreevmaster.com\/fi\/wp-json\/wp\/v2\/product_cat?post=32573"},{"taxonomy":"product_tag","embeddable":true,"href":"https:\/\/nordicmart.andreevmaster.com\/fi\/wp-json\/wp\/v2\/product_tag?post=32573"}],"curies":[{"name":"wp","href":"https:\/\/api.w.org\/{rel}","templated":true}]}}