{"id":32572,"date":"2026-02-27T00:17:55","date_gmt":"2026-02-27T00:17:55","guid":{"rendered":"https:\/\/nordicmart.andreevmaster.com\/product\/vasagle-kirjahylly-4-lokeroa-valkoinen\/"},"modified":"2026-02-27T09:39:32","modified_gmt":"2026-02-27T09:39:32","slug":"vasagle-kirjahylly-4-lokeroa-valkoinen","status":"publish","type":"product","link":"https:\/\/nordicmart.andreevmaster.com\/fi\/tuote\/vasagle-kirjahylly-4-lokeroa-valkoinen\/","title":{"rendered":"VASAGLE kirjahylly, 4 lokeroa, valkoinen"},"content":{"rendered":"<p>Tuotetiedot: V\u00e4ri: valkoinen Materiaali: melamiinipinnoitettu lastulevy Tuotteen mitat: 70 x 24 x 127 cm (P x L x K) Paino: 15 kg Maks. staattinen kantavuus per lokero: 15 kg Maks. staattinen kantavuus pinnalla: 15 kg Toimitus sis\u00e4lt\u00e4\u00e4: 1 x kirjahylly 1 x lis\u00e4varustepaketti 1 x ohjeet (DE, EN, FR, ES, IT) VASAGLE Huomautukset:Puhdista kirjahylly kostealla liinalla ja kuivaa se sitten.<\/p>\n","protected":false},"excerpt":{"rendered":"<p>VASAGLE Kirjahylly, seisomahylly, kuutiohylly, vapaasti seisova hylly, tilanjakaja, 4 lokeroa, toimistoon, olohuoneeseen, makuuhuoneeseen, koristeellinen, vintage, tummanruskea LBC41BX<\/p>\n","protected":false},"featured_media":41571,"comment_status":"open","ping_status":"closed","template":"","meta":[],"product_brand":[],"product_cat":[32],"product_tag":[],"class_list":{"0":"post-32572","1":"product","2":"type-product","3":"status-publish","4":"has-post-thumbnail","6":"product_cat-uncategorized-fi","8":"first","9":"instock","10":"shipping-taxable","11":"purchasable","12":"product-type-simple"},"_links":{"self":[{"href":"https:\/\/nordicmart.andreevmaster.com\/fi\/wp-json\/wp\/v2\/product\/32572","targetHints":{"allow":["GET"]}}],"collection":[{"href":"https:\/\/nordicmart.andreevmaster.com\/fi\/wp-json\/wp\/v2\/product"}],"about":[{"href":"https:\/\/nordicmart.andreevmaster.com\/fi\/wp-json\/wp\/v2\/types\/product"}],"replies":[{"embeddable":true,"href":"https:\/\/nordicmart.andreevmaster.com\/fi\/wp-json\/wp\/v2\/comments?post=32572"}],"wp:featuredmedia":[{"embeddable":true,"href":"https:\/\/nordicmart.andreevmaster.com\/fi\/wp-json\/wp\/v2\/media\/41571"}],"wp:attachment":[{"href":"https:\/\/nordicmart.andreevmaster.com\/fi\/wp-json\/wp\/v2\/media?parent=32572"}],"wp:term":[{"taxonomy":"product_brand","embeddable":true,"href":"https:\/\/nordicmart.andreevmaster.com\/fi\/wp-json\/wp\/v2\/product_brand?post=32572"},{"taxonomy":"product_cat","embeddable":true,"href":"https:\/\/nordicmart.andreevmaster.com\/fi\/wp-json\/wp\/v2\/product_cat?post=32572"},{"taxonomy":"product_tag","embeddable":true,"href":"https:\/\/nordicmart.andreevmaster.com\/fi\/wp-json\/wp\/v2\/product_tag?post=32572"}],"curies":[{"name":"wp","href":"https:\/\/api.w.org\/{rel}","templated":true}]}}