{"id":32568,"date":"2026-02-27T00:17:54","date_gmt":"2026-02-27T00:17:54","guid":{"rendered":"https:\/\/nordicmart.andreevmaster.com\/product\/vasagle-kirjahylly-viidella-avoimella-tasolla\/"},"modified":"2026-02-27T09:39:31","modified_gmt":"2026-02-27T09:39:31","slug":"vasagle-kirjahylly-viidella-avoimella-tasolla","status":"publish","type":"product","link":"https:\/\/nordicmart.andreevmaster.com\/fi\/tuote\/vasagle-kirjahylly-viidella-avoimella-tasolla\/","title":{"rendered":"VASAGLE kirjahylly viidell\u00e4 avoimella tasolla"},"content":{"rendered":"<p>VASAGLE 5-tasoinen kirjahylly, lattialla seisova hylly, 24 x 90 x 159 cm, s\u00e4ilytyshylly avoimilla hyllyill\u00e4, olohuoneeseen, makuuhuoneeseen, ty\u00f6huoneeseen, vintage-ruskea LBC416K01<br \/>\nV\u00e4ri: vintage-ruskea<br \/>\nMateriaali: lastulevy<br \/>\nKoko: 24 x 90 x 159 cm (S x L x K)<br \/>\nPaino: 24,6 kg<br \/>\nMaks. staattinen kantavuus tasoa kohti: 30 kg<\/p>\n","protected":false},"excerpt":{"rendered":"<p>VASAGLE 5-tasoinen kirjahylly, lattialla seisova hylly, 24 x 90 x 159 cm, s\u00e4ilytyshylly avoimilla hyllyill\u00e4, olohuoneeseen, makuuhuoneeseen, ty\u00f6huoneeseen, vintage-ruskea LBC416K01<\/p>\n","protected":false},"featured_media":41567,"comment_status":"open","ping_status":"closed","template":"","meta":[],"product_brand":[],"product_cat":[32],"product_tag":[],"class_list":{"0":"post-32568","1":"product","2":"type-product","3":"status-publish","4":"has-post-thumbnail","6":"product_cat-uncategorized-fi","8":"first","9":"instock","10":"shipping-taxable","11":"purchasable","12":"product-type-simple"},"_links":{"self":[{"href":"https:\/\/nordicmart.andreevmaster.com\/fi\/wp-json\/wp\/v2\/product\/32568","targetHints":{"allow":["GET"]}}],"collection":[{"href":"https:\/\/nordicmart.andreevmaster.com\/fi\/wp-json\/wp\/v2\/product"}],"about":[{"href":"https:\/\/nordicmart.andreevmaster.com\/fi\/wp-json\/wp\/v2\/types\/product"}],"replies":[{"embeddable":true,"href":"https:\/\/nordicmart.andreevmaster.com\/fi\/wp-json\/wp\/v2\/comments?post=32568"}],"wp:featuredmedia":[{"embeddable":true,"href":"https:\/\/nordicmart.andreevmaster.com\/fi\/wp-json\/wp\/v2\/media\/41567"}],"wp:attachment":[{"href":"https:\/\/nordicmart.andreevmaster.com\/fi\/wp-json\/wp\/v2\/media?parent=32568"}],"wp:term":[{"taxonomy":"product_brand","embeddable":true,"href":"https:\/\/nordicmart.andreevmaster.com\/fi\/wp-json\/wp\/v2\/product_brand?post=32568"},{"taxonomy":"product_cat","embeddable":true,"href":"https:\/\/nordicmart.andreevmaster.com\/fi\/wp-json\/wp\/v2\/product_cat?post=32568"},{"taxonomy":"product_tag","embeddable":true,"href":"https:\/\/nordicmart.andreevmaster.com\/fi\/wp-json\/wp\/v2\/product_tag?post=32568"}],"curies":[{"name":"wp","href":"https:\/\/api.w.org\/{rel}","templated":true}]}}