{"id":32566,"date":"2026-02-27T00:17:54","date_gmt":"2026-02-27T00:17:54","guid":{"rendered":"https:\/\/nordicmart.andreevmaster.com\/product\/vasagle-kirjahylly-6-avointa-hyllya-24-x-302-x-1607-cm-pilvinen-valkoinen\/"},"modified":"2026-02-27T09:39:30","modified_gmt":"2026-02-27T09:39:30","slug":"vasagle-kirjahylly-6-avointa-hyllya-24-x-302-x-1607-cm-pilvinen-valkoinen","status":"publish","type":"product","link":"https:\/\/nordicmart.andreevmaster.com\/fi\/tuote\/vasagle-kirjahylly-6-avointa-hyllya-24-x-302-x-1607-cm-pilvinen-valkoinen\/","title":{"rendered":"VASAGLE kirjahylly, 6 avointa hylly\u00e4, 24 x 30,2 x 160,7 cm, pilvinen valkoinen"},"content":{"rendered":"<p>VASAGLE kirjahylly, hylly 3 lokerolla, lattialla seisova hylly, korkeuss\u00e4\u00e4dett\u00e4vill\u00e4 hyllyill\u00e4, olohuoneeseen, lastenhuoneeseen, toimistoon<br \/>\nV\u00e4ri: pilvinen valkoinen<br \/>\nMateriaali: lastulevy, MDF (keskitihe\u00e4 kuitulevy)<br \/>\nKoko: 24 x 30,2 x 160,7 cm (S x L x K)<br \/>\nPaino: 11,6 kg<br \/>\nSuurin staattinen kantavuus per hylly: 10 kg<br \/>\nMaks. staattinen kokonaiskuormitus: 70 kg<\/p>\n","protected":false},"excerpt":{"rendered":"<p>VASAGLE kirjahylly, hylly 3 lokerolla, lattialla seisova hylly, korkeuss\u00e4\u00e4dett\u00e4vill\u00e4 hyllyill\u00e4, olohuoneeseen, lastenhuoneeseen, toimistoon<\/p>\n","protected":false},"featured_media":41565,"comment_status":"open","ping_status":"closed","template":"","meta":[],"product_brand":[],"product_cat":[32],"product_tag":[],"class_list":{"0":"post-32566","1":"product","2":"type-product","3":"status-publish","4":"has-post-thumbnail","6":"product_cat-uncategorized-fi","8":"first","9":"instock","10":"shipping-taxable","11":"purchasable","12":"product-type-simple"},"_links":{"self":[{"href":"https:\/\/nordicmart.andreevmaster.com\/fi\/wp-json\/wp\/v2\/product\/32566","targetHints":{"allow":["GET"]}}],"collection":[{"href":"https:\/\/nordicmart.andreevmaster.com\/fi\/wp-json\/wp\/v2\/product"}],"about":[{"href":"https:\/\/nordicmart.andreevmaster.com\/fi\/wp-json\/wp\/v2\/types\/product"}],"replies":[{"embeddable":true,"href":"https:\/\/nordicmart.andreevmaster.com\/fi\/wp-json\/wp\/v2\/comments?post=32566"}],"wp:featuredmedia":[{"embeddable":true,"href":"https:\/\/nordicmart.andreevmaster.com\/fi\/wp-json\/wp\/v2\/media\/41565"}],"wp:attachment":[{"href":"https:\/\/nordicmart.andreevmaster.com\/fi\/wp-json\/wp\/v2\/media?parent=32566"}],"wp:term":[{"taxonomy":"product_brand","embeddable":true,"href":"https:\/\/nordicmart.andreevmaster.com\/fi\/wp-json\/wp\/v2\/product_brand?post=32566"},{"taxonomy":"product_cat","embeddable":true,"href":"https:\/\/nordicmart.andreevmaster.com\/fi\/wp-json\/wp\/v2\/product_cat?post=32566"},{"taxonomy":"product_tag","embeddable":true,"href":"https:\/\/nordicmart.andreevmaster.com\/fi\/wp-json\/wp\/v2\/product_tag?post=32566"}],"curies":[{"name":"wp","href":"https:\/\/api.w.org\/{rel}","templated":true}]}}