{"id":32561,"date":"2026-02-27T00:17:53","date_gmt":"2026-02-27T00:17:53","guid":{"rendered":"https:\/\/nordicmart.andreevmaster.com\/product\/vasagle-kuutiohylly-3-kaapinovea-valkoinen\/"},"modified":"2026-02-27T09:39:30","modified_gmt":"2026-02-27T09:39:30","slug":"vasagle-kuutiohylly-3-kaapinovea-valkoinen","status":"publish","type":"product","link":"https:\/\/nordicmart.andreevmaster.com\/fi\/tuote\/vasagle-kuutiohylly-3-kaapinovea-valkoinen\/","title":{"rendered":"VASAGLE Kuutiohylly 3 kaapinovea Valkoinen"},"content":{"rendered":"<p>VASAGLE-hylly on olennainen huonekalu toimistoissa, luokkahuoneissa ja perhekodeissa, ja se on suunniteltu tarjoamaan sinulle ansaitsemasi mukavuuden ja kest\u00e4vyyden. Kest\u00e4v\u00e4st\u00e4 lastulevyst\u00e4 ja valkoisesta viilusta valmistettu DVD-hylly on luotettava ja kest\u00e4v\u00e4.   Jokainen hylly toimitetaan sopivilla tarroilla, jotka peitt\u00e4v\u00e4t ruuvit, jotta hylly seisoo turvallisesti ja tyylikk\u00e4\u00e4sti kotonasi. Kaikki reunat on tasoitettu ja sinet\u00f6ity, mik\u00e4 luo yhten\u00e4isen ilmeen, joka sopii toimistoihin, kotistudioihin, lastenhuoneisiin, leikkihuoneisiin, luokkahuoneisiin ja muihin tiloihin.   S\u00e4ilytysmahdollisuudet ovat rajattomat, kun k\u00e4yt\u00e4t VASAGLE-j\u00e4rjestelyhylly\u00e4. \u00c4l\u00e4 ep\u00e4r\u00f6i. Tee riskit\u00f6n ostos jo t\u00e4n\u00e4\u00e4n!  Tuotetiedot: &#8211; V\u00e4ri: valkoinen &#8211; Materiaali: lastulevy, melamiiniviilu &#8211; Mitat: 97,5 x 30 x 97,5 cm (L x S x K) &#8211; Paino: 28 kg &#8211; Kunkin hyllyn kantavuus: 15 kg &#8211; Yl\u00e4kaapin kantavuus: 50 kg  Toimitus sis\u00e4lt\u00e4\u00e4: &#8211; 1 x kirjahylly &#8211; 1 x kiinnitystarvikepussi &#8211; 1 x ohjeet (DE, EN, FR, ES, IT)  VASAGLE Huomautukset: &#8211; Puhdista kostealla, pehme\u00e4ll\u00e4 liinalla ja kuivaa puhtaalla liinalla.<\/p>\n","protected":false},"excerpt":{"rendered":"<p>VASAGLE puinen kirjahylly, s\u00e4ilytyshylly, kotiin tai toimistoon, esittelyhylly, vapaasti seisova DVD-hylly, 3-ovinen kirjahylly, valkoinen LBC33WT<\/p>\n","protected":false},"featured_media":41560,"comment_status":"open","ping_status":"closed","template":"","meta":[],"product_brand":[],"product_cat":[32],"product_tag":[],"class_list":{"0":"post-32561","1":"product","2":"type-product","3":"status-publish","4":"has-post-thumbnail","6":"product_cat-uncategorized-fi","8":"first","9":"instock","10":"shipping-taxable","11":"purchasable","12":"product-type-simple"},"_links":{"self":[{"href":"https:\/\/nordicmart.andreevmaster.com\/fi\/wp-json\/wp\/v2\/product\/32561","targetHints":{"allow":["GET"]}}],"collection":[{"href":"https:\/\/nordicmart.andreevmaster.com\/fi\/wp-json\/wp\/v2\/product"}],"about":[{"href":"https:\/\/nordicmart.andreevmaster.com\/fi\/wp-json\/wp\/v2\/types\/product"}],"replies":[{"embeddable":true,"href":"https:\/\/nordicmart.andreevmaster.com\/fi\/wp-json\/wp\/v2\/comments?post=32561"}],"wp:featuredmedia":[{"embeddable":true,"href":"https:\/\/nordicmart.andreevmaster.com\/fi\/wp-json\/wp\/v2\/media\/41560"}],"wp:attachment":[{"href":"https:\/\/nordicmart.andreevmaster.com\/fi\/wp-json\/wp\/v2\/media?parent=32561"}],"wp:term":[{"taxonomy":"product_brand","embeddable":true,"href":"https:\/\/nordicmart.andreevmaster.com\/fi\/wp-json\/wp\/v2\/product_brand?post=32561"},{"taxonomy":"product_cat","embeddable":true,"href":"https:\/\/nordicmart.andreevmaster.com\/fi\/wp-json\/wp\/v2\/product_cat?post=32561"},{"taxonomy":"product_tag","embeddable":true,"href":"https:\/\/nordicmart.andreevmaster.com\/fi\/wp-json\/wp\/v2\/product_tag?post=32561"}],"curies":[{"name":"wp","href":"https:\/\/api.w.org\/{rel}","templated":true}]}}