{"id":32560,"date":"2026-02-27T00:17:52","date_gmt":"2026-02-27T00:17:52","guid":{"rendered":"https:\/\/nordicmart.andreevmaster.com\/product\/vasagle-baarituoli-terasrungolla\/"},"modified":"2026-02-27T09:39:29","modified_gmt":"2026-02-27T09:39:29","slug":"vasagle-baarituoli-terasrungolla","status":"publish","type":"product","link":"https:\/\/nordicmart.andreevmaster.com\/fi\/tuote\/vasagle-baarituoli-terasrungolla\/","title":{"rendered":"VASAGLE baarituoli ter\u00e4srungolla"},"content":{"rendered":"<p>VASAGLE baarituoli, 2 kpl baarituoleja, keitti\u00f6tuolit tukevalla ter\u00e4srungolla, korkeus 65 cm, py\u00f6re\u00e4, helppo koota, teollinen tyyli, vintage-ruskea-musta LBC32X<br \/>\nV\u00e4ri: vintage-ruskea-klassinen musta<br \/>\nMateriaali: lastulevy, ter\u00e4s<br \/>\nKoko: 32 x 65 cm (\u00d8 x H)<br \/>\nPaino: 5 kg<br \/>\nMaks. staattinen kantavuus: 100 kg<\/p>\n","protected":false},"excerpt":{"rendered":"<p>VASAGLE baarituoli, 2 kpl baarituoleja, keitti\u00f6tuolit tukevalla ter\u00e4srungolla, korkeus 65 cm, py\u00f6re\u00e4, helppo koota, teollinen tyyli, vintage-ruskea-musta LBC32X<\/p>\n","protected":false},"featured_media":41559,"comment_status":"open","ping_status":"closed","template":"","meta":[],"product_brand":[],"product_cat":[32],"product_tag":[],"class_list":{"0":"post-32560","1":"product","2":"type-product","3":"status-publish","4":"has-post-thumbnail","6":"product_cat-uncategorized-fi","8":"first","9":"instock","10":"shipping-taxable","11":"purchasable","12":"product-type-simple"},"_links":{"self":[{"href":"https:\/\/nordicmart.andreevmaster.com\/fi\/wp-json\/wp\/v2\/product\/32560","targetHints":{"allow":["GET"]}}],"collection":[{"href":"https:\/\/nordicmart.andreevmaster.com\/fi\/wp-json\/wp\/v2\/product"}],"about":[{"href":"https:\/\/nordicmart.andreevmaster.com\/fi\/wp-json\/wp\/v2\/types\/product"}],"replies":[{"embeddable":true,"href":"https:\/\/nordicmart.andreevmaster.com\/fi\/wp-json\/wp\/v2\/comments?post=32560"}],"wp:featuredmedia":[{"embeddable":true,"href":"https:\/\/nordicmart.andreevmaster.com\/fi\/wp-json\/wp\/v2\/media\/41559"}],"wp:attachment":[{"href":"https:\/\/nordicmart.andreevmaster.com\/fi\/wp-json\/wp\/v2\/media?parent=32560"}],"wp:term":[{"taxonomy":"product_brand","embeddable":true,"href":"https:\/\/nordicmart.andreevmaster.com\/fi\/wp-json\/wp\/v2\/product_brand?post=32560"},{"taxonomy":"product_cat","embeddable":true,"href":"https:\/\/nordicmart.andreevmaster.com\/fi\/wp-json\/wp\/v2\/product_cat?post=32560"},{"taxonomy":"product_tag","embeddable":true,"href":"https:\/\/nordicmart.andreevmaster.com\/fi\/wp-json\/wp\/v2\/product_tag?post=32560"}],"curies":[{"name":"wp","href":"https:\/\/api.w.org\/{rel}","templated":true}]}}