{"id":32556,"date":"2026-02-27T00:17:52","date_gmt":"2026-02-27T00:17:52","guid":{"rendered":"https:\/\/nordicmart.andreevmaster.com\/product\/vasagle-moderni-kirjahylly-valkoinen-harmaa\/"},"modified":"2026-02-27T09:39:29","modified_gmt":"2026-02-27T09:39:29","slug":"vasagle-moderni-kirjahylly-valkoinen-harmaa","status":"publish","type":"product","link":"https:\/\/nordicmart.andreevmaster.com\/fi\/tuote\/vasagle-moderni-kirjahylly-valkoinen-harmaa\/","title":{"rendered":"VASAGLE Moderni kirjahylly, valkoinen-harmaa"},"content":{"rendered":"<p>Moderni, vieh\u00e4tt\u00e4v\u00e4 ja k\u00e4yt\u00e4nn\u00f6llinenT\u00e4ss\u00e4 kirjahyllyss\u00e4 on 2 avointa ja 4 suljettua lokeroa. Lis\u00e4ksi valkoisen ja harmaan v\u00e4riyhdistelm\u00e4 tekee t\u00e4st\u00e4 hyllyst\u00e4 katseenvangitsijan kotonasi. Hanki t\u00e4m\u00e4 lattialla seisova hylly, joka tarjoaa sinulle paitsi runsaasti s\u00e4ilytystilaa, my\u00f6s persoonallisen lis\u00e4n huoneeseesi.Jos pid\u00e4t t\u00e4st\u00e4 s\u00e4ilytyskaapista, \u00e4l\u00e4 missaa sit\u00e4! Tuotetiedot: &#8211; V\u00e4ri: valkoinen-harmaa &#8211; Materiaali: melamiiniviilutettu lastulevy &#8211; Koko: 65,5 x 30 x 99 cm (P x L x K) &#8211; Paino: 22,9 kg &#8211; Maks. staattinen kantavuus per hylly: 15 kgToimitus sis\u00e4lt\u00e4\u00e4: &#8211; 1 x kirjahylly &#8211; 1 x s\u00e4ilytyslaatikko tarvikkeilla &#8211; 1 x ohjeet (DE, EN, FR, ES, IT)VASAGLE-ohjeet: &#8211; Lapset eiv\u00e4t saa kiivet\u00e4 tuotteen p\u00e4\u00e4lle, vet\u00e4\u00e4 siit\u00e4 tai leikki\u00e4 sill\u00e4. &#8211; Kokoa tuote tarkasti ohjeiden mukaisesti. &#8211; \u00c4l\u00e4 k\u00e4yt\u00e4 tuotetta ulkona tai altista sit\u00e4 sateelle. &#8211; Kiinnit\u00e4 tuote sein\u00e4\u00e4n mukana toimitetulla kaatumissuojalla. &#8211; Nosta p\u00f6yt\u00e4, kun haluat siirt\u00e4\u00e4 sit\u00e4. \u00c4l\u00e4 raahaa sit\u00e4 lattian yli.<\/p>\n","protected":false},"excerpt":{"rendered":"<p>VASAGLE Kirjahylly, 6 lokeroa, lattialla seisova hylly, kirjahylly, 4 ovia, s\u00e4ilytyskaappi, moderni, valkoinen-harmaa LBC28WG<\/p>\n","protected":false},"featured_media":41555,"comment_status":"open","ping_status":"closed","template":"","meta":[],"product_brand":[],"product_cat":[32],"product_tag":[],"class_list":{"0":"post-32556","1":"product","2":"type-product","3":"status-publish","4":"has-post-thumbnail","6":"product_cat-uncategorized-fi","8":"first","9":"instock","10":"shipping-taxable","11":"purchasable","12":"product-type-simple"},"_links":{"self":[{"href":"https:\/\/nordicmart.andreevmaster.com\/fi\/wp-json\/wp\/v2\/product\/32556","targetHints":{"allow":["GET"]}}],"collection":[{"href":"https:\/\/nordicmart.andreevmaster.com\/fi\/wp-json\/wp\/v2\/product"}],"about":[{"href":"https:\/\/nordicmart.andreevmaster.com\/fi\/wp-json\/wp\/v2\/types\/product"}],"replies":[{"embeddable":true,"href":"https:\/\/nordicmart.andreevmaster.com\/fi\/wp-json\/wp\/v2\/comments?post=32556"}],"wp:featuredmedia":[{"embeddable":true,"href":"https:\/\/nordicmart.andreevmaster.com\/fi\/wp-json\/wp\/v2\/media\/41555"}],"wp:attachment":[{"href":"https:\/\/nordicmart.andreevmaster.com\/fi\/wp-json\/wp\/v2\/media?parent=32556"}],"wp:term":[{"taxonomy":"product_brand","embeddable":true,"href":"https:\/\/nordicmart.andreevmaster.com\/fi\/wp-json\/wp\/v2\/product_brand?post=32556"},{"taxonomy":"product_cat","embeddable":true,"href":"https:\/\/nordicmart.andreevmaster.com\/fi\/wp-json\/wp\/v2\/product_cat?post=32556"},{"taxonomy":"product_tag","embeddable":true,"href":"https:\/\/nordicmart.andreevmaster.com\/fi\/wp-json\/wp\/v2\/product_tag?post=32556"}],"curies":[{"name":"wp","href":"https:\/\/api.w.org\/{rel}","templated":true}]}}