{"id":32553,"date":"2026-02-27T00:17:51","date_gmt":"2026-02-27T00:17:51","guid":{"rendered":"https:\/\/nordicmart.andreevmaster.com\/product\/vasagle-ekho-kokoelma-baarituoli\/"},"modified":"2026-02-27T09:39:28","modified_gmt":"2026-02-27T09:39:28","slug":"vasagle-ekho-kokoelma-baarituoli","status":"publish","type":"product","link":"https:\/\/nordicmart.andreevmaster.com\/fi\/tuote\/vasagle-ekho-kokoelma-baarituoli\/","title":{"rendered":"VASAGLE EKHO -kokoelma \u2013 baarituoli"},"content":{"rendered":"<p>VASAGLE EKHO -kokoelma \u2013 baarituolit, 4 kpl, baarituoli, keitti\u00f6tuoli, keinonahka, korkeus 63 cm, keitti\u00f6\u00f6n, ruokasaliin, helppo koota<br \/>\nV\u00e4ri: muste<br \/>\nMateriaali: ter\u00e4s, 58D-muotoiltu vaahtomuovi, PU-keinonahka (polyuretaani), vaneri<br \/>\nKoko per jakkara: 49,5 x 49,5 x 63 cm (S x L x K\uff09<br \/>\nKokonaispaino: 7,3 kg<br \/>\nSuurin staattinen kantavuus per jakkara: 120 kg<\/p>\n","protected":false},"excerpt":{"rendered":"<p>VASAGLE EKHO -kokoelma \u2013 baarituolit, 4 kpl, baarituoli, keitti\u00f6tuoli, keinonahka, korkeus 63 cm, keitti\u00f6\u00f6n, ruokasaliin, helppo koota<\/p>\n","protected":false},"featured_media":41552,"comment_status":"open","ping_status":"closed","template":"","meta":[],"product_brand":[],"product_cat":[32],"product_tag":[],"class_list":{"0":"post-32553","1":"product","2":"type-product","3":"status-publish","4":"has-post-thumbnail","6":"product_cat-uncategorized-fi","8":"first","9":"instock","10":"shipping-taxable","11":"purchasable","12":"product-type-simple"},"_links":{"self":[{"href":"https:\/\/nordicmart.andreevmaster.com\/fi\/wp-json\/wp\/v2\/product\/32553","targetHints":{"allow":["GET"]}}],"collection":[{"href":"https:\/\/nordicmart.andreevmaster.com\/fi\/wp-json\/wp\/v2\/product"}],"about":[{"href":"https:\/\/nordicmart.andreevmaster.com\/fi\/wp-json\/wp\/v2\/types\/product"}],"replies":[{"embeddable":true,"href":"https:\/\/nordicmart.andreevmaster.com\/fi\/wp-json\/wp\/v2\/comments?post=32553"}],"wp:featuredmedia":[{"embeddable":true,"href":"https:\/\/nordicmart.andreevmaster.com\/fi\/wp-json\/wp\/v2\/media\/41552"}],"wp:attachment":[{"href":"https:\/\/nordicmart.andreevmaster.com\/fi\/wp-json\/wp\/v2\/media?parent=32553"}],"wp:term":[{"taxonomy":"product_brand","embeddable":true,"href":"https:\/\/nordicmart.andreevmaster.com\/fi\/wp-json\/wp\/v2\/product_brand?post=32553"},{"taxonomy":"product_cat","embeddable":true,"href":"https:\/\/nordicmart.andreevmaster.com\/fi\/wp-json\/wp\/v2\/product_cat?post=32553"},{"taxonomy":"product_tag","embeddable":true,"href":"https:\/\/nordicmart.andreevmaster.com\/fi\/wp-json\/wp\/v2\/product_tag?post=32553"}],"curies":[{"name":"wp","href":"https:\/\/api.w.org\/{rel}","templated":true}]}}