{"id":32552,"date":"2026-02-27T00:17:51","date_gmt":"2026-02-27T00:17:51","guid":{"rendered":"https:\/\/nordicmart.andreevmaster.com\/product\/vasagle-yksinkertainen-kirjahylly-7-lokeroa-valkoinen\/"},"modified":"2026-02-27T09:39:28","modified_gmt":"2026-02-27T09:39:28","slug":"vasagle-yksinkertainen-kirjahylly-7-lokeroa-valkoinen","status":"publish","type":"product","link":"https:\/\/nordicmart.andreevmaster.com\/fi\/tuote\/vasagle-yksinkertainen-kirjahylly-7-lokeroa-valkoinen\/","title":{"rendered":"VASAGLE Yksinkertainen kirjahylly 7 lokeroa Valkoinen"},"content":{"rendered":"<p>T\u00e4m\u00e4n kirjahyllyn kohokohdat: &#8211; Suorat linjat, suorat kulmat ja yksinkertainen valkoinen v\u00e4ri; n\u00e4m\u00e4 elementit antavat kodillesi ainutlaatuisen ilmeen &#8211; 3 isoa ja 4 pient\u00e4 hylly\u00e4; erilaiset esineet, olivatpa ne suuria tai pieni\u00e4, mahtuvat t\u00e4h\u00e4n hyllyyn &#8211; Hyllyjen suurin staattinen kantavuus on 10 kg &#8211; L-muotoinen rautainen kaatumissuoja lis\u00e4\u00e4 vakautta &#8211; Selke\u00e4t ohjeet ja numeroidut osat helpottavat hyllyn kokoamista &#8211; Mukana toimitetut jalat suojaavat lattiaasi naarmuilta  Tuotetiedot: &#8211; V\u00e4ri: valkoinen &#8211; Materiaali: lastulevy &#8211; Koko: 50 x 24 x 106 cm (P x L x K) &#8211; Paino: 16,4 kg &#8211; Hyllyn enimm\u00e4iskantavuus: 40 kg &#8211; Hyllyn enimm\u00e4iskantavuus: 10 kg Pakkaus sis\u00e4lt\u00e4\u00e4: &#8211; 1 x kirjahylly &#8211; 1 x lis\u00e4varustepussi &#8211; 1 x ohjeet (DE, EN, FR, ES, IT) VASAGLE Huomautukset:- Kiinnit\u00e4 t\u00e4m\u00e4 tuote sein\u00e4\u00e4n mukana toimitetulla kaatumissuojalla turvallisen k\u00e4yt\u00f6n varmistamiseksi. &#8211; Suosittelemme asentamaan tuotteen pakkauksessa k\u00e4ytetylle EPE-vaahtomuoville iskujen ja naarmujen v\u00e4ltt\u00e4miseksi.<\/p>\n","protected":false},"excerpt":{"rendered":"<p>VASAGLE Kirjahylly, 7 lokeroa, kuutiohylly, avoin hylly, olohuoneeseen, ty\u00f6huoneeseen, toimistoon, 50 x 24 x 106 cm (P x L x K), tammiv\u00e4rinen LBC27NL<\/p>\n","protected":false},"featured_media":41551,"comment_status":"open","ping_status":"closed","template":"","meta":[],"product_brand":[],"product_cat":[32],"product_tag":[],"class_list":{"0":"post-32552","1":"product","2":"type-product","3":"status-publish","4":"has-post-thumbnail","6":"product_cat-uncategorized-fi","8":"first","9":"instock","10":"shipping-taxable","11":"purchasable","12":"product-type-simple"},"_links":{"self":[{"href":"https:\/\/nordicmart.andreevmaster.com\/fi\/wp-json\/wp\/v2\/product\/32552","targetHints":{"allow":["GET"]}}],"collection":[{"href":"https:\/\/nordicmart.andreevmaster.com\/fi\/wp-json\/wp\/v2\/product"}],"about":[{"href":"https:\/\/nordicmart.andreevmaster.com\/fi\/wp-json\/wp\/v2\/types\/product"}],"replies":[{"embeddable":true,"href":"https:\/\/nordicmart.andreevmaster.com\/fi\/wp-json\/wp\/v2\/comments?post=32552"}],"wp:featuredmedia":[{"embeddable":true,"href":"https:\/\/nordicmart.andreevmaster.com\/fi\/wp-json\/wp\/v2\/media\/41551"}],"wp:attachment":[{"href":"https:\/\/nordicmart.andreevmaster.com\/fi\/wp-json\/wp\/v2\/media?parent=32552"}],"wp:term":[{"taxonomy":"product_brand","embeddable":true,"href":"https:\/\/nordicmart.andreevmaster.com\/fi\/wp-json\/wp\/v2\/product_brand?post=32552"},{"taxonomy":"product_cat","embeddable":true,"href":"https:\/\/nordicmart.andreevmaster.com\/fi\/wp-json\/wp\/v2\/product_cat?post=32552"},{"taxonomy":"product_tag","embeddable":true,"href":"https:\/\/nordicmart.andreevmaster.com\/fi\/wp-json\/wp\/v2\/product_tag?post=32552"}],"curies":[{"name":"wp","href":"https:\/\/api.w.org\/{rel}","templated":true}]}}