{"id":32549,"date":"2026-02-27T00:17:50","date_gmt":"2026-02-27T00:17:50","guid":{"rendered":"https:\/\/nordicmart.andreevmaster.com\/product\/vasagle-kirjahylly-5-hyllya-valkoinen\/"},"modified":"2026-02-27T09:39:27","modified_gmt":"2026-02-27T09:39:27","slug":"vasagle-kirjahylly-5-hyllya-valkoinen","status":"publish","type":"product","link":"https:\/\/nordicmart.andreevmaster.com\/fi\/tuote\/vasagle-kirjahylly-5-hyllya-valkoinen\/","title":{"rendered":"VASAGLE kirjahylly, 5 hylly\u00e4, valkoinen"},"content":{"rendered":"<p>Anna suosikkikirjoillesi vihdoin sopiva paikka asunnossasi! Kirjahyllymme on t\u00e4ydellinen lis\u00e4 sisustustyyliisi. Olipa tyylisi maalaismainen, vintage, teollinen tai shabby chic, sein\u00e4hyllymme sopii jokaiseen asuntotyyliin sen yksinkertaisen ja modernin muotoilun ansiosta. Aseta hylly lastenhuoneeseen, jotta voit s\u00e4ilytt\u00e4\u00e4 lastesi koulukirjoja. Aseta se olohuoneeseen lukutuolin viereen. Tai rakenna kirjahylly makuuhuoneeseesi. Se sopii erinomaisesti my\u00f6s televisiokaapiksi. Pystyteline on helppo koota mukana tulevien monikielisten asennusohjeiden avulla, vaikka olisitkin k\u00e4det\u00f6n. Lis\u00e4ksi kaikki osat on numeroitu, joten l\u00f6yd\u00e4t ne nopeasti. Asennuksen helpottamiseksi olemme tehneet sivupaneeleihin urat takasein\u00e4\u00e4 varten. Takasein\u00e4 voidaan nyt helposti ty\u00f6nt\u00e4\u00e4 paikalleen ja kiinnitt\u00e4\u00e4 liitoksilla. T\u00e4m\u00e4 lis\u00e4\u00e4 my\u00f6s vakautta huomattavasti. Mukana toimitetaan my\u00f6s vararuuvi tulevaa tarvetta varten. Lis\u00e4ksi olemme varustaneet kirjahyllymme kaatumissuojalla, joka lis\u00e4\u00e4 turvallisuutta. Mukana on my\u00f6s jalkaliukukappaleet, jotka suojaavat lattiaasi naarmuilta ja vaurioilta. \u00c4l\u00e4 ep\u00e4r\u00f6i, vaan tee ostop\u00e4\u00e4t\u00f6s jo t\u00e4n\u00e4\u00e4n. Osta monik\u00e4ytt\u00f6inen hyllymme, jotta voit nauttia mukavista lukutuokioista ty\u00f6p\u00e4iv\u00e4n j\u00e4lkeen. Tuotetiedot: &#8211; V\u00e4ri: valkoinen &#8211; Materiaali: lastulevy &#8211; Maks. kantavuus per hylly: 8 kg &#8211; Mitat: 50 x 80 x 24 cm (L x K x S) &#8211; Paino: 10,5 kg Toimitus sis\u00e4lt\u00e4\u00e4: &#8211; 1 x kirjahylly &#8211; 1 x ohjeet (DE, EN, FR, IT, ES) &#8211; 1 x lis\u00e4varustepussi<\/p>\n","protected":false},"excerpt":{"rendered":"<p>VASAGLE 5-osastoinen kirjahylly, kirjahylly, esittelyhylly, 50 x 80 x 24 cm (L x K x S), valkoinen LBC25WT<\/p>\n","protected":false},"featured_media":41548,"comment_status":"open","ping_status":"closed","template":"","meta":[],"product_brand":[],"product_cat":[32],"product_tag":[],"class_list":{"0":"post-32549","1":"product","2":"type-product","3":"status-publish","4":"has-post-thumbnail","6":"product_cat-uncategorized-fi","8":"first","9":"instock","10":"shipping-taxable","11":"purchasable","12":"product-type-simple"},"_links":{"self":[{"href":"https:\/\/nordicmart.andreevmaster.com\/fi\/wp-json\/wp\/v2\/product\/32549","targetHints":{"allow":["GET"]}}],"collection":[{"href":"https:\/\/nordicmart.andreevmaster.com\/fi\/wp-json\/wp\/v2\/product"}],"about":[{"href":"https:\/\/nordicmart.andreevmaster.com\/fi\/wp-json\/wp\/v2\/types\/product"}],"replies":[{"embeddable":true,"href":"https:\/\/nordicmart.andreevmaster.com\/fi\/wp-json\/wp\/v2\/comments?post=32549"}],"wp:featuredmedia":[{"embeddable":true,"href":"https:\/\/nordicmart.andreevmaster.com\/fi\/wp-json\/wp\/v2\/media\/41548"}],"wp:attachment":[{"href":"https:\/\/nordicmart.andreevmaster.com\/fi\/wp-json\/wp\/v2\/media?parent=32549"}],"wp:term":[{"taxonomy":"product_brand","embeddable":true,"href":"https:\/\/nordicmart.andreevmaster.com\/fi\/wp-json\/wp\/v2\/product_brand?post=32549"},{"taxonomy":"product_cat","embeddable":true,"href":"https:\/\/nordicmart.andreevmaster.com\/fi\/wp-json\/wp\/v2\/product_cat?post=32549"},{"taxonomy":"product_tag","embeddable":true,"href":"https:\/\/nordicmart.andreevmaster.com\/fi\/wp-json\/wp\/v2\/product_tag?post=32549"}],"curies":[{"name":"wp","href":"https:\/\/api.w.org\/{rel}","templated":true}]}}