{"id":32546,"date":"2026-02-27T00:17:49","date_gmt":"2026-02-27T00:17:49","guid":{"rendered":"https:\/\/nordicmart.andreevmaster.com\/product\/vasagle-yksinkertainen-hylly-8-lokerolla-puunvarinen\/"},"modified":"2026-02-27T09:39:27","modified_gmt":"2026-02-27T09:39:27","slug":"vasagle-yksinkertainen-hylly-8-lokerolla-puunvarinen","status":"publish","type":"product","link":"https:\/\/nordicmart.andreevmaster.com\/fi\/tuote\/vasagle-yksinkertainen-hylly-8-lokerolla-puunvarinen\/","title":{"rendered":"VASAGLE Yksinkertainen hylly 8 lokerolla, puunv\u00e4rinen"},"content":{"rendered":"<p>Anna kirjakokoelmallesi sopiva paikka kotonasi! Kirjahyllymme sopii t\u00e4ydellisesti sisustustyyliisi, ja sen tammiv\u00e4ri luo luonnollisen tunnelman. Riippumatta siit\u00e4, mik\u00e4 on kotisi sisustustyyli, maalaismainen, vintage, teollinen tai shabby chic, yksinkertainen ja moderni vapaasti seisova hylly t\u00e4ydent\u00e4\u00e4 tyyli\u00e4si. Sijoita t\u00e4m\u00e4 kirjahylly lastenhuoneeseen lastenkirjoille tai olohuoneeseen lukutuolin viereen tai yksinkertaisesti makuuhuoneeseesi. Se sopii erinomaisesti my\u00f6s televisiotelineeksi. Mukana toimitettujen yksityiskohtaisten, monikielisten asennusohjeiden ansiosta hylly on helppo koota my\u00f6s aloittelijalle. Lis\u00e4ksi kaikki osat on numeroitu, joten l\u00f6yd\u00e4t nopeasti tarvitsemasi osat. Sivulevyiss\u00e4 on urat, joten takasein\u00e4n asettaminen paikalleen on helppoa. Takasein\u00e4\u00e4n voidaan kiinnitt\u00e4\u00e4 kiinnikkeit\u00e4 lis\u00e4\u00e4m\u00e4\u00e4n vakautta. Mukana toimitetaan my\u00f6s vararuuvi. Lis\u00e4ksi kirjahyllyss\u00e4mme on kaatumisenestolaitteet turvallisuuden lis\u00e4\u00e4miseksi. Hyllylevyn alustat suojaavat lattiaasi naarmuilta ja vaurioilta. \u00c4l\u00e4 mieti liian kauan, vaan osta hyllysi jo t\u00e4n\u00e4\u00e4n, jotta voit lukea mukavammin t\u00f6iden j\u00e4lkeen. Tuotetiedot: &#8211; V\u00e4ri: tammenv\u00e4rinen &#8211; Materiaali: lastulevy, melamiiniviilu &#8211; Mitat: 65,5 x 30 x 129,5 cm (L x S x K) &#8211; Paino: 22,5 kg &#8211; Kunkin hyllyn kantavuus: 15 kg &#8211; Yl\u00e4kaapin kantavuus: 40 kg Toimitus sis\u00e4lt\u00e4\u00e4: &#8211; 1 x kirjahylly &#8211; 1 x kiinnitystarvikepussi &#8211; 1 x ohjeet (DE, EN, FR, ES, IT) VASAGLE Huomautukset: &#8211; Puhdista kostealla, pehme\u00e4ll\u00e4 liinalla ja kuivaa puhtaalla liinalla. &#8211; DINA 4 -kirjat\/kansiot eiv\u00e4t mahdu hyllyyn.<\/p>\n","protected":false},"excerpt":{"rendered":"<p>VASAGLE hylly 8 lokerolla, puinen kirjahylly, koristehylly, vapaasti seisova kaappi, toimistoon, kotiin, valkoinen LBC24WT<\/p>\n","protected":false},"featured_media":0,"comment_status":"open","ping_status":"closed","template":"","meta":[],"product_brand":[],"product_cat":[32],"product_tag":[],"class_list":{"0":"post-32546","1":"product","2":"type-product","3":"status-publish","5":"product_cat-uncategorized-fi","7":"first","8":"instock","9":"shipping-taxable","10":"purchasable","11":"product-type-simple"},"_links":{"self":[{"href":"https:\/\/nordicmart.andreevmaster.com\/fi\/wp-json\/wp\/v2\/product\/32546","targetHints":{"allow":["GET"]}}],"collection":[{"href":"https:\/\/nordicmart.andreevmaster.com\/fi\/wp-json\/wp\/v2\/product"}],"about":[{"href":"https:\/\/nordicmart.andreevmaster.com\/fi\/wp-json\/wp\/v2\/types\/product"}],"replies":[{"embeddable":true,"href":"https:\/\/nordicmart.andreevmaster.com\/fi\/wp-json\/wp\/v2\/comments?post=32546"}],"wp:attachment":[{"href":"https:\/\/nordicmart.andreevmaster.com\/fi\/wp-json\/wp\/v2\/media?parent=32546"}],"wp:term":[{"taxonomy":"product_brand","embeddable":true,"href":"https:\/\/nordicmart.andreevmaster.com\/fi\/wp-json\/wp\/v2\/product_brand?post=32546"},{"taxonomy":"product_cat","embeddable":true,"href":"https:\/\/nordicmart.andreevmaster.com\/fi\/wp-json\/wp\/v2\/product_cat?post=32546"},{"taxonomy":"product_tag","embeddable":true,"href":"https:\/\/nordicmart.andreevmaster.com\/fi\/wp-json\/wp\/v2\/product_tag?post=32546"}],"curies":[{"name":"wp","href":"https:\/\/api.w.org\/{rel}","templated":true}]}}