{"id":32544,"date":"2026-02-27T00:17:49","date_gmt":"2026-02-27T00:17:49","guid":{"rendered":"https:\/\/nordicmart.andreevmaster.com\/product\/vasagle-leijuva-kulmahylly-valkoinen\/"},"modified":"2026-02-27T09:39:26","modified_gmt":"2026-02-27T09:39:26","slug":"vasagle-leijuva-kulmahylly-valkoinen","status":"publish","type":"product","link":"https:\/\/nordicmart.andreevmaster.com\/fi\/tuote\/vasagle-leijuva-kulmahylly-valkoinen\/","title":{"rendered":"VASAGLE Leijuva kulmahylly, valkoinen"},"content":{"rendered":"<p>V\u00e4ltt\u00e4m\u00e4t\u00f6n lis\u00e4 kotiisi T\u00e4m\u00e4 tyylik\u00e4s ja k\u00e4yt\u00e4nn\u00f6llinen kirjahylly VASAGLE:lta tarjoaa runsaasti tilaa koriste- ja taloustavaroille ja sopii samalla upeasti kodin sisustukseen. Ainutlaatuinen ulkon\u00e4k\u00f6 Taiteellinen muoto ja py\u00f6ristetyt kulmat ovat t\u00e4m\u00e4n kulmahyllyn katseenvangitsijat. Kaikki reunat on lis\u00e4ksi tiivistetty. Toimitamme mukana tarroja, joilla voit peitt\u00e4\u00e4 kaikki ruuvit.  T\u00e4yt\u00e4 kaikki tarpeesi K\u00e4yt\u00e4 t\u00e4t\u00e4 hylly\u00e4 lelujen tai kirjojen s\u00e4ilytt\u00e4miseen lastenhuoneessa, aseta se olohuoneen lukutuolin viereen tai k\u00e4yt\u00e4 sit\u00e4 makuuhuoneessa asusteiden s\u00e4ilytt\u00e4miseen. Tuotetiedot: &#8211; V\u00e4ri: valkoinen &#8211; Materiaali: melamiinipinnoitettu lastulevy &#8211; Tuotteen mitat: 20 x 127,5 x 20 cm (L x K x S) &#8211; Paino: 4,5 kg &#8211; Maks. kantavuus hylly\u00e4 kohti: 15 kg Toimitus sis\u00e4lt\u00e4\u00e4: &#8211; 1 x kirjahylly &#8211; 1 x kiinnityspussi &#8211; 1 x ohjeet (DE, EN, FR, ES, IT) VASAGLE Huomautukset: &#8211; Puhdista t\u00e4m\u00e4 kirjahylly kostealla liinalla ja pyyhi se sitten kuivaksi.<\/p>\n","protected":false},"excerpt":{"rendered":"<p>VASAGLE kulmahylly, 5 tasoa, sein\u00e4hylly, kirjahylly, siksak-muotoilu, 20 x 20 x 127,5 cm, valkoinen LBC20WT<\/p>\n","protected":false},"featured_media":41544,"comment_status":"open","ping_status":"closed","template":"","meta":[],"product_brand":[],"product_cat":[32],"product_tag":[],"class_list":{"0":"post-32544","1":"product","2":"type-product","3":"status-publish","4":"has-post-thumbnail","6":"product_cat-uncategorized-fi","8":"first","9":"instock","10":"shipping-taxable","11":"purchasable","12":"product-type-simple"},"_links":{"self":[{"href":"https:\/\/nordicmart.andreevmaster.com\/fi\/wp-json\/wp\/v2\/product\/32544","targetHints":{"allow":["GET"]}}],"collection":[{"href":"https:\/\/nordicmart.andreevmaster.com\/fi\/wp-json\/wp\/v2\/product"}],"about":[{"href":"https:\/\/nordicmart.andreevmaster.com\/fi\/wp-json\/wp\/v2\/types\/product"}],"replies":[{"embeddable":true,"href":"https:\/\/nordicmart.andreevmaster.com\/fi\/wp-json\/wp\/v2\/comments?post=32544"}],"wp:featuredmedia":[{"embeddable":true,"href":"https:\/\/nordicmart.andreevmaster.com\/fi\/wp-json\/wp\/v2\/media\/41544"}],"wp:attachment":[{"href":"https:\/\/nordicmart.andreevmaster.com\/fi\/wp-json\/wp\/v2\/media?parent=32544"}],"wp:term":[{"taxonomy":"product_brand","embeddable":true,"href":"https:\/\/nordicmart.andreevmaster.com\/fi\/wp-json\/wp\/v2\/product_brand?post=32544"},{"taxonomy":"product_cat","embeddable":true,"href":"https:\/\/nordicmart.andreevmaster.com\/fi\/wp-json\/wp\/v2\/product_cat?post=32544"},{"taxonomy":"product_tag","embeddable":true,"href":"https:\/\/nordicmart.andreevmaster.com\/fi\/wp-json\/wp\/v2\/product_tag?post=32544"}],"curies":[{"name":"wp","href":"https:\/\/api.w.org\/{rel}","templated":true}]}}