{"id":32542,"date":"2026-02-27T00:17:48","date_gmt":"2026-02-27T00:17:48","guid":{"rendered":"https:\/\/nordicmart.andreevmaster.com\/product\/vasagle-kelluva-kulmahylly-puunvarinen\/"},"modified":"2026-02-27T09:39:26","modified_gmt":"2026-02-27T09:39:26","slug":"vasagle-kelluva-kulmahylly-puunvarinen","status":"publish","type":"product","link":"https:\/\/nordicmart.andreevmaster.com\/fi\/tuote\/vasagle-kelluva-kulmahylly-puunvarinen\/","title":{"rendered":"VASAGLE Kelluva kulmahylly puunv\u00e4rinen"},"content":{"rendered":"<p>Pakollinen hankinta kotiisi Tyylik\u00e4s ja k\u00e4yt\u00e4nn\u00f6llinen VASAGLE-kirjahylly tarjoaa runsaasti tilaa koriste-esineille ja taloustavaroille ja sopii upeasti kodin sisustukseen.   Elegantti ja ainutlaatuinen ulkon\u00e4k\u00f6 Taiteellinen ja py\u00f6ristetty muoto on t\u00e4m\u00e4n kulmahyllyn katseenvangitsija. Kaikki reunat on sinet\u00f6ity, sile\u00e4t kosketukseen ja filigraaniset ulkon\u00e4\u00f6lt\u00e4\u00e4n; jokainen ruuvi toimitetaan tarran kanssa, jotta se voidaan peitt\u00e4\u00e4.  Tyydyt\u00e4 kaikki s\u00e4ilytystilan tarpeesi K\u00e4yt\u00e4 kirjahylly\u00e4 lelujen tai kirjojen s\u00e4ilytykseen lastenhuoneessa; aseta se olohuoneen lukutuolin viereen tai k\u00e4yt\u00e4 sit\u00e4 makuuhuoneessa asusteiden s\u00e4ilytykseen.  Tuotetiedot: &#8211; V\u00e4ri: tummanruskea\/vintage &#8211; Materiaali: melamiiniviilutettu lastulevy &#8211; Koko: 20 x 20 x 127,5 cm (P x L x K) &#8211; Paino: 4,5 kg &#8211; Kunkin hyllyn kantavuus: 15 kg  Toimitus sis\u00e4lt\u00e4\u00e4: &#8211; 1 x kirjahylly &#8211; 1 x lis\u00e4varustepussi &#8211; 1 x ohjeet (DE, EN, FR, ES, IT)  VASAGLE-ohjeet: &#8211; Puhdista kirjahylly kostealla liinalla ja kuivaa se sitten.<\/p>\n","protected":false},"excerpt":{"rendered":"<p>VASAGLE kulmahylly, 5 tasoa, sein\u00e4hylly, kirjahylly, siksak-muotoilu, 20 x 20 x 127,5 cm, valkoinen LBC20WT<\/p>\n","protected":false},"featured_media":41542,"comment_status":"open","ping_status":"closed","template":"","meta":[],"product_brand":[],"product_cat":[32],"product_tag":[],"class_list":{"0":"post-32542","1":"product","2":"type-product","3":"status-publish","4":"has-post-thumbnail","6":"product_cat-uncategorized-fi","8":"first","9":"instock","10":"shipping-taxable","11":"purchasable","12":"product-type-simple"},"_links":{"self":[{"href":"https:\/\/nordicmart.andreevmaster.com\/fi\/wp-json\/wp\/v2\/product\/32542","targetHints":{"allow":["GET"]}}],"collection":[{"href":"https:\/\/nordicmart.andreevmaster.com\/fi\/wp-json\/wp\/v2\/product"}],"about":[{"href":"https:\/\/nordicmart.andreevmaster.com\/fi\/wp-json\/wp\/v2\/types\/product"}],"replies":[{"embeddable":true,"href":"https:\/\/nordicmart.andreevmaster.com\/fi\/wp-json\/wp\/v2\/comments?post=32542"}],"wp:featuredmedia":[{"embeddable":true,"href":"https:\/\/nordicmart.andreevmaster.com\/fi\/wp-json\/wp\/v2\/media\/41542"}],"wp:attachment":[{"href":"https:\/\/nordicmart.andreevmaster.com\/fi\/wp-json\/wp\/v2\/media?parent=32542"}],"wp:term":[{"taxonomy":"product_brand","embeddable":true,"href":"https:\/\/nordicmart.andreevmaster.com\/fi\/wp-json\/wp\/v2\/product_brand?post=32542"},{"taxonomy":"product_cat","embeddable":true,"href":"https:\/\/nordicmart.andreevmaster.com\/fi\/wp-json\/wp\/v2\/product_cat?post=32542"},{"taxonomy":"product_tag","embeddable":true,"href":"https:\/\/nordicmart.andreevmaster.com\/fi\/wp-json\/wp\/v2\/product_tag?post=32542"}],"curies":[{"name":"wp","href":"https:\/\/api.w.org\/{rel}","templated":true}]}}