{"id":32541,"date":"2026-02-27T00:17:48","date_gmt":"2026-02-27T00:17:48","guid":{"rendered":"https:\/\/nordicmart.andreevmaster.com\/product\/vasagle-5-tasoinen-seinahylly\/"},"modified":"2026-02-27T09:39:25","modified_gmt":"2026-02-27T09:39:25","slug":"vasagle-5-tasoinen-seinahylly","status":"publish","type":"product","link":"https:\/\/nordicmart.andreevmaster.com\/fi\/tuote\/vasagle-5-tasoinen-seinahylly\/","title":{"rendered":"VASAGLE 5-tasoinen sein\u00e4hylly"},"content":{"rendered":"<p>Tyylik\u00e4s ja k\u00e4yt\u00e4nn\u00f6llinen T\u00e4m\u00e4 kulmahylly tarjoaa runsaasti tilaa koriste-esineille, taloustavaroille ja kirjoille ja sopii erinomaisesti kodin sisustukseen.  Ainutlaatuinen ulkon\u00e4k\u00f6 Taiteellinen muoto on t\u00e4m\u00e4n kulmahyllyn erityispiirre. Kaikki reunat on lis\u00e4ksi tiivistetty, jotta ne ovat kauniisti sile\u00e4t eiv\u00e4tk\u00e4 halkeile. Kaikki ruuvit voidaan peitt\u00e4\u00e4 mukana toimitetuilla tarroilla, jotta ne eiv\u00e4t h\u00e4iritse hyllyn ainutlaatuista ulkon\u00e4k\u00f6\u00e4.  Paljon s\u00e4ilytystilaa K\u00e4yt\u00e4 kirjahylly\u00e4 lelujen tai kirjojen s\u00e4ilytt\u00e4miseen lastenhuoneessa, ripusta se olohuoneen lukutuolin viereen tai k\u00e4yt\u00e4 sit\u00e4 makuuhuoneessa asusteiden s\u00e4ilytt\u00e4miseen. Tuotetiedot: &#8211; V\u00e4ri: musta &#8211; Materiaali: lastulevy &#8211; Tuotteen mitat: 20 x 20 x 127,5 cm (P x L x K) &#8211; Paino: 4,5 kg &#8211; Maks. staattinen kantavuus hylly\u00e4 kohti: 15 kg Toimitus sis\u00e4lt\u00e4\u00e4:- 1 x kirjahylly &#8211; 1 x lis\u00e4varustepaketti &#8211; 1 x ohjeet (DE, EN, FR, ES, IT) VASAGLE-ohjeet: &#8211; Puhdista kirjahylly kostealla liinalla ja kuivaa se sitten.<\/p>\n","protected":false},"excerpt":{"rendered":"<p>VASAGLE kulmahylly, 5 tasoa, sein\u00e4hylly, kirjahylly, siksak-muotoilu, 20 x 20 x 127,5 cm, valkoinen LBC20WT<\/p>\n","protected":false},"featured_media":41541,"comment_status":"open","ping_status":"closed","template":"","meta":[],"product_brand":[],"product_cat":[32],"product_tag":[],"class_list":{"0":"post-32541","1":"product","2":"type-product","3":"status-publish","4":"has-post-thumbnail","6":"product_cat-uncategorized-fi","8":"first","9":"instock","10":"shipping-taxable","11":"purchasable","12":"product-type-simple"},"_links":{"self":[{"href":"https:\/\/nordicmart.andreevmaster.com\/fi\/wp-json\/wp\/v2\/product\/32541","targetHints":{"allow":["GET"]}}],"collection":[{"href":"https:\/\/nordicmart.andreevmaster.com\/fi\/wp-json\/wp\/v2\/product"}],"about":[{"href":"https:\/\/nordicmart.andreevmaster.com\/fi\/wp-json\/wp\/v2\/types\/product"}],"replies":[{"embeddable":true,"href":"https:\/\/nordicmart.andreevmaster.com\/fi\/wp-json\/wp\/v2\/comments?post=32541"}],"wp:featuredmedia":[{"embeddable":true,"href":"https:\/\/nordicmart.andreevmaster.com\/fi\/wp-json\/wp\/v2\/media\/41541"}],"wp:attachment":[{"href":"https:\/\/nordicmart.andreevmaster.com\/fi\/wp-json\/wp\/v2\/media?parent=32541"}],"wp:term":[{"taxonomy":"product_brand","embeddable":true,"href":"https:\/\/nordicmart.andreevmaster.com\/fi\/wp-json\/wp\/v2\/product_brand?post=32541"},{"taxonomy":"product_cat","embeddable":true,"href":"https:\/\/nordicmart.andreevmaster.com\/fi\/wp-json\/wp\/v2\/product_cat?post=32541"},{"taxonomy":"product_tag","embeddable":true,"href":"https:\/\/nordicmart.andreevmaster.com\/fi\/wp-json\/wp\/v2\/product_tag?post=32541"}],"curies":[{"name":"wp","href":"https:\/\/api.w.org\/{rel}","templated":true}]}}