{"id":32540,"date":"2026-02-27T00:17:47","date_gmt":"2026-02-27T00:17:47","guid":{"rendered":"https:\/\/nordicmart.andreevmaster.com\/product\/vasagle-kirjahylly-6-lokeroa-puunvarinen\/"},"modified":"2026-02-27T09:39:25","modified_gmt":"2026-02-27T09:39:25","slug":"vasagle-kirjahylly-6-lokeroa-puunvarinen","status":"publish","type":"product","link":"https:\/\/nordicmart.andreevmaster.com\/fi\/tuote\/vasagle-kirjahylly-6-lokeroa-puunvarinen\/","title":{"rendered":"VASAGLE-kirjahylly, 6 lokeroa, puunv\u00e4rinen"},"content":{"rendered":"<p>Etsitk\u00f6 s\u00e4ilytystilaa kirjoille tai pienille esineille? Silloin VASAGLE-monik\u00e4ytt\u00f6inen hylly 6 lokerolla on ihanteellinen valinta sinulle! Se voidaan asettaa pysty- tai vaakasuoraan. Se sopii t\u00e4ydellisesti olohuoneeseen, esimerkiksi puhelimen alle. Ihanteellinen my\u00f6s CD- tai DVD-levyjen s\u00e4ilytykseen tai yksinkertaisesti koristehyllyksi. Hyllyn voi muuttaa nukkekodiksi. Todellinen koriste olohuoneeseen. VASAGLE on aina asiakasl\u00e4ht\u00f6inen ja sitoutunut tarjoamaan korkealaatuisia tuotteita, joilla on hyv\u00e4 hinta-laatusuhde. Meill\u00e4 on erinomainen asiakaspalvelu, ja teemme kaikkemme ratkaistaksemme ongelmasi. VASAGLE-hyllyll\u00e4 saatte vuosien ilon ostoksestanne. Toimitus sis\u00e4lt\u00e4\u00e4: &#8211; 1 x hylly 6 lokerolla &#8211; 1 x ohjeet &#8211; 1 x kiinnitystarvikepussi Tuotetiedot: &#8211; Mitat: 65,5 x 97,5 x 30 cm (L x K x S) &#8211; Hyllykorkeus: 28,5 cm &#8211; Materiaali: lastulevy (PB) + melamiinipinnoite &#8211; V\u00e4ri: vaalea tammi &#8211; Pakkauksen mitat: 105,5 x 38 x 12,5 cm &#8211; Bruttopaino: 20,5 kg Huomautukset: &#8211; T\u00e4m\u00e4 on puutuote, joten suojaa se kosteudelta ja pid\u00e4 se kuivana. Liian suuri kosteus voi aiheuttaa hyllyn homehtumisen ja vaurioitumisen. -DINA 4 -kirjat\/kansiot eiv\u00e4t mahdu hyllyyn.<\/p>\n","protected":false},"excerpt":{"rendered":"<p>VASAGLE Kirjahylly 6 hyllyll\u00e4, puinen hylly, eteishylly, s\u00e4ilytyshylly, 65,5 x 97,5 x 30 cm (L x K x S), tammimainen ulkon\u00e4k\u00f6 LBC203H<\/p>\n","protected":false},"featured_media":41540,"comment_status":"open","ping_status":"closed","template":"","meta":[],"product_brand":[],"product_cat":[32],"product_tag":[],"class_list":{"0":"post-32540","1":"product","2":"type-product","3":"status-publish","4":"has-post-thumbnail","6":"product_cat-uncategorized-fi","8":"first","9":"instock","10":"shipping-taxable","11":"purchasable","12":"product-type-simple"},"_links":{"self":[{"href":"https:\/\/nordicmart.andreevmaster.com\/fi\/wp-json\/wp\/v2\/product\/32540","targetHints":{"allow":["GET"]}}],"collection":[{"href":"https:\/\/nordicmart.andreevmaster.com\/fi\/wp-json\/wp\/v2\/product"}],"about":[{"href":"https:\/\/nordicmart.andreevmaster.com\/fi\/wp-json\/wp\/v2\/types\/product"}],"replies":[{"embeddable":true,"href":"https:\/\/nordicmart.andreevmaster.com\/fi\/wp-json\/wp\/v2\/comments?post=32540"}],"wp:featuredmedia":[{"embeddable":true,"href":"https:\/\/nordicmart.andreevmaster.com\/fi\/wp-json\/wp\/v2\/media\/41540"}],"wp:attachment":[{"href":"https:\/\/nordicmart.andreevmaster.com\/fi\/wp-json\/wp\/v2\/media?parent=32540"}],"wp:term":[{"taxonomy":"product_brand","embeddable":true,"href":"https:\/\/nordicmart.andreevmaster.com\/fi\/wp-json\/wp\/v2\/product_brand?post=32540"},{"taxonomy":"product_cat","embeddable":true,"href":"https:\/\/nordicmart.andreevmaster.com\/fi\/wp-json\/wp\/v2\/product_cat?post=32540"},{"taxonomy":"product_tag","embeddable":true,"href":"https:\/\/nordicmart.andreevmaster.com\/fi\/wp-json\/wp\/v2\/product_tag?post=32540"}],"curies":[{"name":"wp","href":"https:\/\/api.w.org\/{rel}","templated":true}]}}