{"id":32538,"date":"2026-02-27T00:17:47","date_gmt":"2026-02-27T00:17:47","guid":{"rendered":"https:\/\/nordicmart.andreevmaster.com\/product\/vasagle-kirjahylly-655-x-30-x-975-cm-tummanruskea\/"},"modified":"2026-02-27T09:39:25","modified_gmt":"2026-02-27T09:39:25","slug":"vasagle-kirjahylly-655-x-30-x-975-cm-tummanruskea","status":"publish","type":"product","link":"https:\/\/nordicmart.andreevmaster.com\/fi\/tuote\/vasagle-kirjahylly-655-x-30-x-975-cm-tummanruskea\/","title":{"rendered":"VASAGLE kirjahylly 65,5 x 30 x 97,5 cm tummanruskea"},"content":{"rendered":"<p>Jos pid\u00e4t maalaistyyli\u00e4, retrotyyli\u00e4 tai teollista tyyli\u00e4, kirjahyllymme on t\u00e4ydellinen lis\u00e4 sisustukseesi!  T\u00e4lle yksinkertaiselle mutta tyylikk\u00e4\u00e4lle kirjahyllylle l\u00f6ytyy varmasti sopiva k\u00e4ytt\u00f6tarkoitus: aseta se lastenhuoneeseen, jotta lapsesi voi s\u00e4ilytt\u00e4\u00e4 koulukirjansa siististi. Tai aseta se olohuoneen nojatuolin viereen ja lue j\u00e4nnitt\u00e4v\u00e4 rikosromaani t\u00f6iden j\u00e4lkeen. Tai aseta se makuuhuoneeseesi ja valitse ennen nukkumaanmenoa kiehtova fantasiaromaani, josta voit my\u00f6hemmin uneksia. T\u00e4t\u00e4 joustavaa huonekalua voi k\u00e4ytt\u00e4\u00e4 jopa TV-hyllyn\u00e4.  Takalevyn asennuksen helpottamiseksi sivuhyllyiss\u00e4 on urat. N\u00e4in takasein\u00e4 on helppo asettaa paikalleen ja kiinnitt\u00e4\u00e4. T\u00e4m\u00e4 lis\u00e4\u00e4 my\u00f6s hyllyn vakautta, ja mukana toimitetaan vararuuveja. Toimitus sis\u00e4lt\u00e4\u00e4 my\u00f6s lattiakiskot, jotka suojaavat lattiaasi naarmuilta. Tuotetiedot: &#8211; V\u00e4ri: tummanruskea\/vintage &#8211; Materiaali: melamiiniviilutettu lastulevy &#8211; Koko: 65,5 x 30 x 97,5 cm (P x L x K) &#8211; Korkeus per hylly: 30,5 cm &#8211; Paino: 20,5 kg &#8211; Maks. staattinen kantavuus per hylly: 15 kg Toimitukseen sis\u00e4ltyy: &#8211; 1 x kirjahylly &#8211; 1 x lis\u00e4varustepaketti &#8211; 1 x ohjeet (DE, EN, FR, ES, IT) VASAGLE Huomautukset: &#8211; \u00c4l\u00e4 sijoita t\u00e4t\u00e4 tuotetta kosteaan ymp\u00e4rist\u00f6\u00f6n homeen ja vaurioiden v\u00e4ltt\u00e4miseksi. &#8211; Ei sovellu DIN A4 -kansioille.<\/p>\n","protected":false},"excerpt":{"rendered":"<p>VASAGLE Kirjahylly 6 hyllyll\u00e4, puinen hylly, eteishylly, s\u00e4ilytyshylly, 65,5 x 97,5 x 30 cm (L x K x S), tammimainen ulkon\u00e4k\u00f6 LBC203H<\/p>\n","protected":false},"featured_media":41538,"comment_status":"open","ping_status":"closed","template":"","meta":[],"product_brand":[],"product_cat":[32],"product_tag":[],"class_list":{"0":"post-32538","1":"product","2":"type-product","3":"status-publish","4":"has-post-thumbnail","6":"product_cat-uncategorized-fi","8":"first","9":"instock","10":"shipping-taxable","11":"purchasable","12":"product-type-simple"},"_links":{"self":[{"href":"https:\/\/nordicmart.andreevmaster.com\/fi\/wp-json\/wp\/v2\/product\/32538","targetHints":{"allow":["GET"]}}],"collection":[{"href":"https:\/\/nordicmart.andreevmaster.com\/fi\/wp-json\/wp\/v2\/product"}],"about":[{"href":"https:\/\/nordicmart.andreevmaster.com\/fi\/wp-json\/wp\/v2\/types\/product"}],"replies":[{"embeddable":true,"href":"https:\/\/nordicmart.andreevmaster.com\/fi\/wp-json\/wp\/v2\/comments?post=32538"}],"wp:featuredmedia":[{"embeddable":true,"href":"https:\/\/nordicmart.andreevmaster.com\/fi\/wp-json\/wp\/v2\/media\/41538"}],"wp:attachment":[{"href":"https:\/\/nordicmart.andreevmaster.com\/fi\/wp-json\/wp\/v2\/media?parent=32538"}],"wp:term":[{"taxonomy":"product_brand","embeddable":true,"href":"https:\/\/nordicmart.andreevmaster.com\/fi\/wp-json\/wp\/v2\/product_brand?post=32538"},{"taxonomy":"product_cat","embeddable":true,"href":"https:\/\/nordicmart.andreevmaster.com\/fi\/wp-json\/wp\/v2\/product_cat?post=32538"},{"taxonomy":"product_tag","embeddable":true,"href":"https:\/\/nordicmart.andreevmaster.com\/fi\/wp-json\/wp\/v2\/product_tag?post=32538"}],"curies":[{"name":"wp","href":"https:\/\/api.w.org\/{rel}","templated":true}]}}