{"id":32535,"date":"2026-02-27T00:17:46","date_gmt":"2026-02-27T00:17:46","guid":{"rendered":"https:\/\/nordicmart.andreevmaster.com\/product\/vasagle-kapea-kirjahylly-valkoinen\/"},"modified":"2026-02-27T09:39:24","modified_gmt":"2026-02-27T09:39:24","slug":"vasagle-kapea-kirjahylly-valkoinen","status":"publish","type":"product","link":"https:\/\/nordicmart.andreevmaster.com\/fi\/tuote\/vasagle-kapea-kirjahylly-valkoinen\/","title":{"rendered":"VASAGLE Kapea kirjahylly, valkoinen"},"content":{"rendered":"<p>Yksinkertainen ja moderni T\u00e4m\u00e4 VASAGLE-kirjahylly hurmaa yksinkertaisella ulkon\u00e4\u00f6ll\u00e4\u00e4n ja tuo kotiisi raikkautta. Kaksi avointa lokeroa tarjoavat sopivan s\u00e4ilytyspaikan kirjoillesi ja koriste-esineillesi. Lis\u00e4ksi kaapin ovi suojaa henkil\u00f6kohtaisia tavaroitasi uteliailta katseilta ja p\u00f6lylt\u00e4.Jos pid\u00e4t t\u00e4st\u00e4 s\u00e4ilytyskaapista, \u00e4l\u00e4 missaa t\u00e4t\u00e4 tilaisuutta! Tuotetiedot: &#8211; V\u00e4ri: valkoinen, jalat puunv\u00e4riset &#8211; Materiaali: melamiinipinnoitettu lastulevy, jalat massiivipuuta &#8211; Koko: 40 x 30 x 120 cm (P x L x K) &#8211; Paino: 14,5 kg &#8211; Maks. staattinen kantavuus per hylly: 15 kgToimitus sis\u00e4lt\u00e4\u00e4: &#8211; 1 x kirjahylly &#8211; 1 x s\u00e4ilytyslaatikko tarvikkeilla &#8211; 1 x ohjeet (DE, EN, FR, ES, IT)VASAGLE-ohjeet: &#8211; Lapset eiv\u00e4t saa kiivet\u00e4 tuotteen p\u00e4\u00e4lle, vet\u00e4\u00e4 siit\u00e4 tai leikki\u00e4 sill\u00e4. &#8211; Kokoa tuote tarkasti ohjeiden mukaisesti. &#8211; \u00c4l\u00e4 k\u00e4yt\u00e4 tuotetta ulkona \u00e4l\u00e4k\u00e4 altista sit\u00e4 sateelle. &#8211; Kiinnit\u00e4 tuote sein\u00e4\u00e4n mukana toimitetulla kaatumissuojalla. &#8211; Nosta p\u00f6yt\u00e4, kun haluat siirt\u00e4\u00e4 sit\u00e4. \u00c4l\u00e4 raahaa sit\u00e4 lattian yli.<\/p>\n","protected":false},"excerpt":{"rendered":"<p>VASAGLE 3-tasoinen kirjahylly, seisomahylly ovella, kirjahylly, kuvakehyksille, s\u00e4ilytyskaappi puujaloilla, koriste, olohuone, toimisto, moderni, valkoinen LBC18WT<\/p>\n","protected":false},"featured_media":41535,"comment_status":"open","ping_status":"closed","template":"","meta":[],"product_brand":[],"product_cat":[32],"product_tag":[],"class_list":{"0":"post-32535","1":"product","2":"type-product","3":"status-publish","4":"has-post-thumbnail","6":"product_cat-uncategorized-fi","8":"first","9":"instock","10":"shipping-taxable","11":"purchasable","12":"product-type-simple"},"_links":{"self":[{"href":"https:\/\/nordicmart.andreevmaster.com\/fi\/wp-json\/wp\/v2\/product\/32535","targetHints":{"allow":["GET"]}}],"collection":[{"href":"https:\/\/nordicmart.andreevmaster.com\/fi\/wp-json\/wp\/v2\/product"}],"about":[{"href":"https:\/\/nordicmart.andreevmaster.com\/fi\/wp-json\/wp\/v2\/types\/product"}],"replies":[{"embeddable":true,"href":"https:\/\/nordicmart.andreevmaster.com\/fi\/wp-json\/wp\/v2\/comments?post=32535"}],"wp:featuredmedia":[{"embeddable":true,"href":"https:\/\/nordicmart.andreevmaster.com\/fi\/wp-json\/wp\/v2\/media\/41535"}],"wp:attachment":[{"href":"https:\/\/nordicmart.andreevmaster.com\/fi\/wp-json\/wp\/v2\/media?parent=32535"}],"wp:term":[{"taxonomy":"product_brand","embeddable":true,"href":"https:\/\/nordicmart.andreevmaster.com\/fi\/wp-json\/wp\/v2\/product_brand?post=32535"},{"taxonomy":"product_cat","embeddable":true,"href":"https:\/\/nordicmart.andreevmaster.com\/fi\/wp-json\/wp\/v2\/product_cat?post=32535"},{"taxonomy":"product_tag","embeddable":true,"href":"https:\/\/nordicmart.andreevmaster.com\/fi\/wp-json\/wp\/v2\/product_tag?post=32535"}],"curies":[{"name":"wp","href":"https:\/\/api.w.org\/{rel}","templated":true}]}}