{"id":32533,"date":"2026-02-27T00:17:46","date_gmt":"2026-02-27T00:17:46","guid":{"rendered":"https:\/\/nordicmart.andreevmaster.com\/product\/vasagle-kirjahylly-puun-muotoinen-tilaa-saastava-vintage-ruskea\/"},"modified":"2026-02-27T09:39:24","modified_gmt":"2026-02-27T09:39:24","slug":"vasagle-kirjahylly-puun-muotoinen-tilaa-saastava-vintage-ruskea","status":"publish","type":"product","link":"https:\/\/nordicmart.andreevmaster.com\/fi\/tuote\/vasagle-kirjahylly-puun-muotoinen-tilaa-saastava-vintage-ruskea\/","title":{"rendered":"VASAGLE Kirjahylly puun muotoinen tilaa s\u00e4\u00e4st\u00e4v\u00e4 vintage-ruskea"},"content":{"rendered":"<p>VASAGLE Kirjahyllyll\u00e4 on puumainen, geometrinen rakenne, joka tarjoaa kodin kirjoillesi ja sisustuksellesi n\u00e4ytt\u00e4m\u00f6n, jolla ne p\u00e4\u00e4sev\u00e4t loistamaan.<br \/>\nV\u00e4ri: vintage-ruskea<br \/>\nMateriaali: lastulevy<br \/>\nKoko: 17,2 x 30 x 51 cm (S x L x K)<br \/>\nPaino: 3,2 kg<br \/>\nMaks. staattinen kokonaiskuormitus: 3,7 kg<\/p>\n","protected":false},"excerpt":{"rendered":"<p>VASAGLE Kirjahyllyll\u00e4 on puumainen, geometrinen rakenne, joka tarjoaa kodin kirjoillesi ja sisustuksellesi n\u00e4ytt\u00e4m\u00f6n, jolla ne p\u00e4\u00e4sev\u00e4t loistamaan.<\/p>\n","protected":false},"featured_media":41533,"comment_status":"open","ping_status":"closed","template":"","meta":[],"product_brand":[],"product_cat":[32],"product_tag":[],"class_list":{"0":"post-32533","1":"product","2":"type-product","3":"status-publish","4":"has-post-thumbnail","6":"product_cat-uncategorized-fi","8":"first","9":"instock","10":"shipping-taxable","11":"purchasable","12":"product-type-simple"},"_links":{"self":[{"href":"https:\/\/nordicmart.andreevmaster.com\/fi\/wp-json\/wp\/v2\/product\/32533","targetHints":{"allow":["GET"]}}],"collection":[{"href":"https:\/\/nordicmart.andreevmaster.com\/fi\/wp-json\/wp\/v2\/product"}],"about":[{"href":"https:\/\/nordicmart.andreevmaster.com\/fi\/wp-json\/wp\/v2\/types\/product"}],"replies":[{"embeddable":true,"href":"https:\/\/nordicmart.andreevmaster.com\/fi\/wp-json\/wp\/v2\/comments?post=32533"}],"wp:featuredmedia":[{"embeddable":true,"href":"https:\/\/nordicmart.andreevmaster.com\/fi\/wp-json\/wp\/v2\/media\/41533"}],"wp:attachment":[{"href":"https:\/\/nordicmart.andreevmaster.com\/fi\/wp-json\/wp\/v2\/media?parent=32533"}],"wp:term":[{"taxonomy":"product_brand","embeddable":true,"href":"https:\/\/nordicmart.andreevmaster.com\/fi\/wp-json\/wp\/v2\/product_brand?post=32533"},{"taxonomy":"product_cat","embeddable":true,"href":"https:\/\/nordicmart.andreevmaster.com\/fi\/wp-json\/wp\/v2\/product_cat?post=32533"},{"taxonomy":"product_tag","embeddable":true,"href":"https:\/\/nordicmart.andreevmaster.com\/fi\/wp-json\/wp\/v2\/product_tag?post=32533"}],"curies":[{"name":"wp","href":"https:\/\/api.w.org\/{rel}","templated":true}]}}