{"id":32531,"date":"2026-02-27T00:17:45","date_gmt":"2026-02-27T00:17:45","guid":{"rendered":"https:\/\/nordicmart.andreevmaster.com\/product\/vasagle-vapaasti-seisova-kirjahylly-metallirungolla\/"},"modified":"2026-02-27T09:39:23","modified_gmt":"2026-02-27T09:39:23","slug":"vasagle-vapaasti-seisova-kirjahylly-metallirungolla","status":"publish","type":"product","link":"https:\/\/nordicmart.andreevmaster.com\/fi\/tuote\/vasagle-vapaasti-seisova-kirjahylly-metallirungolla\/","title":{"rendered":"VASAGLE Vapaasti seisova kirjahylly metallirungolla"},"content":{"rendered":"<p>Hieman vintagea t\u00e4\u00e4ll\u00e4, hieman teollista designia siell\u00e4 T\u00e4m\u00e4n olohuoneen hyllyn tyyli\u00e4 voidaan kuvata yhdistelm\u00e4n\u00e4 rautakehyksest\u00e4, jossa on trendik\u00e4s teollinen ilme, ja tarkasti ty\u00f6stetyist\u00e4 vintage-levyist\u00e4 puumateriaalista. Erityisen vivahteen tuovat my\u00f6s ep\u00e4tavallisesti j\u00e4rjestetyt hyllytasot. Tuloksena on j\u00e4nnitt\u00e4v\u00e4 kokonaisuus ja huonekalu, joka on sek\u00e4 kest\u00e4v\u00e4, n\u00e4ytt\u00e4v\u00e4 ett\u00e4 toimiva. Kirjakuusi kirjatouhailijoille Jos harmaana sadep\u00e4iv\u00e4n\u00e4 haluat rentoutua sohvalla tai s\u00e4ngyss\u00e4 hyv\u00e4n kirjan parissa tai tarvitset toimistossasi aina k\u00e4den ulottuvilla hy\u00f6dyllist\u00e4 ammattikirjallisuutta, t\u00e4m\u00e4 poikkeuksellinen kirjahylly on juuri oikea valinta. Lukuisilla vinoilla hyllytasoilla voi s\u00e4ilytt\u00e4\u00e4 siististi sek\u00e4 paksuja teoksia ett\u00e4 rakkausromaaneja ja tietosanakirjoja.  Puumainen hylly sopii muuten erinomaisesti yhteen muiden VASAGLE-teollisen muotoilun sarjan huonekalujen kanssa! Tuotetiedot: &#8211; V\u00e4ri: vintage &#8211; Materiaali: lastulevy, rautakehys &#8211; Koko: 76,3 x 33,6 x 178,5 cm (P x L x K) &#8211; Paino: 19,4 kg &#8211; Maks. kantavuus: Yhteens\u00e4 120 kg &#8211; Maks. kantavuus hyllytasoa kohti: 20 kg Toimitus sis\u00e4lt\u00e4\u00e4: &#8211; 1 x kirjahylly &#8211; 1 x s\u00e4ilytyslaatikko tarvikkeilla (sis\u00e4lt\u00e4\u00e4 asennusty\u00f6kalut) &#8211; 1 x ohjeet (DE, EN, FR, ES, IT) VASAGLE-ohjeet: &#8211; \u00c4l\u00e4 altista tuotetta suoralle auringonvalolle.<\/p>\n","protected":false},"excerpt":{"rendered":"<p>VASAGLE kirjahylly, olohuoneen hylly puun muotoinen, ep\u00e4symmetrinen teollinen muotoilu, tikkaat hylly, tilanjakaja, vino, helppo asentaa, 178,5 cm korkea, rauta, vintage LBC17BX<\/p>\n","protected":false},"featured_media":41531,"comment_status":"open","ping_status":"closed","template":"","meta":[],"product_brand":[],"product_cat":[32],"product_tag":[],"class_list":{"0":"post-32531","1":"product","2":"type-product","3":"status-publish","4":"has-post-thumbnail","6":"product_cat-uncategorized-fi","8":"first","9":"instock","10":"shipping-taxable","11":"purchasable","12":"product-type-simple"},"_links":{"self":[{"href":"https:\/\/nordicmart.andreevmaster.com\/fi\/wp-json\/wp\/v2\/product\/32531","targetHints":{"allow":["GET"]}}],"collection":[{"href":"https:\/\/nordicmart.andreevmaster.com\/fi\/wp-json\/wp\/v2\/product"}],"about":[{"href":"https:\/\/nordicmart.andreevmaster.com\/fi\/wp-json\/wp\/v2\/types\/product"}],"replies":[{"embeddable":true,"href":"https:\/\/nordicmart.andreevmaster.com\/fi\/wp-json\/wp\/v2\/comments?post=32531"}],"wp:featuredmedia":[{"embeddable":true,"href":"https:\/\/nordicmart.andreevmaster.com\/fi\/wp-json\/wp\/v2\/media\/41531"}],"wp:attachment":[{"href":"https:\/\/nordicmart.andreevmaster.com\/fi\/wp-json\/wp\/v2\/media?parent=32531"}],"wp:term":[{"taxonomy":"product_brand","embeddable":true,"href":"https:\/\/nordicmart.andreevmaster.com\/fi\/wp-json\/wp\/v2\/product_brand?post=32531"},{"taxonomy":"product_cat","embeddable":true,"href":"https:\/\/nordicmart.andreevmaster.com\/fi\/wp-json\/wp\/v2\/product_cat?post=32531"},{"taxonomy":"product_tag","embeddable":true,"href":"https:\/\/nordicmart.andreevmaster.com\/fi\/wp-json\/wp\/v2\/product_tag?post=32531"}],"curies":[{"name":"wp","href":"https:\/\/api.w.org\/{rel}","templated":true}]}}