{"id":32530,"date":"2026-02-27T00:17:45","date_gmt":"2026-02-27T00:17:45","guid":{"rendered":"https:\/\/nordicmart.andreevmaster.com\/product\/vasagle-hylly-6-lokeroa-valkoinen\/"},"modified":"2026-02-27T09:39:23","modified_gmt":"2026-02-27T09:39:23","slug":"vasagle-hylly-6-lokeroa-valkoinen","status":"publish","type":"product","link":"https:\/\/nordicmart.andreevmaster.com\/fi\/tuote\/vasagle-hylly-6-lokeroa-valkoinen\/","title":{"rendered":"VASAGLE hylly, 6 lokeroa, valkoinen"},"content":{"rendered":"<p>VASAGLE kirjahylly, hylly 3 lokerolla, lattialla seisova hylly, korkeuss\u00e4\u00e4dett\u00e4vill\u00e4 hyllyill\u00e4, olohuoneeseen, lastenhuoneeseen, toimistoon<br \/>\nV\u00e4ri: valkoinen<br \/>\nMateriaali: lastulevy<br \/>\nKoko: 24 x 60 x 178,5 cm (S x L x K)<br \/>\nPaino: 21 kg<br \/>\nMaks. staattinen kantavuus tasoa kohti: 10 kg<\/p>\n","protected":false},"excerpt":{"rendered":"<p>VASAGLE kirjahylly, hylly 3 lokerolla, lattialla seisova hylly, korkeuss\u00e4\u00e4dett\u00e4vill\u00e4 hyllyill\u00e4, olohuoneeseen, lastenhuoneeseen, toimistoon<\/p>\n","protected":false},"featured_media":41530,"comment_status":"open","ping_status":"closed","template":"","meta":[],"product_brand":[],"product_cat":[32],"product_tag":[],"class_list":{"0":"post-32530","1":"product","2":"type-product","3":"status-publish","4":"has-post-thumbnail","6":"product_cat-uncategorized-fi","8":"first","9":"instock","10":"shipping-taxable","11":"purchasable","12":"product-type-simple"},"_links":{"self":[{"href":"https:\/\/nordicmart.andreevmaster.com\/fi\/wp-json\/wp\/v2\/product\/32530","targetHints":{"allow":["GET"]}}],"collection":[{"href":"https:\/\/nordicmart.andreevmaster.com\/fi\/wp-json\/wp\/v2\/product"}],"about":[{"href":"https:\/\/nordicmart.andreevmaster.com\/fi\/wp-json\/wp\/v2\/types\/product"}],"replies":[{"embeddable":true,"href":"https:\/\/nordicmart.andreevmaster.com\/fi\/wp-json\/wp\/v2\/comments?post=32530"}],"wp:featuredmedia":[{"embeddable":true,"href":"https:\/\/nordicmart.andreevmaster.com\/fi\/wp-json\/wp\/v2\/media\/41530"}],"wp:attachment":[{"href":"https:\/\/nordicmart.andreevmaster.com\/fi\/wp-json\/wp\/v2\/media?parent=32530"}],"wp:term":[{"taxonomy":"product_brand","embeddable":true,"href":"https:\/\/nordicmart.andreevmaster.com\/fi\/wp-json\/wp\/v2\/product_brand?post=32530"},{"taxonomy":"product_cat","embeddable":true,"href":"https:\/\/nordicmart.andreevmaster.com\/fi\/wp-json\/wp\/v2\/product_cat?post=32530"},{"taxonomy":"product_tag","embeddable":true,"href":"https:\/\/nordicmart.andreevmaster.com\/fi\/wp-json\/wp\/v2\/product_tag?post=32530"}],"curies":[{"name":"wp","href":"https:\/\/api.w.org\/{rel}","templated":true}]}}