{"id":32526,"date":"2026-02-27T00:17:44","date_gmt":"2026-02-27T00:17:44","guid":{"rendered":"https:\/\/nordicmart.andreevmaster.com\/product\/vasagle-kirjahylly-10-hyllya-vintage-ruskea\/"},"modified":"2026-02-27T09:39:22","modified_gmt":"2026-02-27T09:39:22","slug":"vasagle-kirjahylly-10-hyllya-vintage-ruskea","status":"publish","type":"product","link":"https:\/\/nordicmart.andreevmaster.com\/fi\/tuote\/vasagle-kirjahylly-10-hyllya-vintage-ruskea\/","title":{"rendered":"VASAGLE kirjahylly, 10 hylly\u00e4, vintage-ruskea"},"content":{"rendered":"<p>VASAGLE  kirjahylly, 10 lokeroa, lattialla seisova hylly, s\u00e4ilytyshylly, hylly, olohuoneeseen, toimistoon, makuuhuoneeseen, ty\u00f6huoneeseen, skandinaavinen tyyli, tilanjakajana, valkoinen LBC168T14<br \/>\nV\u00e4ri: vintage-ruskea<br \/>\nMateriaali: lastulevy<br \/>\nKoko: 30 x 65,5 x 161,5 cm (S x L x K)<br \/>\nPaino: 26,7 kg<br \/>\nMaks. staattinen kantavuus per lokero: 5 kg<\/p>\n","protected":false},"excerpt":{"rendered":"<p>VASAGLE  kirjahylly, 10 lokeroa, lattialla seisova hylly, s\u00e4ilytyshylly, hylly, olohuoneeseen, toimistoon, makuuhuoneeseen, ty\u00f6huoneeseen, skandinaavinen tyyli, tilanjakajana, valkoinen LBC168T14<\/p>\n","protected":false},"featured_media":0,"comment_status":"open","ping_status":"closed","template":"","meta":[],"product_brand":[],"product_cat":[32],"product_tag":[],"class_list":{"0":"post-32526","1":"product","2":"type-product","3":"status-publish","5":"product_cat-uncategorized-fi","7":"first","8":"instock","9":"shipping-taxable","10":"purchasable","11":"product-type-simple"},"_links":{"self":[{"href":"https:\/\/nordicmart.andreevmaster.com\/fi\/wp-json\/wp\/v2\/product\/32526","targetHints":{"allow":["GET"]}}],"collection":[{"href":"https:\/\/nordicmart.andreevmaster.com\/fi\/wp-json\/wp\/v2\/product"}],"about":[{"href":"https:\/\/nordicmart.andreevmaster.com\/fi\/wp-json\/wp\/v2\/types\/product"}],"replies":[{"embeddable":true,"href":"https:\/\/nordicmart.andreevmaster.com\/fi\/wp-json\/wp\/v2\/comments?post=32526"}],"wp:attachment":[{"href":"https:\/\/nordicmart.andreevmaster.com\/fi\/wp-json\/wp\/v2\/media?parent=32526"}],"wp:term":[{"taxonomy":"product_brand","embeddable":true,"href":"https:\/\/nordicmart.andreevmaster.com\/fi\/wp-json\/wp\/v2\/product_brand?post=32526"},{"taxonomy":"product_cat","embeddable":true,"href":"https:\/\/nordicmart.andreevmaster.com\/fi\/wp-json\/wp\/v2\/product_cat?post=32526"},{"taxonomy":"product_tag","embeddable":true,"href":"https:\/\/nordicmart.andreevmaster.com\/fi\/wp-json\/wp\/v2\/product_tag?post=32526"}],"curies":[{"name":"wp","href":"https:\/\/api.w.org\/{rel}","templated":true}]}}