{"id":32524,"date":"2026-02-27T00:17:43","date_gmt":"2026-02-27T00:17:43","guid":{"rendered":"https:\/\/nordicmart.andreevmaster.com\/product\/vasagle-6-tasoinen-hyllykko-24-x-40-x-1785-cm-luonnonbeige\/"},"modified":"2026-02-27T09:39:21","modified_gmt":"2026-02-27T09:39:21","slug":"vasagle-6-tasoinen-hyllykko-24-x-40-x-1785-cm-luonnonbeige","status":"publish","type":"product","link":"https:\/\/nordicmart.andreevmaster.com\/fi\/tuote\/vasagle-6-tasoinen-hyllykko-24-x-40-x-1785-cm-luonnonbeige\/","title":{"rendered":"VASAGLE 6-tasoinen hyllykk\u00f6 24 x 40 x 178,5 cm luonnonbeige"},"content":{"rendered":"<p>VASAGLE Kirjahylly, 6 tasoa, lattialla seisova hylly, s\u00e4ilytyshylly, olohuoneeseen, toimistoon, makuuhuoneeseen, ty\u00f6huoneeseen, skandinaavinen tyyli, 40 x 24 x 178,5 cm, valkoinen LBC167T14<br \/>\nV\u00e4ri: luonnonbeige<br \/>\nMateriaali: lastulevy<br \/>\nKoko: 24 x 40 x 178,5 cm (S x L x K)<br \/>\nPaino: 17,2 kg<br \/>\nMaks. staattinen kantavuus per hylly: 10 kg<br \/>\nMaks. staattinen kantavuus yhteens\u00e4: 70 kg<\/p>\n","protected":false},"excerpt":{"rendered":"<p>VASAGLE Kirjahylly, 6 tasoa, lattialla seisova hylly, s\u00e4ilytyshylly, olohuoneeseen, toimistoon, makuuhuoneeseen, ty\u00f6huoneeseen, skandinaavinen tyyli, 40 x 24 x 178,5 cm, valkoinen LBC167T14<\/p>\n","protected":false},"featured_media":41525,"comment_status":"open","ping_status":"closed","template":"","meta":[],"product_brand":[],"product_cat":[32],"product_tag":[],"class_list":{"0":"post-32524","1":"product","2":"type-product","3":"status-publish","4":"has-post-thumbnail","6":"product_cat-uncategorized-fi","8":"first","9":"instock","10":"shipping-taxable","11":"purchasable","12":"product-type-simple"},"_links":{"self":[{"href":"https:\/\/nordicmart.andreevmaster.com\/fi\/wp-json\/wp\/v2\/product\/32524","targetHints":{"allow":["GET"]}}],"collection":[{"href":"https:\/\/nordicmart.andreevmaster.com\/fi\/wp-json\/wp\/v2\/product"}],"about":[{"href":"https:\/\/nordicmart.andreevmaster.com\/fi\/wp-json\/wp\/v2\/types\/product"}],"replies":[{"embeddable":true,"href":"https:\/\/nordicmart.andreevmaster.com\/fi\/wp-json\/wp\/v2\/comments?post=32524"}],"wp:featuredmedia":[{"embeddable":true,"href":"https:\/\/nordicmart.andreevmaster.com\/fi\/wp-json\/wp\/v2\/media\/41525"}],"wp:attachment":[{"href":"https:\/\/nordicmart.andreevmaster.com\/fi\/wp-json\/wp\/v2\/media?parent=32524"}],"wp:term":[{"taxonomy":"product_brand","embeddable":true,"href":"https:\/\/nordicmart.andreevmaster.com\/fi\/wp-json\/wp\/v2\/product_brand?post=32524"},{"taxonomy":"product_cat","embeddable":true,"href":"https:\/\/nordicmart.andreevmaster.com\/fi\/wp-json\/wp\/v2\/product_cat?post=32524"},{"taxonomy":"product_tag","embeddable":true,"href":"https:\/\/nordicmart.andreevmaster.com\/fi\/wp-json\/wp\/v2\/product_tag?post=32524"}],"curies":[{"name":"wp","href":"https:\/\/api.w.org\/{rel}","templated":true}]}}