{"id":32522,"date":"2026-02-27T00:17:42","date_gmt":"2026-02-27T00:17:42","guid":{"rendered":"https:\/\/nordicmart.andreevmaster.com\/product\/vasagle-kirjahylly-vintage-ruskea\/"},"modified":"2026-02-27T09:39:21","modified_gmt":"2026-02-27T09:39:21","slug":"vasagle-kirjahylly-vintage-ruskea","status":"publish","type":"product","link":"https:\/\/nordicmart.andreevmaster.com\/fi\/tuote\/vasagle-kirjahylly-vintage-ruskea\/","title":{"rendered":"VASAGLE Kirjahylly vintage-ruskea"},"content":{"rendered":"<p>Kiehtova tarina Vain kirjoillesi ja CD-levyillesi? Ei tietenk\u00e4\u00e4n. Koristele hylly\u00e4 pienell\u00e4 vintage-peilill\u00e4, puukehyksill\u00e4, rottinkikorilla ja kynttil\u00f6ill\u00e4. Ainoa puuttuva elementti on teollisuustyylinen tuoli. Luo l\u00e4mmin ilmapiiri! Sinun el\u00e4m\u00e4si, sinun valintasi Etk\u00f6 ole kiinnostunut runoudesta tai proosasta? Ent\u00e4 gourmet-ruoka ja kasvit? Aseta kakkuja, v\u00e4lipaloja, kaktuksia tai muita kukka-asetelmia t\u00e4lle hyllylle. P\u00e4\u00e4t\u00f6s on sinun! Tuotetiedot: &#8211; V\u00e4ri: vintage-ruskea &#8211; Materiaali: puulastulevy &#8211; Koko: 60 x 24 x 127 cm (P x L x K) &#8211; Paino: 13,5 kg &#8211; Maks. staattinen kokonaiskuormitus: 40 kg Toimitus sis\u00e4lt\u00e4\u00e4:- 1 x kirjahylly &#8211; 1 x lis\u00e4varustepaketti &#8211; 1 x ohjeet (DE, FR, EN, ES, IT) VASAGLE-ohjeet: &#8211; Turvallisuussyist\u00e4 lapset eiv\u00e4t saa kiivet\u00e4 tuotteelle tai leikki\u00e4 sill\u00e4. &#8211; Kiinnit\u00e4 t\u00e4m\u00e4 tuote sein\u00e4\u00e4n mukana toimitetulla kaatumissuojalla turvallisen k\u00e4yt\u00f6n varmistamiseksi.<\/p>\n","protected":false},"excerpt":{"rendered":"<p>VASAGLE Kirjahylly, symmetrinen muotoilu, avoimet hyllyt, s\u00e4ilytyskaappi, toimistoon, olohuoneeseen, makuuhuoneeseen, 60 x 24 x 127 cm, vintage-ruskea LBC141X01<\/p>\n","protected":false},"featured_media":41523,"comment_status":"open","ping_status":"closed","template":"","meta":[],"product_brand":[],"product_cat":[32],"product_tag":[],"class_list":{"0":"post-32522","1":"product","2":"type-product","3":"status-publish","4":"has-post-thumbnail","6":"product_cat-uncategorized-fi","8":"first","9":"instock","10":"shipping-taxable","11":"purchasable","12":"product-type-simple"},"_links":{"self":[{"href":"https:\/\/nordicmart.andreevmaster.com\/fi\/wp-json\/wp\/v2\/product\/32522","targetHints":{"allow":["GET"]}}],"collection":[{"href":"https:\/\/nordicmart.andreevmaster.com\/fi\/wp-json\/wp\/v2\/product"}],"about":[{"href":"https:\/\/nordicmart.andreevmaster.com\/fi\/wp-json\/wp\/v2\/types\/product"}],"replies":[{"embeddable":true,"href":"https:\/\/nordicmart.andreevmaster.com\/fi\/wp-json\/wp\/v2\/comments?post=32522"}],"wp:featuredmedia":[{"embeddable":true,"href":"https:\/\/nordicmart.andreevmaster.com\/fi\/wp-json\/wp\/v2\/media\/41523"}],"wp:attachment":[{"href":"https:\/\/nordicmart.andreevmaster.com\/fi\/wp-json\/wp\/v2\/media?parent=32522"}],"wp:term":[{"taxonomy":"product_brand","embeddable":true,"href":"https:\/\/nordicmart.andreevmaster.com\/fi\/wp-json\/wp\/v2\/product_brand?post=32522"},{"taxonomy":"product_cat","embeddable":true,"href":"https:\/\/nordicmart.andreevmaster.com\/fi\/wp-json\/wp\/v2\/product_cat?post=32522"},{"taxonomy":"product_tag","embeddable":true,"href":"https:\/\/nordicmart.andreevmaster.com\/fi\/wp-json\/wp\/v2\/product_tag?post=32522"}],"curies":[{"name":"wp","href":"https:\/\/api.w.org\/{rel}","templated":true}]}}