{"id":32521,"date":"2026-02-27T00:17:42","date_gmt":"2026-02-27T00:17:42","guid":{"rendered":"https:\/\/nordicmart.andreevmaster.com\/product\/vasagle-baarituoli-2-kpln-sarja-jalkatuella-vintage-ruskea-musta\/"},"modified":"2026-02-27T09:39:21","modified_gmt":"2026-02-27T09:39:21","slug":"vasagle-baarituoli-2-kpln-sarja-jalkatuella-vintage-ruskea-musta","status":"publish","type":"product","link":"https:\/\/nordicmart.andreevmaster.com\/fi\/tuote\/vasagle-baarituoli-2-kpln-sarja-jalkatuella-vintage-ruskea-musta\/","title":{"rendered":"VASAGLE baarituoli 2 kpl:n sarja jalkatuella vintage-ruskea-musta"},"content":{"rendered":"<p>VASAGLE baarituolit, 2 kpl, baarituolit, keitti\u00f6tuolit metallirungolla, helppo asentaa, korkeus 74 cm, jalkatuki, keitti\u00f6\u00f6n, olohuoneeseen, ruokailuhuoneeseen, vintage-ruskea-musta LBC132K01<br \/>\nV\u00e4ri: vintage-ruskea-musta<br \/>\nMateriaali: lastulevy, ter\u00e4s<br \/>\nKoko per tuoli: 32 cm p, 74 cm K<br \/>\nKokonaispaino: 8 kg<br \/>\nJokaisen jakkaran maks. staattinen kantavuus: 110 kg<\/p>\n","protected":false},"excerpt":{"rendered":"<p>VASAGLE baarituolit, 2 kpl, baarituolit, keitti\u00f6tuolit metallirungolla, helppo asentaa, korkeus 74 cm, jalkatuki, keitti\u00f6\u00f6n, olohuoneeseen, ruokailuhuoneeseen, vintage-ruskea-musta LBC132K01<\/p>\n","protected":false},"featured_media":41522,"comment_status":"open","ping_status":"closed","template":"","meta":[],"product_brand":[],"product_cat":[32],"product_tag":[],"class_list":{"0":"post-32521","1":"product","2":"type-product","3":"status-publish","4":"has-post-thumbnail","6":"product_cat-uncategorized-fi","8":"first","9":"instock","10":"shipping-taxable","11":"purchasable","12":"product-type-simple"},"_links":{"self":[{"href":"https:\/\/nordicmart.andreevmaster.com\/fi\/wp-json\/wp\/v2\/product\/32521","targetHints":{"allow":["GET"]}}],"collection":[{"href":"https:\/\/nordicmart.andreevmaster.com\/fi\/wp-json\/wp\/v2\/product"}],"about":[{"href":"https:\/\/nordicmart.andreevmaster.com\/fi\/wp-json\/wp\/v2\/types\/product"}],"replies":[{"embeddable":true,"href":"https:\/\/nordicmart.andreevmaster.com\/fi\/wp-json\/wp\/v2\/comments?post=32521"}],"wp:featuredmedia":[{"embeddable":true,"href":"https:\/\/nordicmart.andreevmaster.com\/fi\/wp-json\/wp\/v2\/media\/41522"}],"wp:attachment":[{"href":"https:\/\/nordicmart.andreevmaster.com\/fi\/wp-json\/wp\/v2\/media?parent=32521"}],"wp:term":[{"taxonomy":"product_brand","embeddable":true,"href":"https:\/\/nordicmart.andreevmaster.com\/fi\/wp-json\/wp\/v2\/product_brand?post=32521"},{"taxonomy":"product_cat","embeddable":true,"href":"https:\/\/nordicmart.andreevmaster.com\/fi\/wp-json\/wp\/v2\/product_cat?post=32521"},{"taxonomy":"product_tag","embeddable":true,"href":"https:\/\/nordicmart.andreevmaster.com\/fi\/wp-json\/wp\/v2\/product_tag?post=32521"}],"curies":[{"name":"wp","href":"https:\/\/api.w.org\/{rel}","templated":true}]}}