{"id":32520,"date":"2026-02-27T00:17:42","date_gmt":"2026-02-27T00:17:42","guid":{"rendered":"https:\/\/nordicmart.andreevmaster.com\/product\/vasagle-industrial-look-kirjahylly\/"},"modified":"2026-02-27T09:39:20","modified_gmt":"2026-02-27T09:39:20","slug":"vasagle-industrial-look-kirjahylly","status":"publish","type":"product","link":"https:\/\/nordicmart.andreevmaster.com\/fi\/tuote\/vasagle-industrial-look-kirjahylly\/","title":{"rendered":"VASAGLE Industrial Look -kirjahylly"},"content":{"rendered":"<p>VASAGLE:n 4 hyllyll\u00e4 varustettu kirjahylly sopii houkuttelevan teollisen tyylins\u00e4 ja toimivan muotoilunsa ansiosta mihin tahansa huoneeseen ja on aina todellinen silm\u00e4nilo.  Sijoita se olohuoneeseen T\u00e4yt\u00e4 hyllyt kirjoilla, kasveilla ja silmiinpist\u00e4vill\u00e4 koristeilla ja tee hyllyst\u00e4 kotisi keskipiste. Sijoita se toimistoosi S\u00e4ilyt\u00e4 ammattikirjallisuutta ja t\u00e4rkeit\u00e4 asiakirjoja siististi ja aina k\u00e4den ulottuvilla. Sijoita uudelleen Jos sinulla on tilava asunto ja olet jo useaan otteeseen miettinyt sen sisustamista teolliseen tyyliin, t\u00e4m\u00e4 hylly on varmasti sinulle sopiva.  Yhdess\u00e4 muiden VASAGLE:n teollisen muotoilun huonekalujen kanssa voit luoda suoraviivaisen, avoimen ja toimivan asuinymp\u00e4rist\u00f6n ilman turhia koristeita, joka on varustettu tehdaselementtej\u00e4. Etsi vain hakusanalla &#8221;VASAGLE&#8221; ja l\u00f6yd\u00e4t monia muita sopivia huonekaluja. Tuotetiedot: &#8211; V\u00e4ri: vintage-ruskea-musta &#8211; Materiaali: lastulevy, ter\u00e4s &#8211; Koko: 74 x 30 x 154,5 cm (P x L x K) &#8211; Paino: 22,8 kg &#8211; Hyllytasojen enimm\u00e4iskuormitus: 25 kg Toimitus sis\u00e4lt\u00e4\u00e4: &#8211; 1 x kirjahylly &#8211; 1 x lis\u00e4varustepussi &#8211; 1 x ohjeet (DE, EN, FR, ES, IT) VASAGLE Huomautukset: &#8211; \u00c4l\u00e4 altista tuotetta pitk\u00e4\u00e4n voimakkaalle auringonvalolle tai kosteudelle. &#8211; K\u00e4yt\u00e4 kaatumissuojaa hyllyn kiinnitt\u00e4miseksi turvallisesti sein\u00e4\u00e4n.<\/p>\n","protected":false},"excerpt":{"rendered":"<p>VASAGLE Kirjahylly, toimistohylly, 4-tasoinen tilanjakaja, teollinen muotoilu, olohuone, toimisto, ty\u00f6huone, paljon s\u00e4ilytystilaa, suuri, vakaa, helppo koota, vintage-ruskea-musta LBC12BX<\/p>\n","protected":false},"featured_media":41521,"comment_status":"open","ping_status":"closed","template":"","meta":[],"product_brand":[],"product_cat":[32],"product_tag":[],"class_list":{"0":"post-32520","1":"product","2":"type-product","3":"status-publish","4":"has-post-thumbnail","6":"product_cat-uncategorized-fi","8":"first","9":"instock","10":"shipping-taxable","11":"purchasable","12":"product-type-simple"},"_links":{"self":[{"href":"https:\/\/nordicmart.andreevmaster.com\/fi\/wp-json\/wp\/v2\/product\/32520","targetHints":{"allow":["GET"]}}],"collection":[{"href":"https:\/\/nordicmart.andreevmaster.com\/fi\/wp-json\/wp\/v2\/product"}],"about":[{"href":"https:\/\/nordicmart.andreevmaster.com\/fi\/wp-json\/wp\/v2\/types\/product"}],"replies":[{"embeddable":true,"href":"https:\/\/nordicmart.andreevmaster.com\/fi\/wp-json\/wp\/v2\/comments?post=32520"}],"wp:featuredmedia":[{"embeddable":true,"href":"https:\/\/nordicmart.andreevmaster.com\/fi\/wp-json\/wp\/v2\/media\/41521"}],"wp:attachment":[{"href":"https:\/\/nordicmart.andreevmaster.com\/fi\/wp-json\/wp\/v2\/media?parent=32520"}],"wp:term":[{"taxonomy":"product_brand","embeddable":true,"href":"https:\/\/nordicmart.andreevmaster.com\/fi\/wp-json\/wp\/v2\/product_brand?post=32520"},{"taxonomy":"product_cat","embeddable":true,"href":"https:\/\/nordicmart.andreevmaster.com\/fi\/wp-json\/wp\/v2\/product_cat?post=32520"},{"taxonomy":"product_tag","embeddable":true,"href":"https:\/\/nordicmart.andreevmaster.com\/fi\/wp-json\/wp\/v2\/product_tag?post=32520"}],"curies":[{"name":"wp","href":"https:\/\/api.w.org\/{rel}","templated":true}]}}