{"id":32519,"date":"2026-02-27T00:17:42","date_gmt":"2026-02-27T00:17:42","guid":{"rendered":"https:\/\/nordicmart.andreevmaster.com\/product\/vasagle-5-tasoinen-kirjahylly\/"},"modified":"2026-02-27T09:39:20","modified_gmt":"2026-02-27T09:39:20","slug":"vasagle-5-tasoinen-kirjahylly","status":"publish","type":"product","link":"https:\/\/nordicmart.andreevmaster.com\/fi\/tuote\/vasagle-5-tasoinen-kirjahylly\/","title":{"rendered":"VASAGLE 5-tasoinen kirjahylly"},"content":{"rendered":"<p>Tuotetiedot: V\u00e4ri: Vintage-ruskea-musta Materiaali: Puulastulevy, ter\u00e4s Koko: 74 x 30 x 150 cm (P x L x K) Paino: 15,7 kg Maks. staattinen kantavuus hyllytasoa kohti: 30 kg Toimitus sis\u00e4lt\u00e4\u00e4: 1 x kirjahylly 1 x lis\u00e4varustepaketti 2 x kaatumissuoja 1 x ohjeet VASAGLE Huomautukset:Turvallisuussyist\u00e4 lapset eiv\u00e4t saa kiivet\u00e4 tuotteelle tai leikki\u00e4 sill\u00e4. Hyllykerroksen suurin staattinen kantavuus on 30 kg. \u00c4l\u00e4 ylit\u00e4 t\u00e4t\u00e4 enimm\u00e4ispainoa. Kiinnit\u00e4 t\u00e4m\u00e4 tuote sein\u00e4\u00e4n mukana toimitetulla kaatumissuojalla turvallisen k\u00e4yt\u00f6n varmistamiseksi.<\/p>\n","protected":false},"excerpt":{"rendered":"<p>VASAGLE kirjahylly, 5-tasoinen hylly, lattialla seisova hylly, toimistohylly, avoimet lokerot, teollinen muotoilu, olohuoneeseen, makuuhuoneeseen, toimistoon, ty\u00f6huoneeseen, kotitoimistoon, vintage-ruskea-musta LBC121B01<\/p>\n","protected":false},"featured_media":41520,"comment_status":"open","ping_status":"closed","template":"","meta":[],"product_brand":[],"product_cat":[32],"product_tag":[],"class_list":{"0":"post-32519","1":"product","2":"type-product","3":"status-publish","4":"has-post-thumbnail","6":"product_cat-uncategorized-fi","8":"first","9":"instock","10":"shipping-taxable","11":"purchasable","12":"product-type-simple"},"_links":{"self":[{"href":"https:\/\/nordicmart.andreevmaster.com\/fi\/wp-json\/wp\/v2\/product\/32519","targetHints":{"allow":["GET"]}}],"collection":[{"href":"https:\/\/nordicmart.andreevmaster.com\/fi\/wp-json\/wp\/v2\/product"}],"about":[{"href":"https:\/\/nordicmart.andreevmaster.com\/fi\/wp-json\/wp\/v2\/types\/product"}],"replies":[{"embeddable":true,"href":"https:\/\/nordicmart.andreevmaster.com\/fi\/wp-json\/wp\/v2\/comments?post=32519"}],"wp:featuredmedia":[{"embeddable":true,"href":"https:\/\/nordicmart.andreevmaster.com\/fi\/wp-json\/wp\/v2\/media\/41520"}],"wp:attachment":[{"href":"https:\/\/nordicmart.andreevmaster.com\/fi\/wp-json\/wp\/v2\/media?parent=32519"}],"wp:term":[{"taxonomy":"product_brand","embeddable":true,"href":"https:\/\/nordicmart.andreevmaster.com\/fi\/wp-json\/wp\/v2\/product_brand?post=32519"},{"taxonomy":"product_cat","embeddable":true,"href":"https:\/\/nordicmart.andreevmaster.com\/fi\/wp-json\/wp\/v2\/product_cat?post=32519"},{"taxonomy":"product_tag","embeddable":true,"href":"https:\/\/nordicmart.andreevmaster.com\/fi\/wp-json\/wp\/v2\/product_tag?post=32519"}],"curies":[{"name":"wp","href":"https:\/\/api.w.org\/{rel}","templated":true}]}}