{"id":32517,"date":"2026-02-27T00:17:41","date_gmt":"2026-02-27T00:17:41","guid":{"rendered":"https:\/\/nordicmart.andreevmaster.com\/product\/traebogreol-gulvstaende-bogreol-i-8-niveauer-med-traehylder-til-stuen-hjemmekontoret-hvid-2\/"},"modified":"2026-02-27T09:39:20","modified_gmt":"2026-02-27T09:39:20","slug":"traebogreol-gulvstaende-bogreol-i-8-niveauer-med-traehylder-til-stuen-hjemmekontoret-hvid-2","status":"publish","type":"product","link":"https:\/\/nordicmart.andreevmaster.com\/fi\/tuote\/traebogreol-gulvstaende-bogreol-i-8-niveauer-med-traehylder-til-stuen-hjemmekontoret-hvid-2\/","title":{"rendered":"Tr\u00e6bogreol, gulvst\u00e5ende bogreol i 8 niveauer med tr\u00e6hylder til stuen, hjemmekontoret, hvid"},"content":{"rendered":"<p>KIRJAHYLLY KIRJALLISUUDEN YST\u00c4VILLE: Geometrisella siluetillaan ja ainutlaatuisilla ominaisuuksillaan t\u00e4m\u00e4 puinen kirjahylly on valoisa elementti kotitoimistossasi; t\u00e4yt\u00e4 sen lukuisat hyllyt suosikkikirjoillasi ja luo silmiinpist\u00e4v\u00e4 esillepano. <\/p>\n<p>PIENIIN TILOIHIN: Hyllyss\u00e4 on 8 avointa hylly\u00e4, joihin mahtuu paljon kirjoja (A4- ja A5-koko) ja muita koriste-esineit\u00e4, mutta se vie vain v\u00e4h\u00e4n lattiatilaa. Koko 50 x 25 x 141,5 cm (P x L x K) sopii t\u00e4ydellisesti huoneistoihin, kapeisiin tiloihin, luokkahuoneisiin tai nurkkiin.<\/p>\n<p>AINUTLAATUINEN VAKAUS: Laadukas lastulevy ja kiinnikkeet takaavat tukevan ja kest\u00e4v\u00e4n rakenteen; mukana kaatumisenestolaite lis\u00e4\u00e4 vakautta, jokainen hylly kest\u00e4\u00e4 jopa 10 kg:n painon<\/p>\n<p>HELPPO KOOTA: Toimitetaan numeroiduilla osilla ja kuvitetuilla ohjeilla, joten yhden henkil\u00f6n on helppo koota t\u00e4m\u00e4 kirjahylly ilman apua. 100 % TYYTYV\u00c4ISYYS: Tarjoamme aina ammattitaitoista asiakaspalvelua ennen ja j\u00e4lkeen ostoksesi, joten \u00e4l\u00e4 odota en\u00e4\u00e4, vaan nauti siit\u00e4 heti.<\/p>\n<p>Ainutlaatuinen muotoilu moderniin sisustukseen Ainutlaatuisella puumaisella muotoilullaan kirjahyllyss\u00e4 on 8 hylly\u00e4, jotka tarjoavat runsaasti tilaa suurelle m\u00e4\u00e4r\u00e4lle kirjoja, ja samalla se on tyylik\u00e4s ja houkutteleva huonekalu huoneeseesi.Vakaa ja turvallinenLastulevykehys ja mukana toimitettu kaatumissuoja takaavat vakauden ja kest\u00e4vyyden, vaikka hylly olisi t\u00e4ynn\u00e4 kirjoja. Monipuolinen Avoin hyllykk\u00f6 tarjoaa selke\u00e4n n\u00e4kym\u00e4n ja helpon p\u00e4\u00e4syn kirjoihin, ja se sopii kaikkiin huoneisiin: olohuoneeseen, makuuhuoneeseen, leikkihuoneeseen, eteiseen ja parvekkeelle (ei s\u00e4\u00e4nkest\u00e4v\u00e4).Tuotetiedot: &#8211; V\u00e4ri: valkoinen &#8211; Materiaali: lastulevy &#8211; Mitat: 50 x 141,5 x 25 cm (L x K x S) &#8211; Paino: 13 kg &#8211; Maks. kantavuus: 10 kg\/hylly. Kantavuus: 10 kg\/hylly Toimitus sis\u00e4lt\u00e4\u00e4: &#8211; 1 x kirjahylly &#8211; 1 x lis\u00e4varustetasku &#8211; 1 x k\u00e4ytt\u00f6ohje (DE, EN, FR, IT, ES) VASAGLE Huomautukset: &#8211; Puhdista kirjahylly kostealla liinalla ja kuivaa se.- Kiinnit\u00e4 tuote sein\u00e4\u00e4n kaatumissuojalla turvallisuuden vuoksi.<\/p>\n","protected":false},"excerpt":{"rendered":"<p>KIRJAHYLLY KIRJALLISUUDEN YST\u00c4VILLE: Geometrisella siluetillaan ja ainutlaatuisilla ominaisuuksillaan t\u00e4m\u00e4 puinen kirjahylly on valoisa elementti kotitoimistossasi; t\u00e4yt\u00e4 sen lukuisat hyllyt suosikkikirjoillasi ja luo silmiinpist\u00e4v\u00e4 esillepano. PIENIIN TILOIHIN: Hyllyss\u00e4 on 8 avointa hylly\u00e4, joihin mahtuu paljon kirjoja (A4- ja A5-koko) ja muita koriste-esineit\u00e4, mutta se vie vain v\u00e4h\u00e4n lattiatilaa. Koko 50 x 25 x 141,5 cm (P [&hellip;]<\/p>\n","protected":false},"featured_media":0,"comment_status":"open","ping_status":"closed","template":"","meta":[],"product_brand":[],"product_cat":[32],"product_tag":[],"class_list":{"0":"post-32517","1":"product","2":"type-product","3":"status-publish","5":"product_cat-uncategorized-fi","7":"first","8":"instock","9":"shipping-taxable","10":"product-type-simple"},"_links":{"self":[{"href":"https:\/\/nordicmart.andreevmaster.com\/fi\/wp-json\/wp\/v2\/product\/32517","targetHints":{"allow":["GET"]}}],"collection":[{"href":"https:\/\/nordicmart.andreevmaster.com\/fi\/wp-json\/wp\/v2\/product"}],"about":[{"href":"https:\/\/nordicmart.andreevmaster.com\/fi\/wp-json\/wp\/v2\/types\/product"}],"replies":[{"embeddable":true,"href":"https:\/\/nordicmart.andreevmaster.com\/fi\/wp-json\/wp\/v2\/comments?post=32517"}],"wp:attachment":[{"href":"https:\/\/nordicmart.andreevmaster.com\/fi\/wp-json\/wp\/v2\/media?parent=32517"}],"wp:term":[{"taxonomy":"product_brand","embeddable":true,"href":"https:\/\/nordicmart.andreevmaster.com\/fi\/wp-json\/wp\/v2\/product_brand?post=32517"},{"taxonomy":"product_cat","embeddable":true,"href":"https:\/\/nordicmart.andreevmaster.com\/fi\/wp-json\/wp\/v2\/product_cat?post=32517"},{"taxonomy":"product_tag","embeddable":true,"href":"https:\/\/nordicmart.andreevmaster.com\/fi\/wp-json\/wp\/v2\/product_tag?post=32517"}],"curies":[{"name":"wp","href":"https:\/\/api.w.org\/{rel}","templated":true}]}}