{"id":32511,"date":"2026-02-27T00:17:40","date_gmt":"2026-02-27T00:17:40","guid":{"rendered":"https:\/\/nordicmart.andreevmaster.com\/product\/vasagle-kirjahylly-10-kuutiota\/"},"modified":"2026-02-27T09:39:18","modified_gmt":"2026-02-27T09:39:18","slug":"vasagle-kirjahylly-10-kuutiota","status":"publish","type":"product","link":"https:\/\/nordicmart.andreevmaster.com\/fi\/tuote\/vasagle-kirjahylly-10-kuutiota\/","title":{"rendered":"VASAGLE-kirjahylly, 10 kuutiota"},"content":{"rendered":"<p>Tyylik\u00e4s ja k\u00e4yt\u00e4nn\u00f6llinen T\u00e4m\u00e4 kirjahylly tarjoaa runsaasti tilaa koriste-esineille, taloustavaroille ja kirjoille ja sopii erinomaisesti kotiisi.  Paljon s\u00e4ilytystilaa Vapaasti seisova hylly sopii my\u00f6s erilaisten esineiden, kuten lelujen, vaatteiden, asiakirjojen, kirjojen jne. s\u00e4ilytykseen. Sijoita se lastenhuoneeseen, olohuoneeseen, toimistoon tai kotitoimistoon.  Helppo koota Kaikki t\u00e4m\u00e4n hyllyn osat on numeroitu ja mukana toimitetaan my\u00f6s yksityiskohtaiset ohjeet. N\u00e4in kokoaminen sujuu nopeasti ja helposti. Lis\u00e4ksi kaikki reunat on tiivistetty, joten sinun ei tarvitse huolehtia sirpaleista. Tuotetiedot: &#8211; V\u00e4ri: tummanruskea\/vintage &#8211; Materiaali: lastulevy &#8211; Tuotteen mitat: 129,5 x 29 cm x 129,5 (P x L x K) &#8211; Paino: 27,3 kg &#8211; Staattinen kantavuus per kuutio: 15 kg Toimitus sis\u00e4lt\u00e4\u00e4:- 1 x kirjahylly &#8211; 1 x lis\u00e4varustepaketti &#8211; 1 x ohjeet (DE, EN, FR, ES, IT) VASAGLE-ohjeet: &#8211; Puhdista kirjahylly kostealla liinalla ja kuivaa se sitten. &#8211; Kiinnit\u00e4 t\u00e4m\u00e4 tuote sein\u00e4\u00e4n mukana toimitetulla kaatumissuojalla turvallisen k\u00e4yt\u00f6n varmistamiseksi.<\/p>\n","protected":false},"excerpt":{"rendered":"<p>VASAGLE Kirjahylly, portaat, 10 kuutio-lokeroa, puinen n\u00e4yttelyhylly, vapaasti seisova hylly, tilanjakaja, valkoinen LBC10WTV1<\/p>\n","protected":false},"featured_media":41514,"comment_status":"open","ping_status":"closed","template":"","meta":[],"product_brand":[],"product_cat":[32],"product_tag":[],"class_list":{"0":"post-32511","1":"product","2":"type-product","3":"status-publish","4":"has-post-thumbnail","6":"product_cat-uncategorized-fi","8":"first","9":"instock","10":"shipping-taxable","11":"purchasable","12":"product-type-simple"},"_links":{"self":[{"href":"https:\/\/nordicmart.andreevmaster.com\/fi\/wp-json\/wp\/v2\/product\/32511","targetHints":{"allow":["GET"]}}],"collection":[{"href":"https:\/\/nordicmart.andreevmaster.com\/fi\/wp-json\/wp\/v2\/product"}],"about":[{"href":"https:\/\/nordicmart.andreevmaster.com\/fi\/wp-json\/wp\/v2\/types\/product"}],"replies":[{"embeddable":true,"href":"https:\/\/nordicmart.andreevmaster.com\/fi\/wp-json\/wp\/v2\/comments?post=32511"}],"wp:featuredmedia":[{"embeddable":true,"href":"https:\/\/nordicmart.andreevmaster.com\/fi\/wp-json\/wp\/v2\/media\/41514"}],"wp:attachment":[{"href":"https:\/\/nordicmart.andreevmaster.com\/fi\/wp-json\/wp\/v2\/media?parent=32511"}],"wp:term":[{"taxonomy":"product_brand","embeddable":true,"href":"https:\/\/nordicmart.andreevmaster.com\/fi\/wp-json\/wp\/v2\/product_brand?post=32511"},{"taxonomy":"product_cat","embeddable":true,"href":"https:\/\/nordicmart.andreevmaster.com\/fi\/wp-json\/wp\/v2\/product_cat?post=32511"},{"taxonomy":"product_tag","embeddable":true,"href":"https:\/\/nordicmart.andreevmaster.com\/fi\/wp-json\/wp\/v2\/product_tag?post=32511"}],"curies":[{"name":"wp","href":"https:\/\/api.w.org\/{rel}","templated":true}]}}