{"id":32507,"date":"2026-02-27T00:17:39","date_gmt":"2026-02-27T00:17:39","guid":{"rendered":"https:\/\/nordicmart.andreevmaster.com\/product\/vasagle-hyllykko-3-lokeroa-valkoinen\/"},"modified":"2026-02-27T09:39:17","modified_gmt":"2026-02-27T09:39:17","slug":"vasagle-hyllykko-3-lokeroa-valkoinen","status":"publish","type":"product","link":"https:\/\/nordicmart.andreevmaster.com\/fi\/tuote\/vasagle-hyllykko-3-lokeroa-valkoinen\/","title":{"rendered":"VASAGLE hyllykk\u00f6, 3 lokeroa, valkoinen"},"content":{"rendered":"<p>VASAGLE kirjahylly, hylly 3 lokerolla, lattialla seisova hylly, korkeuss\u00e4\u00e4dett\u00e4vill\u00e4 hyllyill\u00e4, olohuoneeseen, lastenhuoneeseen, toimistoon<br \/>\nV\u00e4ri: pilvinen valkoinen<br \/>\nMateriaali: lastulevy<br \/>\nKoko: 24 x 60 x 93 cm (S x L x K)<br \/>\nPaino: 12,5 kg<br \/>\nMaks. staattinen kantavuus per lokero: 10 kg<br \/>\nMaks. staattinen kantavuus yhteens\u00e4: 40 kg<\/p>\n","protected":false},"excerpt":{"rendered":"<p>VASAGLE kirjahylly, hylly 3 lokerolla, lattialla seisova hylly, korkeuss\u00e4\u00e4dett\u00e4vill\u00e4 hyllyill\u00e4, olohuoneeseen, lastenhuoneeseen, toimistoon<\/p>\n","protected":false},"featured_media":41510,"comment_status":"open","ping_status":"closed","template":"","meta":[],"product_brand":[],"product_cat":[32],"product_tag":[],"class_list":{"0":"post-32507","1":"product","2":"type-product","3":"status-publish","4":"has-post-thumbnail","6":"product_cat-uncategorized-fi","8":"first","9":"instock","10":"shipping-taxable","11":"purchasable","12":"product-type-simple"},"_links":{"self":[{"href":"https:\/\/nordicmart.andreevmaster.com\/fi\/wp-json\/wp\/v2\/product\/32507","targetHints":{"allow":["GET"]}}],"collection":[{"href":"https:\/\/nordicmart.andreevmaster.com\/fi\/wp-json\/wp\/v2\/product"}],"about":[{"href":"https:\/\/nordicmart.andreevmaster.com\/fi\/wp-json\/wp\/v2\/types\/product"}],"replies":[{"embeddable":true,"href":"https:\/\/nordicmart.andreevmaster.com\/fi\/wp-json\/wp\/v2\/comments?post=32507"}],"wp:featuredmedia":[{"embeddable":true,"href":"https:\/\/nordicmart.andreevmaster.com\/fi\/wp-json\/wp\/v2\/media\/41510"}],"wp:attachment":[{"href":"https:\/\/nordicmart.andreevmaster.com\/fi\/wp-json\/wp\/v2\/media?parent=32507"}],"wp:term":[{"taxonomy":"product_brand","embeddable":true,"href":"https:\/\/nordicmart.andreevmaster.com\/fi\/wp-json\/wp\/v2\/product_brand?post=32507"},{"taxonomy":"product_cat","embeddable":true,"href":"https:\/\/nordicmart.andreevmaster.com\/fi\/wp-json\/wp\/v2\/product_cat?post=32507"},{"taxonomy":"product_tag","embeddable":true,"href":"https:\/\/nordicmart.andreevmaster.com\/fi\/wp-json\/wp\/v2\/product_tag?post=32507"}],"curies":[{"name":"wp","href":"https:\/\/api.w.org\/{rel}","templated":true}]}}