{"id":32504,"date":"2026-02-27T00:17:38","date_gmt":"2026-02-27T00:17:38","guid":{"rendered":"https:\/\/nordicmart.andreevmaster.com\/product\/vasagle-yksinkertainen-kirjahylly-3-hyllya-valkoinen\/"},"modified":"2026-02-27T09:39:17","modified_gmt":"2026-02-27T09:39:17","slug":"vasagle-yksinkertainen-kirjahylly-3-hyllya-valkoinen","status":"publish","type":"product","link":"https:\/\/nordicmart.andreevmaster.com\/fi\/tuote\/vasagle-yksinkertainen-kirjahylly-3-hyllya-valkoinen\/","title":{"rendered":"VASAGLE Yksinkertainen kirjahylly, 3 hylly\u00e4, valkoinen"},"content":{"rendered":"<p>Kirjahyllymme tarjoaa runsaasti s\u00e4ilytystilaa suosikkikirjoillesi tai DVD-levyillesi. Aseta hylly lastenhuoneeseen lastesi koulukirjojen s\u00e4ilytt\u00e4mist\u00e4 varten, sijoita se olohuoneeseen lukutuolin viereen tai rakenna kirjahylly makuuhuoneeseesi. Mukana tulevien monikielisten asennusohjeiden avulla my\u00f6s k\u00e4det\u00f6n henkil\u00f6 pystyy kokoamaan hyllyn helposti. Lis\u00e4ksi kaikki osat on numeroitu, joten l\u00f6yd\u00e4t ne nopeasti. Asennuksen helpottamiseksi olemme tehneet sivupaneeleihin lovet takasein\u00e4\u00e4 varten. Takasein\u00e4 voidaan nyt helposti ty\u00f6nt\u00e4\u00e4 paikalleen ja kiinnitt\u00e4\u00e4 takasein\u00e4n kiinnikkeill\u00e4. T\u00e4m\u00e4 lis\u00e4\u00e4 my\u00f6s vakautta huomattavasti. Mukana toimitetaan my\u00f6s vararuuvi tulevaa tarvetta varten. Lis\u00e4ksi olemme varustaneet kirjahyllyn kaatumissuojalla, joka lis\u00e4\u00e4 turvallisuutta. Mukana toimitetaan my\u00f6s jalkaliukukappaleet, jotka suojaavat lattiaasi naarmuilta ja vaurioilta. \u00c4l\u00e4 ep\u00e4r\u00f6i, vaan tee ostop\u00e4\u00e4t\u00f6s jo t\u00e4n\u00e4\u00e4n. Osta monik\u00e4ytt\u00f6inen hyllymme, jotta voit nauttia mukavista lukutuokioista ty\u00f6p\u00e4iv\u00e4n j\u00e4lkeen. Tuotetiedot: &#8211; V\u00e4ri: valkoinen &#8211; Materiaali: lastulevy ja MDF-levy (luokka E1) melamiiniviilulla &#8211; Mitat: 40 x 93 x 24 cm (L x K x S) &#8211; Paino: 9,5 kg &#8211; Maks. kantavuus: 30 kg yl\u00e4hylly; 15 kg per hyllytoimitukseen sis\u00e4ltyy: &#8211; 1 x kirjahylly &#8211; 1 x lis\u00e4varustepussi &#8211; 1 x ohjeet (DE, EN, FR, IT, ES)<\/p>\n","protected":false},"excerpt":{"rendered":"<p>VASAGLE Kirjahylly, 3 lokeroa, s\u00e4\u00e4dett\u00e4v\u00e4t hyllytasot, valkoinen hylly, asiakirjahylly olohuoneeseen, lastenhuoneeseen ja kotitoimistoon, 40 x 93 x 24 cm (L x K x S) LBC103W<\/p>\n","protected":false},"featured_media":41507,"comment_status":"open","ping_status":"closed","template":"","meta":[],"product_brand":[],"product_cat":[32],"product_tag":[],"class_list":{"0":"post-32504","1":"product","2":"type-product","3":"status-publish","4":"has-post-thumbnail","6":"product_cat-uncategorized-fi","8":"first","9":"instock","10":"shipping-taxable","11":"purchasable","12":"product-type-simple"},"_links":{"self":[{"href":"https:\/\/nordicmart.andreevmaster.com\/fi\/wp-json\/wp\/v2\/product\/32504","targetHints":{"allow":["GET"]}}],"collection":[{"href":"https:\/\/nordicmart.andreevmaster.com\/fi\/wp-json\/wp\/v2\/product"}],"about":[{"href":"https:\/\/nordicmart.andreevmaster.com\/fi\/wp-json\/wp\/v2\/types\/product"}],"replies":[{"embeddable":true,"href":"https:\/\/nordicmart.andreevmaster.com\/fi\/wp-json\/wp\/v2\/comments?post=32504"}],"wp:featuredmedia":[{"embeddable":true,"href":"https:\/\/nordicmart.andreevmaster.com\/fi\/wp-json\/wp\/v2\/media\/41507"}],"wp:attachment":[{"href":"https:\/\/nordicmart.andreevmaster.com\/fi\/wp-json\/wp\/v2\/media?parent=32504"}],"wp:term":[{"taxonomy":"product_brand","embeddable":true,"href":"https:\/\/nordicmart.andreevmaster.com\/fi\/wp-json\/wp\/v2\/product_brand?post=32504"},{"taxonomy":"product_cat","embeddable":true,"href":"https:\/\/nordicmart.andreevmaster.com\/fi\/wp-json\/wp\/v2\/product_cat?post=32504"},{"taxonomy":"product_tag","embeddable":true,"href":"https:\/\/nordicmart.andreevmaster.com\/fi\/wp-json\/wp\/v2\/product_tag?post=32504"}],"curies":[{"name":"wp","href":"https:\/\/api.w.org\/{rel}","templated":true}]}}