{"id":32502,"date":"2026-02-27T00:17:37","date_gmt":"2026-02-27T00:17:37","guid":{"rendered":"https:\/\/nordicmart.andreevmaster.com\/product\/vasagle-baarituoli-2-kpl-65-cm-korkea-karamellinruskea\/"},"modified":"2026-02-27T09:39:16","modified_gmt":"2026-02-27T09:39:16","slug":"vasagle-baarituoli-2-kpl-65-cm-korkea-karamellinruskea","status":"publish","type":"product","link":"https:\/\/nordicmart.andreevmaster.com\/fi\/tuote\/vasagle-baarituoli-2-kpl-65-cm-korkea-karamellinruskea\/","title":{"rendered":"VASAGLE baarituoli 2 kpl 65 cm korkea karamellinruskea"},"content":{"rendered":"<p>VASAGLE EKHO -kokoelma \u2013 360\u00b0 k\u00e4\u00e4ntyv\u00e4 baarituoli, 2 kpl, keitti\u00f6saaren tuoli, baarituoli, tekonahka ompeleilla, mid-century-modern-tyyli, korkeus 65 cm, keitti\u00f6, kotibaari, musta LBC100B01<br \/>\nV\u00e4ri: karamellinruskea<br \/>\nMateriaali: ter\u00e4s, 58D-muotoiltu vaahtomuovi, PU-keinonahka (polyuretaani), vaneri<br \/>\nKoko per jakkara: 54 x 54 x 65 cm (S x L x K\uff09<br \/>\nKokonaispaino: 11,6 kg<br \/>\nSuurin staattinen kantavuus per jakkara: 120 kg<\/p>\n","protected":false},"excerpt":{"rendered":"<p>VASAGLE EKHO -kokoelma \u2013 360\u00b0 k\u00e4\u00e4ntyv\u00e4 baarituoli, 2 kpl, keitti\u00f6saaren tuoli, baarituoli, tekonahka ompeleilla, mid-century-modern-tyyli, korkeus 65 cm, keitti\u00f6, kotibaari, musta LBC100B01<\/p>\n","protected":false},"featured_media":41505,"comment_status":"open","ping_status":"closed","template":"","meta":[],"product_brand":[],"product_cat":[32],"product_tag":[],"class_list":{"0":"post-32502","1":"product","2":"type-product","3":"status-publish","4":"has-post-thumbnail","6":"product_cat-uncategorized-fi","8":"first","9":"instock","10":"shipping-taxable","11":"purchasable","12":"product-type-simple"},"_links":{"self":[{"href":"https:\/\/nordicmart.andreevmaster.com\/fi\/wp-json\/wp\/v2\/product\/32502","targetHints":{"allow":["GET"]}}],"collection":[{"href":"https:\/\/nordicmart.andreevmaster.com\/fi\/wp-json\/wp\/v2\/product"}],"about":[{"href":"https:\/\/nordicmart.andreevmaster.com\/fi\/wp-json\/wp\/v2\/types\/product"}],"replies":[{"embeddable":true,"href":"https:\/\/nordicmart.andreevmaster.com\/fi\/wp-json\/wp\/v2\/comments?post=32502"}],"wp:featuredmedia":[{"embeddable":true,"href":"https:\/\/nordicmart.andreevmaster.com\/fi\/wp-json\/wp\/v2\/media\/41505"}],"wp:attachment":[{"href":"https:\/\/nordicmart.andreevmaster.com\/fi\/wp-json\/wp\/v2\/media?parent=32502"}],"wp:term":[{"taxonomy":"product_brand","embeddable":true,"href":"https:\/\/nordicmart.andreevmaster.com\/fi\/wp-json\/wp\/v2\/product_brand?post=32502"},{"taxonomy":"product_cat","embeddable":true,"href":"https:\/\/nordicmart.andreevmaster.com\/fi\/wp-json\/wp\/v2\/product_cat?post=32502"},{"taxonomy":"product_tag","embeddable":true,"href":"https:\/\/nordicmart.andreevmaster.com\/fi\/wp-json\/wp\/v2\/product_tag?post=32502"}],"curies":[{"name":"wp","href":"https:\/\/api.w.org\/{rel}","templated":true}]}}