{"id":32499,"date":"2026-02-27T00:17:36","date_gmt":"2026-02-27T00:17:36","guid":{"rendered":"https:\/\/nordicmart.andreevmaster.com\/product\/vasagle-retro-kirjahylly-ovilla-60-x-30-x-120-cm\/"},"modified":"2026-02-27T09:39:16","modified_gmt":"2026-02-27T09:39:16","slug":"vasagle-retro-kirjahylly-ovilla-60-x-30-x-120-cm","status":"publish","type":"product","link":"https:\/\/nordicmart.andreevmaster.com\/fi\/tuote\/vasagle-retro-kirjahylly-ovilla-60-x-30-x-120-cm\/","title":{"rendered":"VASAGLE Retro-kirjahylly ovilla 60 x 30 x 120 cm"},"content":{"rendered":"<p>Retro, 50\/60-luvun tyyli On syy, miksi 50\/60-luvun tyyliset huonekalut ovat niin suosittuja: ne n\u00e4ytt\u00e4v\u00e4t aina ja kaikkialla upeilta.  T\u00e4m\u00e4 kirjahylly sopii moniin sisustustyyleihin ja n\u00e4ytt\u00e4\u00e4 upealta olohuoneessasi, ty\u00f6huoneessasi tai toimistossasi.  2 korkeaa hyllytasoa ja 2 kevyell\u00e4 painalluksella avautuvaa kaapinovea \u2013 t\u00e4m\u00e4 kirjahylly tarjoaa runsaasti tilaa monenlaisille esineille ja mahdollistaa nopean p\u00e4\u00e4syn kirjoihisi.  Todistettu VASAGLE-laatu T\u00e4m\u00e4 olohuoneen kaappi on valmistettu P2-lastulevyst\u00e4 ja kest\u00e4\u00e4 jopa 50 kg:n painon \u2013 t\u00e4ydellinen kirjoille, peleille, kasveille, koristeille ja muille esineille. Ulosp\u00e4in suuntautuvat jalat viittaavat trendikk\u00e4\u00e4seen retrotyyliin ja on valmistettu kumipuusta, mik\u00e4 tekee niist\u00e4 erityisen tukevat.  Jos pid\u00e4t t\u00e4st\u00e4 retrotyylisest\u00e4 kirjahyllyst\u00e4, tutustu my\u00f6s muihin VASAGLE:n sopiviin huonekaluihin!  Tuotetiedot: &#8211; V\u00e4ri: puunv\u00e4rinen\/ruskea &#8211; Materiaali: CARB P2 -lastulevy, kumipuu &#8211; Koko: 60 x 30 x 120 cm (P x L x K) &#8211; Paino: 16,8 kg &#8211; Maks. staattinen kantavuus: 50 kg  Toimitus sis\u00e4lt\u00e4\u00e4: &#8211; 1 x retro-tyylinen olohuoneen kaappi &#8211; 1 x ohjeet (DE, EN, FR, ES, IT)  VASAGLE-ohjeet: &#8211; Pid\u00e4 lapset poissa kaapin kulmista, jotta he eiv\u00e4t loukkaa itse\u00e4\u00e4n. &#8211; Nosta kaappi, kun haluat siirt\u00e4\u00e4 sit\u00e4. \u00c4l\u00e4 raahaa sit\u00e4 lattian p\u00e4\u00e4ll\u00e4. &#8211; \u00c4l\u00e4 paina t\u00e4m\u00e4n tuotteen ovia liian voimakkaasti. &#8211; Lapset saavat k\u00e4ytt\u00e4\u00e4 t\u00e4t\u00e4 kaappia vain aikuisen valvonnassa.<\/p>\n","protected":false},"excerpt":{"rendered":"<p>VASAGLE T\u00e4m\u00e4 kirjahylly yhdist\u00e4\u00e4 tyylin ja s\u00e4ilytystilan, jossa musta v\u00e4ri on pehmennetty rustiikkisella ruskealla romanttisemman ilmeen luomiseksi. Tuloksena on tyylik\u00e4s hylly, jossa on s\u00e4ilytystilaa koristeille ja v\u00e4ltt\u00e4m\u00e4tt\u00f6mille tavaroille.<\/p>\n","protected":false},"featured_media":41502,"comment_status":"open","ping_status":"closed","template":"","meta":[],"product_brand":[],"product_cat":[32],"product_tag":[],"class_list":{"0":"post-32499","1":"product","2":"type-product","3":"status-publish","4":"has-post-thumbnail","6":"product_cat-uncategorized-fi","8":"first","9":"instock","10":"shipping-taxable","11":"purchasable","12":"product-type-simple"},"_links":{"self":[{"href":"https:\/\/nordicmart.andreevmaster.com\/fi\/wp-json\/wp\/v2\/product\/32499","targetHints":{"allow":["GET"]}}],"collection":[{"href":"https:\/\/nordicmart.andreevmaster.com\/fi\/wp-json\/wp\/v2\/product"}],"about":[{"href":"https:\/\/nordicmart.andreevmaster.com\/fi\/wp-json\/wp\/v2\/types\/product"}],"replies":[{"embeddable":true,"href":"https:\/\/nordicmart.andreevmaster.com\/fi\/wp-json\/wp\/v2\/comments?post=32499"}],"wp:featuredmedia":[{"embeddable":true,"href":"https:\/\/nordicmart.andreevmaster.com\/fi\/wp-json\/wp\/v2\/media\/41502"}],"wp:attachment":[{"href":"https:\/\/nordicmart.andreevmaster.com\/fi\/wp-json\/wp\/v2\/media?parent=32499"}],"wp:term":[{"taxonomy":"product_brand","embeddable":true,"href":"https:\/\/nordicmart.andreevmaster.com\/fi\/wp-json\/wp\/v2\/product_brand?post=32499"},{"taxonomy":"product_cat","embeddable":true,"href":"https:\/\/nordicmart.andreevmaster.com\/fi\/wp-json\/wp\/v2\/product_cat?post=32499"},{"taxonomy":"product_tag","embeddable":true,"href":"https:\/\/nordicmart.andreevmaster.com\/fi\/wp-json\/wp\/v2\/product_tag?post=32499"}],"curies":[{"name":"wp","href":"https:\/\/api.w.org\/{rel}","templated":true}]}}