{"id":32496,"date":"2026-02-27T00:17:35","date_gmt":"2026-02-27T00:17:35","guid":{"rendered":"https:\/\/nordicmart.andreevmaster.com\/product\/vasagle-4-tasoinen-kirjahylly\/"},"modified":"2026-02-27T09:39:15","modified_gmt":"2026-02-27T09:39:15","slug":"vasagle-4-tasoinen-kirjahylly","status":"publish","type":"product","link":"https:\/\/nordicmart.andreevmaster.com\/fi\/tuote\/vasagle-4-tasoinen-kirjahylly\/","title":{"rendered":"VASAGLE 4-tasoinen kirjahylly"},"content":{"rendered":"<p>Kiehtova tarina Vain kirjoillesi ja CD-levyillesi? Ei tietenk\u00e4\u00e4n. Koristele sit\u00e4 pienell\u00e4 vintage-peilill\u00e4, puukehyksill\u00e4, rottinkikorilla ja kynttil\u00f6ill\u00e4. Ainoa puuttuva asia on teollisuustyylinen tuoli. Se luo l\u00e4mpim\u00e4n tunnelman ja sopii t\u00e4ydellisesti kirjahyllyysi. Sinun el\u00e4m\u00e4si, sinun valintasi Etk\u00f6 ole kiinnostunut runoudesta, proosasta&#8230; Ent\u00e4 gourmet-ruoka ja kasvit? Aseta kakkuja, v\u00e4lipaloja, kaktuksia tai muita kukka-asetelmia t\u00e4lle hyllylle. P\u00e4\u00e4t\u00f6s on sinun! Tuotetiedot: &#8211; V\u00e4ri: vintage-ruskea &#8211; Materiaali: puulastulevy &#8211; Koko: 67,5 x 30 x 120 cm (P x L x K) &#8211; Paino: 19,3 kg &#8211; Maks. staattinen kokonaiskuormitus: 40 kg Toimitus sis\u00e4lt\u00e4\u00e4: &#8211; 1 x kirjahylly &#8211; 1 x lis\u00e4varustepaketti &#8211; 1 x ohjeet (DE, FR, EN, ES, IT) VASAGLE-ohjeet: &#8211; Turvallisuussyist\u00e4 lapset eiv\u00e4t saa kiivet\u00e4 tuotteelle tai leikki\u00e4 sill\u00e4.- Kiinnit\u00e4 t\u00e4m\u00e4 tuote sein\u00e4\u00e4n mukana toimitetulla kaatumissuojalla turvallisen k\u00e4yt\u00f6n varmistamiseksi. &#8211; Etikettipidikkeet on esiasennettu ja niit\u00e4 ei voi poistaa.<\/p>\n","protected":false},"excerpt":{"rendered":"<p>VASAGLE kirjahylly, 4 tasoa, s\u00e4ilytyskaappi etikettitelineill\u00e4 ja yhdell\u00e4 laatikolla, kirjasto, toimistoon, olohuoneeseen, makuuhuoneeseen, 67,5 x 30 x 120 cm, vintage-ruskea LBC092X01<\/p>\n","protected":false},"featured_media":41499,"comment_status":"open","ping_status":"closed","template":"","meta":[],"product_brand":[],"product_cat":[32],"product_tag":[],"class_list":{"0":"post-32496","1":"product","2":"type-product","3":"status-publish","4":"has-post-thumbnail","6":"product_cat-uncategorized-fi","8":"first","9":"instock","10":"shipping-taxable","11":"purchasable","12":"product-type-simple"},"_links":{"self":[{"href":"https:\/\/nordicmart.andreevmaster.com\/fi\/wp-json\/wp\/v2\/product\/32496","targetHints":{"allow":["GET"]}}],"collection":[{"href":"https:\/\/nordicmart.andreevmaster.com\/fi\/wp-json\/wp\/v2\/product"}],"about":[{"href":"https:\/\/nordicmart.andreevmaster.com\/fi\/wp-json\/wp\/v2\/types\/product"}],"replies":[{"embeddable":true,"href":"https:\/\/nordicmart.andreevmaster.com\/fi\/wp-json\/wp\/v2\/comments?post=32496"}],"wp:featuredmedia":[{"embeddable":true,"href":"https:\/\/nordicmart.andreevmaster.com\/fi\/wp-json\/wp\/v2\/media\/41499"}],"wp:attachment":[{"href":"https:\/\/nordicmart.andreevmaster.com\/fi\/wp-json\/wp\/v2\/media?parent=32496"}],"wp:term":[{"taxonomy":"product_brand","embeddable":true,"href":"https:\/\/nordicmart.andreevmaster.com\/fi\/wp-json\/wp\/v2\/product_brand?post=32496"},{"taxonomy":"product_cat","embeddable":true,"href":"https:\/\/nordicmart.andreevmaster.com\/fi\/wp-json\/wp\/v2\/product_cat?post=32496"},{"taxonomy":"product_tag","embeddable":true,"href":"https:\/\/nordicmart.andreevmaster.com\/fi\/wp-json\/wp\/v2\/product_tag?post=32496"}],"curies":[{"name":"wp","href":"https:\/\/api.w.org\/{rel}","templated":true}]}}