{"id":32488,"date":"2026-02-27T00:17:33","date_gmt":"2026-02-27T00:17:33","guid":{"rendered":"https:\/\/nordicmart.andreevmaster.com\/product\/vasagle-ekho-kokoelma-2-kpl-baarituolia-selkanojalla\/"},"modified":"2026-02-27T09:39:13","modified_gmt":"2026-02-27T09:39:13","slug":"vasagle-ekho-kokoelma-2-kpl-baarituolia-selkanojalla","status":"publish","type":"product","link":"https:\/\/nordicmart.andreevmaster.com\/fi\/tuote\/vasagle-ekho-kokoelma-2-kpl-baarituolia-selkanojalla\/","title":{"rendered":"VASAGLE EKHO -kokoelma \u2013 2 kpl baarituolia selk\u00e4nojalla"},"content":{"rendered":"<p>VASAGLE EKHO -kokoelma \u2013 2 kpl baarituolia, k\u00e4\u00e4ntyv\u00e4 baarituoli selk\u00e4nojalla, keinonahka, ompeleilla, mid-century-modern-tyyli, korkeus 65 cm, keitti\u00f6, kotibaari<br \/>\n&#8211; V\u00e4ri: mets\u00e4nvihre\u00e4<br \/>\n&#8211; Materiaali: ter\u00e4s, 58D-muotoiltu vaahtomuovi, PU-keinonahka (polyuretaani), vaneri<br \/>\n&#8211; Koko per jakkara: 54 x 54 x 91 cm (S x L x K\uff09<br \/>\n&#8211; Istuinkorkeus: 65 cm<br \/>\n&#8211; Kokonaispaino: 13,6 kg<br \/>\n&#8211; Maks. staattinen kantavuus per jakkara: 120 kg<\/p>\n","protected":false},"excerpt":{"rendered":"<p>VASAGLE EKHO -kokoelma \u2013 2 kpl baarituolia, k\u00e4\u00e4ntyv\u00e4 baarituoli selk\u00e4nojalla, keinonahka, ompeleilla, mid-century-modern-tyyli, korkeus 65 cm, keitti\u00f6, kotibaari<\/p>\n","protected":false},"featured_media":0,"comment_status":"open","ping_status":"closed","template":"","meta":[],"product_brand":[],"product_cat":[32],"product_tag":[],"class_list":{"0":"post-32488","1":"product","2":"type-product","3":"status-publish","5":"product_cat-uncategorized-fi","7":"first","8":"instock","9":"shipping-taxable","10":"purchasable","11":"product-type-simple"},"_links":{"self":[{"href":"https:\/\/nordicmart.andreevmaster.com\/fi\/wp-json\/wp\/v2\/product\/32488","targetHints":{"allow":["GET"]}}],"collection":[{"href":"https:\/\/nordicmart.andreevmaster.com\/fi\/wp-json\/wp\/v2\/product"}],"about":[{"href":"https:\/\/nordicmart.andreevmaster.com\/fi\/wp-json\/wp\/v2\/types\/product"}],"replies":[{"embeddable":true,"href":"https:\/\/nordicmart.andreevmaster.com\/fi\/wp-json\/wp\/v2\/comments?post=32488"}],"wp:attachment":[{"href":"https:\/\/nordicmart.andreevmaster.com\/fi\/wp-json\/wp\/v2\/media?parent=32488"}],"wp:term":[{"taxonomy":"product_brand","embeddable":true,"href":"https:\/\/nordicmart.andreevmaster.com\/fi\/wp-json\/wp\/v2\/product_brand?post=32488"},{"taxonomy":"product_cat","embeddable":true,"href":"https:\/\/nordicmart.andreevmaster.com\/fi\/wp-json\/wp\/v2\/product_cat?post=32488"},{"taxonomy":"product_tag","embeddable":true,"href":"https:\/\/nordicmart.andreevmaster.com\/fi\/wp-json\/wp\/v2\/product_tag?post=32488"}],"curies":[{"name":"wp","href":"https:\/\/api.w.org\/{rel}","templated":true}]}}