{"id":32486,"date":"2026-02-27T00:17:33","date_gmt":"2026-02-27T00:17:33","guid":{"rendered":"https:\/\/nordicmart.andreevmaster.com\/product\/vasagle-baarituoli-2-kpl-62-cm-korkea-karamellinruskea\/"},"modified":"2026-02-27T09:39:13","modified_gmt":"2026-02-27T09:39:13","slug":"vasagle-baarituoli-2-kpl-62-cm-korkea-karamellinruskea","status":"publish","type":"product","link":"https:\/\/nordicmart.andreevmaster.com\/fi\/tuote\/vasagle-baarituoli-2-kpl-62-cm-korkea-karamellinruskea\/","title":{"rendered":"VASAGLE baarituoli 2 kpl 62 cm korkea karamellinruskea"},"content":{"rendered":"<p>VASAGLE baarituolien 2 kpl:n sarja, baarituolit, ergonominen selk\u00e4noja, keinonahka, metallijalat s\u00e4\u00e4dett\u00e4vill\u00e4 universaalijaloilla, kotibaari, helppo asennus<br \/>\nV\u00e4ri: karamellinruskea<br \/>\nMateriaali: kumipuu, ter\u00e4s, vaahtomuovi, PU-keinonahka (polyuretaani)<br \/>\nKoko: 49,5 x 50 x 87,5 cm (S x L x K)<br \/>\nIstuinkorkeus (lattiasta): 62 cm<br \/>\nKokonaispaino: 13,8 kg<br \/>\nSuurin staattinen kuormitus per jakkara: 120 kg<\/p>\n","protected":false},"excerpt":{"rendered":"<p>VASAGLE baarituolien 2 kpl:n sarja, baarituolit, ergonominen selk\u00e4noja, keinonahka, metallijalat s\u00e4\u00e4dett\u00e4vill\u00e4 universaalijaloilla, kotibaari, helppo asennus<\/p>\n","protected":false},"featured_media":41498,"comment_status":"open","ping_status":"closed","template":"","meta":[],"product_brand":[],"product_cat":[32],"product_tag":[],"class_list":{"0":"post-32486","1":"product","2":"type-product","3":"status-publish","4":"has-post-thumbnail","6":"product_cat-uncategorized-fi","8":"first","9":"instock","10":"shipping-taxable","11":"purchasable","12":"product-type-simple"},"_links":{"self":[{"href":"https:\/\/nordicmart.andreevmaster.com\/fi\/wp-json\/wp\/v2\/product\/32486","targetHints":{"allow":["GET"]}}],"collection":[{"href":"https:\/\/nordicmart.andreevmaster.com\/fi\/wp-json\/wp\/v2\/product"}],"about":[{"href":"https:\/\/nordicmart.andreevmaster.com\/fi\/wp-json\/wp\/v2\/types\/product"}],"replies":[{"embeddable":true,"href":"https:\/\/nordicmart.andreevmaster.com\/fi\/wp-json\/wp\/v2\/comments?post=32486"}],"wp:featuredmedia":[{"embeddable":true,"href":"https:\/\/nordicmart.andreevmaster.com\/fi\/wp-json\/wp\/v2\/media\/41498"}],"wp:attachment":[{"href":"https:\/\/nordicmart.andreevmaster.com\/fi\/wp-json\/wp\/v2\/media?parent=32486"}],"wp:term":[{"taxonomy":"product_brand","embeddable":true,"href":"https:\/\/nordicmart.andreevmaster.com\/fi\/wp-json\/wp\/v2\/product_brand?post=32486"},{"taxonomy":"product_cat","embeddable":true,"href":"https:\/\/nordicmart.andreevmaster.com\/fi\/wp-json\/wp\/v2\/product_cat?post=32486"},{"taxonomy":"product_tag","embeddable":true,"href":"https:\/\/nordicmart.andreevmaster.com\/fi\/wp-json\/wp\/v2\/product_tag?post=32486"}],"curies":[{"name":"wp","href":"https:\/\/api.w.org\/{rel}","templated":true}]}}