{"id":32485,"date":"2026-02-27T00:17:33","date_gmt":"2026-02-27T00:17:33","guid":{"rendered":"https:\/\/nordicmart.andreevmaster.com\/product\/vasagle-baarituolien-2-kpln-sarja-korkeus-62-cm-musta\/"},"modified":"2026-02-27T09:39:13","modified_gmt":"2026-02-27T09:39:13","slug":"vasagle-baarituolien-2-kpln-sarja-korkeus-62-cm-musta","status":"publish","type":"product","link":"https:\/\/nordicmart.andreevmaster.com\/fi\/tuote\/vasagle-baarituolien-2-kpln-sarja-korkeus-62-cm-musta\/","title":{"rendered":"VASAGLE baarituolien 2 kpl:n sarja, korkeus 62 cm, musta"},"content":{"rendered":"<p>VASAGLE baarituolien 2 kpl:n sarja, baarituolit, ergonominen selk\u00e4noja, keinonahka, metallijalat s\u00e4\u00e4dett\u00e4vill\u00e4 universaalijaloilla, kotibaari, helppo asennus<br \/>\nV\u00e4ri: musta<br \/>\nMateriaali: kumipuu, ter\u00e4s, vaahtomuovi, PU-keinonahka (polyuretaani)<br \/>\nKoko: 49,5 x 50 x 87,5 cm (S x L x K)<br \/>\nIstuinkorkeus (lattiasta): 62 cm<br \/>\nKokonaispaino: 13,8 kg<br \/>\nSuurin staattinen kuormitus per jakkara: 120 kg<\/p>\n","protected":false},"excerpt":{"rendered":"<p>VASAGLE baarituolien 2 kpl:n sarja, baarituolit, ergonominen selk\u00e4noja, keinonahka, metallijalat s\u00e4\u00e4dett\u00e4vill\u00e4 universaalijaloilla, kotibaari, helppo asennus<\/p>\n","protected":false},"featured_media":41497,"comment_status":"open","ping_status":"closed","template":"","meta":[],"product_brand":[],"product_cat":[32],"product_tag":[],"class_list":{"0":"post-32485","1":"product","2":"type-product","3":"status-publish","4":"has-post-thumbnail","6":"product_cat-uncategorized-fi","8":"first","9":"instock","10":"shipping-taxable","11":"purchasable","12":"product-type-simple"},"_links":{"self":[{"href":"https:\/\/nordicmart.andreevmaster.com\/fi\/wp-json\/wp\/v2\/product\/32485","targetHints":{"allow":["GET"]}}],"collection":[{"href":"https:\/\/nordicmart.andreevmaster.com\/fi\/wp-json\/wp\/v2\/product"}],"about":[{"href":"https:\/\/nordicmart.andreevmaster.com\/fi\/wp-json\/wp\/v2\/types\/product"}],"replies":[{"embeddable":true,"href":"https:\/\/nordicmart.andreevmaster.com\/fi\/wp-json\/wp\/v2\/comments?post=32485"}],"wp:featuredmedia":[{"embeddable":true,"href":"https:\/\/nordicmart.andreevmaster.com\/fi\/wp-json\/wp\/v2\/media\/41497"}],"wp:attachment":[{"href":"https:\/\/nordicmart.andreevmaster.com\/fi\/wp-json\/wp\/v2\/media?parent=32485"}],"wp:term":[{"taxonomy":"product_brand","embeddable":true,"href":"https:\/\/nordicmart.andreevmaster.com\/fi\/wp-json\/wp\/v2\/product_brand?post=32485"},{"taxonomy":"product_cat","embeddable":true,"href":"https:\/\/nordicmart.andreevmaster.com\/fi\/wp-json\/wp\/v2\/product_cat?post=32485"},{"taxonomy":"product_tag","embeddable":true,"href":"https:\/\/nordicmart.andreevmaster.com\/fi\/wp-json\/wp\/v2\/product_tag?post=32485"}],"curies":[{"name":"wp","href":"https:\/\/api.w.org\/{rel}","templated":true}]}}