{"id":32484,"date":"2026-02-27T00:17:32","date_gmt":"2026-02-27T00:17:32","guid":{"rendered":"https:\/\/nordicmart.andreevmaster.com\/product\/vasagle-baarituolit-2-kpl-korkeat-tuolit-keittioon-aamiaiselle-kaarevalla-selkanojalla\/"},"modified":"2026-02-27T09:39:12","modified_gmt":"2026-02-27T09:39:12","slug":"vasagle-baarituolit-2-kpl-korkeat-tuolit-keittioon-aamiaiselle-kaarevalla-selkanojalla","status":"publish","type":"product","link":"https:\/\/nordicmart.andreevmaster.com\/fi\/tuote\/vasagle-baarituolit-2-kpl-korkeat-tuolit-keittioon-aamiaiselle-kaarevalla-selkanojalla\/","title":{"rendered":"VASAGLE baarituolit 2 kpl korkeat tuolit keitti\u00f6\u00f6n aamiaiselle, kaarevalla selk\u00e4nojalla"},"content":{"rendered":"<p>VASAGLE LBC087B01 baarituoli, baarituolit, korkea baaritiski, keitti\u00f6tuoli kaarevalla selk\u00e4nojalla, PE-rottinkia, boho, 48,2 x 45,7 x 92 cm, musta, 2 kpl<br \/>\n&#8211; V\u00e4ri: karamellinruskea<br \/>\n&#8211; Materiaali: ter\u00e4s, PE (polyeteeni), keinonahka, 58D-muotoiltu vaahtomuovi, vaneri<br \/>\n&#8211; Koko: 48,2 x 45,7 x 92 cm (S x L x K)<br \/>\n&#8211; Tyynyn koko: 42,1 syvyys, 8 cm korkeus<br \/>\n&#8211; Kokonaispaino: 11,4 kg<br \/>\n&#8211; Maks. staattinen kantavuus per jakkara: 120 kg<\/p>\n","protected":false},"excerpt":{"rendered":"<p>VASAGLE LBC087B01 baarituoli, baarituolit, korkea baaritiski, keitti\u00f6tuoli kaarevalla selk\u00e4nojalla, PE-rottinkia, boho, 48,2 x 45,7 x 92 cm, musta, 2 kpl<\/p>\n","protected":false},"featured_media":41496,"comment_status":"open","ping_status":"closed","template":"","meta":[],"product_brand":[],"product_cat":[32],"product_tag":[],"class_list":{"0":"post-32484","1":"product","2":"type-product","3":"status-publish","4":"has-post-thumbnail","6":"product_cat-uncategorized-fi","8":"first","9":"instock","10":"shipping-taxable","11":"purchasable","12":"product-type-simple"},"_links":{"self":[{"href":"https:\/\/nordicmart.andreevmaster.com\/fi\/wp-json\/wp\/v2\/product\/32484","targetHints":{"allow":["GET"]}}],"collection":[{"href":"https:\/\/nordicmart.andreevmaster.com\/fi\/wp-json\/wp\/v2\/product"}],"about":[{"href":"https:\/\/nordicmart.andreevmaster.com\/fi\/wp-json\/wp\/v2\/types\/product"}],"replies":[{"embeddable":true,"href":"https:\/\/nordicmart.andreevmaster.com\/fi\/wp-json\/wp\/v2\/comments?post=32484"}],"wp:featuredmedia":[{"embeddable":true,"href":"https:\/\/nordicmart.andreevmaster.com\/fi\/wp-json\/wp\/v2\/media\/41496"}],"wp:attachment":[{"href":"https:\/\/nordicmart.andreevmaster.com\/fi\/wp-json\/wp\/v2\/media?parent=32484"}],"wp:term":[{"taxonomy":"product_brand","embeddable":true,"href":"https:\/\/nordicmart.andreevmaster.com\/fi\/wp-json\/wp\/v2\/product_brand?post=32484"},{"taxonomy":"product_cat","embeddable":true,"href":"https:\/\/nordicmart.andreevmaster.com\/fi\/wp-json\/wp\/v2\/product_cat?post=32484"},{"taxonomy":"product_tag","embeddable":true,"href":"https:\/\/nordicmart.andreevmaster.com\/fi\/wp-json\/wp\/v2\/product_tag?post=32484"}],"curies":[{"name":"wp","href":"https:\/\/api.w.org\/{rel}","templated":true}]}}