{"id":32482,"date":"2026-02-27T00:17:32","date_gmt":"2026-02-27T00:17:32","guid":{"rendered":"https:\/\/nordicmart.andreevmaster.com\/product\/ekho-kokoelma-2-kpl-baarituoleja-baarituolit-synteettinen-nahka-ompelemalla-mid-century-modern-baarituolit-26-tuumaa-keittio-kotibaari-ruokailutila\/"},"modified":"2026-02-27T09:39:12","modified_gmt":"2026-02-27T09:39:12","slug":"ekho-kokoelma-2-kpl-baarituoleja-baarituolit-synteettinen-nahka-ompelemalla-mid-century-modern-baarituolit-26-tuumaa-keittio-kotibaari-ruokailutila","status":"publish","type":"product","link":"https:\/\/nordicmart.andreevmaster.com\/fi\/tuote\/ekho-kokoelma-2-kpl-baarituoleja-baarituolit-synteettinen-nahka-ompelemalla-mid-century-modern-baarituolit-26-tuumaa-keittio-kotibaari-ruokailutila\/","title":{"rendered":"EKHO-kokoelma \u2013 2 kpl baarituoleja, baarituolit, synteettinen nahka ompelemalla, Mid-Century Modern -baarituolit, 26 tuumaa, keitti\u00f6, kotibaari, ruokailutila"},"content":{"rendered":"<p>[Tyyli, joka puhuu] N\u00e4m\u00e4 baarijakkarat kuuluvat VASAGLE EKHO -mallistoon, joka on huonekalumallisto, jossa yhdistyv\u00e4t rikas kuvioitu keinonahka ja hienostunut tikkaus. Se on konkreettinen kunnianosoitus k\u00e4sity\u00f6taidolle, ja se auttaa luomaan kodin, joka puhuu paljon tyylist\u00e4.[Istu mukavasti] N\u00e4iden keitti\u00f6n jakkaroiden tilava 15 &#8221;D x 17,7&#8243; W istuinpinta, joka on p\u00e4\u00e4llystetty sile\u00e4ll\u00e4 p\u00e4\u00e4llysteell\u00e4 ja t\u00e4ytetty 3,9&#8221; paksulla korkean tiheyden vaahtomuovityynyll\u00e4, tarjoaa erinomaisen tuen. Koe kest\u00e4v\u00e4 mukavuus, joka kest\u00e4\u00e4 ajan testin<\/p>\n<p>[Piilotetut s\u00e4\u00e4dett\u00e4v\u00e4t jalat] Nauti vakaudesta ja tyylist\u00e4. N\u00e4m\u00e4 jakkarat, joissa on piilotetut s\u00e4\u00e4dett\u00e4v\u00e4t jalat, tarjoavat vakaat istuimet jopa hieman ep\u00e4tasaisilla lattioilla ja s\u00e4ilytt\u00e4v\u00e4t samalla virtaviivaisen ulkon\u00e4\u00f6n, joka lis\u00e4\u00e4 niiden esteettist\u00e4 vetovoimaisuutta.[Helppo kokoonpano, monipuolinen k\u00e4ytt\u00f6] Selkeiden ohjeiden ja mukana toimitetun kokoonpanoty\u00f6kalun avulla n\u00e4iden keitti\u00f6tiskijakkaroiden kokoaminen on lastenleikki\u00e4. Hetkess\u00e4 ne ovat valmiita parantamaan keitti\u00f6t\u00e4si, ruokasaliasi tai toimimaan tyylikk\u00e4\u00e4n\u00e4 v\u00e4liaikaisena istuimena.[Vaivattomasti puhdas ja tyylik\u00e4s] Satunnaisia vuotoja? Ei h\u00e4t\u00e4\u00e4! Vedenkest\u00e4v\u00e4, synteettisest\u00e4 nahasta valmistettu p\u00e4\u00e4llinen voidaan pyyhki\u00e4 puhtaaksi hetkess\u00e4. Mattapintaiset ter\u00e4sjalat kest\u00e4v\u00e4t naarmuja ja s\u00e4ilytt\u00e4v\u00e4t hienostuneen vieh\u00e4tyksens\u00e4 my\u00f6s p\u00e4ivitt\u00e4isess\u00e4 k\u00e4yt\u00f6ss\u00e4.<\/p>\n<p>Tekniset tiedot:<br \/>\nV\u00e4ri: V\u00e4rit: V\u00e4rit ovat mm: Kyyhkynharmaa<br \/>\nMateriaali: PU (polyuretaani) nahka, vaneri.<br \/>\nTuotteen koko: 15 &#8221;D x 17,7&#8221; W x 26 &#8221;H (38 x 45 x 66 cm).<br \/>\nKokonaispaino: 11,2 kg (24,7 lb).<br \/>\nMax. Staattinen kuormitettavuus jakkaraa kohti: 120 kg (265 lb)<\/p>\n","protected":false},"excerpt":{"rendered":"<p>[Tyyli, joka puhuu] N\u00e4m\u00e4 baarijakkarat kuuluvat VASAGLE EKHO -mallistoon, joka on huonekalumallisto, jossa yhdistyv\u00e4t rikas kuvioitu keinonahka ja hienostunut tikkaus. Se on konkreettinen kunnianosoitus k\u00e4sity\u00f6taidolle, ja se auttaa luomaan kodin, joka puhuu paljon tyylist\u00e4.[Istu mukavasti] N\u00e4iden keitti\u00f6n jakkaroiden tilava 15 &#8221;D x 17,7&#8243; W istuinpinta, joka on p\u00e4\u00e4llystetty sile\u00e4ll\u00e4 p\u00e4\u00e4llysteell\u00e4 ja t\u00e4ytetty 3,9&#8221; paksulla korkean [&hellip;]<\/p>\n","protected":false},"featured_media":0,"comment_status":"open","ping_status":"closed","template":"","meta":[],"product_brand":[],"product_cat":[32],"product_tag":[],"class_list":{"0":"post-32482","1":"product","2":"type-product","3":"status-publish","5":"product_cat-uncategorized-fi","7":"first","8":"instock","9":"shipping-taxable","10":"product-type-simple"},"_links":{"self":[{"href":"https:\/\/nordicmart.andreevmaster.com\/fi\/wp-json\/wp\/v2\/product\/32482","targetHints":{"allow":["GET"]}}],"collection":[{"href":"https:\/\/nordicmart.andreevmaster.com\/fi\/wp-json\/wp\/v2\/product"}],"about":[{"href":"https:\/\/nordicmart.andreevmaster.com\/fi\/wp-json\/wp\/v2\/types\/product"}],"replies":[{"embeddable":true,"href":"https:\/\/nordicmart.andreevmaster.com\/fi\/wp-json\/wp\/v2\/comments?post=32482"}],"wp:attachment":[{"href":"https:\/\/nordicmart.andreevmaster.com\/fi\/wp-json\/wp\/v2\/media?parent=32482"}],"wp:term":[{"taxonomy":"product_brand","embeddable":true,"href":"https:\/\/nordicmart.andreevmaster.com\/fi\/wp-json\/wp\/v2\/product_brand?post=32482"},{"taxonomy":"product_cat","embeddable":true,"href":"https:\/\/nordicmart.andreevmaster.com\/fi\/wp-json\/wp\/v2\/product_cat?post=32482"},{"taxonomy":"product_tag","embeddable":true,"href":"https:\/\/nordicmart.andreevmaster.com\/fi\/wp-json\/wp\/v2\/product_tag?post=32482"}],"curies":[{"name":"wp","href":"https:\/\/api.w.org\/{rel}","templated":true}]}}