{"id":32481,"date":"2026-02-27T00:17:31","date_gmt":"2026-02-27T00:17:31","guid":{"rendered":"https:\/\/nordicmart.andreevmaster.com\/product\/baarijakkarat-2-kpl-keittiotuolit-tekonahka-koristeelliset-napit-ja-niitit-massiivipuujalat-66cm-korkea-kotibaari-ruokasali-helppo-asentaa-kahvinruskea-2\/"},"modified":"2026-02-27T09:39:12","modified_gmt":"2026-02-27T09:39:12","slug":"baarijakkarat-2-kpl-keittiotuolit-tekonahka-koristeelliset-napit-ja-niitit-massiivipuujalat-66cm-korkea-kotibaari-ruokasali-helppo-asentaa-kahvinruskea-2","status":"publish","type":"product","link":"https:\/\/nordicmart.andreevmaster.com\/fi\/tuote\/baarijakkarat-2-kpl-keittiotuolit-tekonahka-koristeelliset-napit-ja-niitit-massiivipuujalat-66cm-korkea-kotibaari-ruokasali-helppo-asentaa-kahvinruskea-2\/","title":{"rendered":"Baarijakkarat 2 kpl, keitti\u00f6tuolit, tekonahka, koristeelliset napit ja niitit, massiivipuujalat, 66cm korkea, kotibaari, ruokasali, helppo asentaa, kahvinruskea"},"content":{"rendered":"<p>[Siirtym\u00e4kauden estetiikka] T\u00e4m\u00e4 koristeellisilla napeilla ja niiteill\u00e4 varustettu baarijakkara huokuu klassista eleganssia. Ainutlaatuisesti muotoillut jalat antavat niille visuaalista vieh\u00e4tyst\u00e4 ja tekev\u00e4t niist\u00e4 huomiota her\u00e4tt\u00e4v\u00e4n lis\u00e4n mihin tahansa kotiin.[Tervetuloa mukavuuteen] Miksi valita tyylin ja mukavuuden v\u00e4lill\u00e4? Runsaasti pehmustetulla istuimella, joka on valmistettu tihe\u00e4st\u00e4, muotoa s\u00e4ilytt\u00e4v\u00e4st\u00e4 vaahtomuovista, ja integroiduilla jalkatuilla, jotka lis\u00e4\u00e4v\u00e4t mukavuutta, voit saada molempia![Huomiota yksityiskohtiin] Jokaisessa aamiaisjakkarassa on metallisuojattu jalkatuki, joka takaa kest\u00e4vyyden ja helpon puhdistettavuuden, vaikka astuisit niiden p\u00e4\u00e4lle kengill\u00e4.[Vankka ja vakaa] Massiivipuiset jalat, joissa on s\u00e4\u00e4dett\u00e4v\u00e4t jalat, takaavat vakauden hieman ep\u00e4tasaisilla lattioilla ja suojaavat samalla lattiaa naarmuilta. Keitti\u00f6jakkara on tarpeeksi vahva kest\u00e4m\u00e4\u00e4n jopa 120 kg:n painon.[Vaivaton kokoaminen] Keitti\u00f6tuolin kokoaminen on lastenleikki\u00e4. Seuraa vain selkeit\u00e4 ohjeita ja tuoli on k\u00e4ytt\u00f6valmis hetkess\u00e4<\/p>\n<p>Tekniset tiedot:<br \/>\nMallinumero: Malli: Tuoli on varustettu tuolilla, joka ei ole varustettu tuolilla: LBC085K01<br \/>\nV\u00e4ri: Ruskea<br \/>\nTuotteen mitat: 32 x 44 x 66 cm: 32 x 44 x 66 cm<br \/>\nTuotteen paino: 8,8 kiloa<\/p>\n","protected":false},"excerpt":{"rendered":"<p>[Siirtym\u00e4kauden estetiikka] T\u00e4m\u00e4 koristeellisilla napeilla ja niiteill\u00e4 varustettu baarijakkara huokuu klassista eleganssia. Ainutlaatuisesti muotoillut jalat antavat niille visuaalista vieh\u00e4tyst\u00e4 ja tekev\u00e4t niist\u00e4 huomiota her\u00e4tt\u00e4v\u00e4n lis\u00e4n mihin tahansa kotiin.[Tervetuloa mukavuuteen] Miksi valita tyylin ja mukavuuden v\u00e4lill\u00e4? Runsaasti pehmustetulla istuimella, joka on valmistettu tihe\u00e4st\u00e4, muotoa s\u00e4ilytt\u00e4v\u00e4st\u00e4 vaahtomuovista, ja integroiduilla jalkatuilla, jotka lis\u00e4\u00e4v\u00e4t mukavuutta, voit saada molempia![Huomiota yksityiskohtiin] [&hellip;]<\/p>\n","protected":false},"featured_media":0,"comment_status":"open","ping_status":"closed","template":"","meta":[],"product_brand":[],"product_cat":[32],"product_tag":[],"class_list":{"0":"post-32481","1":"product","2":"type-product","3":"status-publish","5":"product_cat-uncategorized-fi","7":"first","8":"instock","9":"shipping-taxable","10":"product-type-simple"},"_links":{"self":[{"href":"https:\/\/nordicmart.andreevmaster.com\/fi\/wp-json\/wp\/v2\/product\/32481","targetHints":{"allow":["GET"]}}],"collection":[{"href":"https:\/\/nordicmart.andreevmaster.com\/fi\/wp-json\/wp\/v2\/product"}],"about":[{"href":"https:\/\/nordicmart.andreevmaster.com\/fi\/wp-json\/wp\/v2\/types\/product"}],"replies":[{"embeddable":true,"href":"https:\/\/nordicmart.andreevmaster.com\/fi\/wp-json\/wp\/v2\/comments?post=32481"}],"wp:attachment":[{"href":"https:\/\/nordicmart.andreevmaster.com\/fi\/wp-json\/wp\/v2\/media?parent=32481"}],"wp:term":[{"taxonomy":"product_brand","embeddable":true,"href":"https:\/\/nordicmart.andreevmaster.com\/fi\/wp-json\/wp\/v2\/product_brand?post=32481"},{"taxonomy":"product_cat","embeddable":true,"href":"https:\/\/nordicmart.andreevmaster.com\/fi\/wp-json\/wp\/v2\/product_cat?post=32481"},{"taxonomy":"product_tag","embeddable":true,"href":"https:\/\/nordicmart.andreevmaster.com\/fi\/wp-json\/wp\/v2\/product_tag?post=32481"}],"curies":[{"name":"wp","href":"https:\/\/api.w.org\/{rel}","templated":true}]}}