{"id":32479,"date":"2026-02-27T00:17:31","date_gmt":"2026-02-27T00:17:31","guid":{"rendered":"https:\/\/nordicmart.andreevmaster.com\/product\/baarijakkarat-2-kpl-counter-height-bar-stools-26-tuumainen-keittio-counter-jakkarat-puujalkojen-kanssa-pu-nahkaiset-baarijakkarat-pehmustetut-jakkarat-keittiosaarelle-ruokailuhuoneeseen-dove-gray-2\/"},"modified":"2026-02-27T09:39:11","modified_gmt":"2026-02-27T09:39:11","slug":"baarijakkarat-2-kpl-counter-height-bar-stools-26-tuumainen-keittio-counter-jakkarat-puujalkojen-kanssa-pu-nahkaiset-baarijakkarat-pehmustetut-jakkarat-keittiosaarelle-ruokailuhuoneeseen-dove-gray-2","status":"publish","type":"product","link":"https:\/\/nordicmart.andreevmaster.com\/fi\/tuote\/baarijakkarat-2-kpl-counter-height-bar-stools-26-tuumainen-keittio-counter-jakkarat-puujalkojen-kanssa-pu-nahkaiset-baarijakkarat-pehmustetut-jakkarat-keittiosaarelle-ruokailuhuoneeseen-dove-gray-2\/","title":{"rendered":"Baarijakkarat 2 kpl, Counter Height Bar Stools, 26-tuumainen keitti\u00f6 Counter jakkarat puujalkojen kanssa, PU-nahkaiset baarijakkarat pehmustetut jakkarat keitti\u00f6saarelle ruokailuhuoneeseen, Dove Gray"},"content":{"rendered":"<p>[Transitional Aesthetics] N\u00e4m\u00e4 baarijakkarat, jotka on koristeltu tuftatuilla napeilla ja naulanp\u00e4ill\u00e4, huokuvat klassista eleganssia. Ainutlaatuisesti muotoillut jalat lis\u00e4\u00e4v\u00e4t visuaalista vieh\u00e4tyst\u00e4, mik\u00e4 tekee niist\u00e4 silmiinpist\u00e4v\u00e4n lis\u00e4n mihin tahansa kotiin.[Embrace Comfort] Miksi valita tyylin ja mukavuuden v\u00e4lill\u00e4? Runsaasti pehmustettu istuin on valmistettu korkean tiheyden vaahtomuovista, joka kest\u00e4\u00e4 muodonmuutoksia, ja sis\u00e4\u00e4nrakennetut jalkatuet lis\u00e4\u00e4v\u00e4t mukavuutta, joten voit saada molempia![Huomio yksityiskohtiin] Jokaisessa aamiaisjakkarassa on metallisuojattu jalkatuki, joka on suunniteltu kest\u00e4v\u00e4ksi ja helposti puhdistettavaksi, vaikka kengill\u00e4 astuttaisiinkin sen p\u00e4\u00e4lle.[Vankka ja vakaa] Massiivipuiset jalat, joissa on tasoitusjalat, antavat vakautta hieman ep\u00e4tasaisilla lattioilla ja suojaavat samalla lattiaa naarmuilta. Jokainen keitti\u00f6tiskijakkara on tarpeeksi vahva pit\u00e4m\u00e4\u00e4n jopa 265 lb:n painon[Vaivaton kokoonpano] Uuden parin baarijakkaran kokoaminen on helppoa. Seuraa vain suoraviivaisia ohjeita, ja ne ovat valmiina palvelemaan hetkess\u00e4<\/p>\n<p>Tekniset tiedot:<br \/>\nV\u00e4rit: V\u00e4rej\u00e4: 1: V\u00e4rit: Dove Gray<br \/>\nMateriaali: PU (polyuretaani) nahka.<br \/>\nTuotteen koko: 12,6&#8243; D x 17,3&#8243; W x 26&#8243; H (32 x 44 x 66 cm)<br \/>\nTuotteen kokonaispaino: 8,8 kg (19,4 lb).<br \/>\nStaattinen kuormitettavuus jakkaraa kohti: 120 kg (265 lb)<\/p>\n<p>Pakkauksen sis\u00e4lt\u00f6:<br \/>\n2 x baarijakkara<br \/>\n1 x lis\u00e4varustesarja<br \/>\n1 x Ohjeet<\/p>\n","protected":false},"excerpt":{"rendered":"<p>[Transitional Aesthetics] N\u00e4m\u00e4 baarijakkarat, jotka on koristeltu tuftatuilla napeilla ja naulanp\u00e4ill\u00e4, huokuvat klassista eleganssia. Ainutlaatuisesti muotoillut jalat lis\u00e4\u00e4v\u00e4t visuaalista vieh\u00e4tyst\u00e4, mik\u00e4 tekee niist\u00e4 silmiinpist\u00e4v\u00e4n lis\u00e4n mihin tahansa kotiin.[Embrace Comfort] Miksi valita tyylin ja mukavuuden v\u00e4lill\u00e4? Runsaasti pehmustettu istuin on valmistettu korkean tiheyden vaahtomuovista, joka kest\u00e4\u00e4 muodonmuutoksia, ja sis\u00e4\u00e4nrakennetut jalkatuet lis\u00e4\u00e4v\u00e4t mukavuutta, joten voit saada molempia![Huomio [&hellip;]<\/p>\n","protected":false},"featured_media":0,"comment_status":"open","ping_status":"closed","template":"","meta":[],"product_brand":[],"product_cat":[32],"product_tag":[],"class_list":{"0":"post-32479","1":"product","2":"type-product","3":"status-publish","5":"product_cat-uncategorized-fi","7":"first","8":"instock","9":"shipping-taxable","10":"product-type-simple"},"_links":{"self":[{"href":"https:\/\/nordicmart.andreevmaster.com\/fi\/wp-json\/wp\/v2\/product\/32479","targetHints":{"allow":["GET"]}}],"collection":[{"href":"https:\/\/nordicmart.andreevmaster.com\/fi\/wp-json\/wp\/v2\/product"}],"about":[{"href":"https:\/\/nordicmart.andreevmaster.com\/fi\/wp-json\/wp\/v2\/types\/product"}],"replies":[{"embeddable":true,"href":"https:\/\/nordicmart.andreevmaster.com\/fi\/wp-json\/wp\/v2\/comments?post=32479"}],"wp:attachment":[{"href":"https:\/\/nordicmart.andreevmaster.com\/fi\/wp-json\/wp\/v2\/media?parent=32479"}],"wp:term":[{"taxonomy":"product_brand","embeddable":true,"href":"https:\/\/nordicmart.andreevmaster.com\/fi\/wp-json\/wp\/v2\/product_brand?post=32479"},{"taxonomy":"product_cat","embeddable":true,"href":"https:\/\/nordicmart.andreevmaster.com\/fi\/wp-json\/wp\/v2\/product_cat?post=32479"},{"taxonomy":"product_tag","embeddable":true,"href":"https:\/\/nordicmart.andreevmaster.com\/fi\/wp-json\/wp\/v2\/product_tag?post=32479"}],"curies":[{"name":"wp","href":"https:\/\/api.w.org\/{rel}","templated":true}]}}