{"id":32477,"date":"2026-02-27T00:17:30","date_gmt":"2026-02-27T00:17:30","guid":{"rendered":"https:\/\/nordicmart.andreevmaster.com\/product\/echo-collection-ulbc080k01-baarijakkarat-2-kpl-keittion-jakkarat-aamiaisjakkarat-ommeltu-tekonahka-248-korkea-kotibaari-ruokasali-helppo-asentaa-karamellinruskea\/"},"modified":"2026-02-27T09:39:11","modified_gmt":"2026-02-27T09:39:11","slug":"echo-collection-ulbc080k01-baarijakkarat-2-kpl-keittion-jakkarat-aamiaisjakkarat-ommeltu-tekonahka-248-korkea-kotibaari-ruokasali-helppo-asentaa-karamellinruskea","status":"publish","type":"product","link":"https:\/\/nordicmart.andreevmaster.com\/fi\/tuote\/echo-collection-ulbc080k01-baarijakkarat-2-kpl-keittion-jakkarat-aamiaisjakkarat-ommeltu-tekonahka-248-korkea-kotibaari-ruokasali-helppo-asentaa-karamellinruskea\/","title":{"rendered":"Echo Collection ULBC080K01 Baarijakkarat, 2 kpl, keitti\u00f6n jakkarat, aamiaisjakkarat, ommeltu tekonahka, 24,8&#8243; korkea, kotibaari, ruokasali, helppo asentaa, karamellinruskea"},"content":{"rendered":"<p>[Paranna tilaa] Todista houkutteleva sekoitus tekonahkaa, hienostunut ompelu ja tyylik\u00e4s kartiomainen jalat n\u00e4iss\u00e4 ECHO Collection baarijakkarat, konkreettinen kunnianosoitus hengen k\u00e4sity\u00f6taitoa, nostaa kodin uuteen korkeuksiin hienostuneisuutta.Mukavuutta kaikkialla: Liu&#8217;uta k\u00e4tesi sile\u00e4n p\u00e4\u00e4llysteen p\u00e4\u00e4lle ja nauti sitten 3,1 tuuman paksuisen, eritt\u00e4in joustavan vaahtomuovin tukevasta ylellisyydest\u00e4. N\u00e4m\u00e4 baarijakkarat tarjoavat mukavan istumakokemuksen, joka kest\u00e4\u00e4, ja ne kest\u00e4v\u00e4t ajan hammasta.[Mukautuva eleganssi] T\u00e4m\u00e4 2 baarijakkaran sarja, jossa on ainutlaatuiset asteittaiset jalkatuet, on uusin pelimuutos. Ne sopivat vaivattomasti kaikenkorkuisille yst\u00e4ville ja tarjoavat vertaansa vailla olevan yhdistelm\u00e4n mukavuutta ja monipuolisuutta.Vakaa vakaus, pehme\u00e4 lattialla: N\u00e4m\u00e4 keitti\u00f6n jakkarat takaavat vakauden ep\u00e4tasaisilla pinnoilla ja tasaisen, naarmuttoman kosketuksen, mik\u00e4 antaa mielenrauhaa rauhallisille juomille tai vilkkaille juhlille.[Vaivattomasti puhdas ja tyylik\u00e4s] Satunnaisia vuotoja? \u00c4l\u00e4 huoli! Vedenpit\u00e4v\u00e4 synteettisest\u00e4 nahasta valmistettu p\u00e4\u00e4llinen, joka voidaan puhdistaa hetkess\u00e4. Mattapintaiset ter\u00e4sjalat kest\u00e4v\u00e4t naarmuja ja s\u00e4ilytt\u00e4v\u00e4t hienostuneen vieh\u00e4tyksens\u00e4 my\u00f6s p\u00e4ivitt\u00e4isess\u00e4 k\u00e4yt\u00f6ss\u00e4<\/p>\n","protected":false},"excerpt":{"rendered":"<p>[Paranna tilaa] Todista houkutteleva sekoitus tekonahkaa, hienostunut ompelu ja tyylik\u00e4s kartiomainen jalat n\u00e4iss\u00e4 ECHO Collection baarijakkarat, konkreettinen kunnianosoitus hengen k\u00e4sity\u00f6taitoa, nostaa kodin uuteen korkeuksiin hienostuneisuutta.Mukavuutta kaikkialla: Liu&#8217;uta k\u00e4tesi sile\u00e4n p\u00e4\u00e4llysteen p\u00e4\u00e4lle ja nauti sitten 3,1 tuuman paksuisen, eritt\u00e4in joustavan vaahtomuovin tukevasta ylellisyydest\u00e4. N\u00e4m\u00e4 baarijakkarat tarjoavat mukavan istumakokemuksen, joka kest\u00e4\u00e4, ja ne kest\u00e4v\u00e4t ajan hammasta.[Mukautuva eleganssi] [&hellip;]<\/p>\n","protected":false},"featured_media":0,"comment_status":"open","ping_status":"closed","template":"","meta":[],"product_brand":[],"product_cat":[32],"product_tag":[],"class_list":{"0":"post-32477","1":"product","2":"type-product","3":"status-publish","5":"product_cat-uncategorized-fi","7":"first","8":"instock","9":"shipping-taxable","10":"product-type-simple"},"_links":{"self":[{"href":"https:\/\/nordicmart.andreevmaster.com\/fi\/wp-json\/wp\/v2\/product\/32477","targetHints":{"allow":["GET"]}}],"collection":[{"href":"https:\/\/nordicmart.andreevmaster.com\/fi\/wp-json\/wp\/v2\/product"}],"about":[{"href":"https:\/\/nordicmart.andreevmaster.com\/fi\/wp-json\/wp\/v2\/types\/product"}],"replies":[{"embeddable":true,"href":"https:\/\/nordicmart.andreevmaster.com\/fi\/wp-json\/wp\/v2\/comments?post=32477"}],"wp:attachment":[{"href":"https:\/\/nordicmart.andreevmaster.com\/fi\/wp-json\/wp\/v2\/media?parent=32477"}],"wp:term":[{"taxonomy":"product_brand","embeddable":true,"href":"https:\/\/nordicmart.andreevmaster.com\/fi\/wp-json\/wp\/v2\/product_brand?post=32477"},{"taxonomy":"product_cat","embeddable":true,"href":"https:\/\/nordicmart.andreevmaster.com\/fi\/wp-json\/wp\/v2\/product_cat?post=32477"},{"taxonomy":"product_tag","embeddable":true,"href":"https:\/\/nordicmart.andreevmaster.com\/fi\/wp-json\/wp\/v2\/product_tag?post=32477"}],"curies":[{"name":"wp","href":"https:\/\/api.w.org\/{rel}","templated":true}]}}