{"id":32472,"date":"2026-02-27T00:17:29","date_gmt":"2026-02-27T00:17:29","guid":{"rendered":"https:\/\/nordicmart.andreevmaster.com\/product\/vasagle-baarituolien-2-kpln-sarja-selkanojalla-tuhkanmusta-mustanmusta\/"},"modified":"2026-02-27T09:39:10","modified_gmt":"2026-02-27T09:39:10","slug":"vasagle-baarituolien-2-kpln-sarja-selkanojalla-tuhkanmusta-mustanmusta","status":"publish","type":"product","link":"https:\/\/nordicmart.andreevmaster.com\/fi\/tuote\/vasagle-baarituolien-2-kpln-sarja-selkanojalla-tuhkanmusta-mustanmusta\/","title":{"rendered":"VASAGLE baarituolien 2 kpl:n sarja, selk\u00e4nojalla, tuhkanmusta-mustanmusta"},"content":{"rendered":"<p>VASAGLE baarituolit, 2 kpl, baarituolit, keitti\u00f6tuolit, selk\u00e4nojalla, ter\u00e4srunko, helppo asennus, teollinen muotoilu, vintage-ruskea-musta LBC078B01<br \/>\nV\u00e4ri: vintage-ruskea-mustanmusta<br \/>\nMateriaali: lastulevy, ter\u00e4s<br \/>\nKoko per tuoli: 45,4 x 45,4 x 102,2 cm (S x L x K)<br \/>\nIstuimen koko: 34 x 34 cm (S x L)<br \/>\nIstuimen korkeus (lattiasta): 74 cm<br \/>\nJalkatuen korkeus (lattiasta): 30,5 cm<br \/>\nSelk\u00e4nojan korkeus (istuinpinnasta): 28,2 cm<br \/>\nSelk\u00e4nojan koko: 34 x 15 cm (L x K)<br \/>\nSelk\u00e4nojan kallistuskulma: 103\u00b0<br \/>\nPaino per jakkara: 14,4 kg<br \/>\nJalkatuen maks. staattinen kantavuus: 110 kg<\/p>\n","protected":false},"excerpt":{"rendered":"<p>VASAGLE baarituolit, 2 kpl, baarituolit, keitti\u00f6tuolit, selk\u00e4nojalla, ter\u00e4srunko, helppo asennus, teollinen muotoilu, vintage-ruskea-musta LBC078B01<\/p>\n","protected":false},"featured_media":41493,"comment_status":"open","ping_status":"closed","template":"","meta":[],"product_brand":[],"product_cat":[32],"product_tag":[],"class_list":{"0":"post-32472","1":"product","2":"type-product","3":"status-publish","4":"has-post-thumbnail","6":"product_cat-uncategorized-fi","8":"first","9":"instock","10":"shipping-taxable","11":"purchasable","12":"product-type-simple"},"_links":{"self":[{"href":"https:\/\/nordicmart.andreevmaster.com\/fi\/wp-json\/wp\/v2\/product\/32472","targetHints":{"allow":["GET"]}}],"collection":[{"href":"https:\/\/nordicmart.andreevmaster.com\/fi\/wp-json\/wp\/v2\/product"}],"about":[{"href":"https:\/\/nordicmart.andreevmaster.com\/fi\/wp-json\/wp\/v2\/types\/product"}],"replies":[{"embeddable":true,"href":"https:\/\/nordicmart.andreevmaster.com\/fi\/wp-json\/wp\/v2\/comments?post=32472"}],"wp:featuredmedia":[{"embeddable":true,"href":"https:\/\/nordicmart.andreevmaster.com\/fi\/wp-json\/wp\/v2\/media\/41493"}],"wp:attachment":[{"href":"https:\/\/nordicmart.andreevmaster.com\/fi\/wp-json\/wp\/v2\/media?parent=32472"}],"wp:term":[{"taxonomy":"product_brand","embeddable":true,"href":"https:\/\/nordicmart.andreevmaster.com\/fi\/wp-json\/wp\/v2\/product_brand?post=32472"},{"taxonomy":"product_cat","embeddable":true,"href":"https:\/\/nordicmart.andreevmaster.com\/fi\/wp-json\/wp\/v2\/product_cat?post=32472"},{"taxonomy":"product_tag","embeddable":true,"href":"https:\/\/nordicmart.andreevmaster.com\/fi\/wp-json\/wp\/v2\/product_tag?post=32472"}],"curies":[{"name":"wp","href":"https:\/\/api.w.org\/{rel}","templated":true}]}}