{"id":32468,"date":"2026-02-27T00:17:28","date_gmt":"2026-02-27T00:17:28","guid":{"rendered":"https:\/\/nordicmart.andreevmaster.com\/product\/vasagle-seinahylly-5-tasoa-kirjoille-luonnonvarinen-tammi\/"},"modified":"2026-02-27T09:39:09","modified_gmt":"2026-02-27T09:39:09","slug":"vasagle-seinahylly-5-tasoa-kirjoille-luonnonvarinen-tammi","status":"publish","type":"product","link":"https:\/\/nordicmart.andreevmaster.com\/fi\/tuote\/vasagle-seinahylly-5-tasoa-kirjoille-luonnonvarinen-tammi\/","title":{"rendered":"VASAGLE sein\u00e4hylly, 5 tasoa kirjoille, luonnonv\u00e4rinen tammi"},"content":{"rendered":"<p>VASAGLE kulmahylly, sein\u00e4hylly 5 hyllyll\u00e4, kelluva hylly keitti\u00f6\u00f6n, makuuhuoneeseen, olohuoneeseen, ty\u00f6huoneeseen, kasveille, CD-levyille, koristeille<br \/>\nV\u00e4ri: luonnollinen tammenv\u00e4ri<br \/>\nMateriaali: lastulevy<br \/>\nKoko: 20 x 20 x 126 cm (S x L x K)<br \/>\nPaino: 3,5 kg<br \/>\nMaks. staattinen kantavuus hylly\u00e4 kohti: 6 kg<\/p>\n","protected":false},"excerpt":{"rendered":"<p>VASAGLE kulmahylly, sein\u00e4hylly 5 hyllyll\u00e4, kelluva hylly keitti\u00f6\u00f6n, makuuhuoneeseen, olohuoneeseen, ty\u00f6huoneeseen, kasveille, CD-levyille, koristeille<\/p>\n","protected":false},"featured_media":41489,"comment_status":"open","ping_status":"closed","template":"","meta":[],"product_brand":[],"product_cat":[32],"product_tag":[],"class_list":{"0":"post-32468","1":"product","2":"type-product","3":"status-publish","4":"has-post-thumbnail","6":"product_cat-uncategorized-fi","8":"first","9":"instock","10":"shipping-taxable","11":"purchasable","12":"product-type-simple"},"_links":{"self":[{"href":"https:\/\/nordicmart.andreevmaster.com\/fi\/wp-json\/wp\/v2\/product\/32468","targetHints":{"allow":["GET"]}}],"collection":[{"href":"https:\/\/nordicmart.andreevmaster.com\/fi\/wp-json\/wp\/v2\/product"}],"about":[{"href":"https:\/\/nordicmart.andreevmaster.com\/fi\/wp-json\/wp\/v2\/types\/product"}],"replies":[{"embeddable":true,"href":"https:\/\/nordicmart.andreevmaster.com\/fi\/wp-json\/wp\/v2\/comments?post=32468"}],"wp:featuredmedia":[{"embeddable":true,"href":"https:\/\/nordicmart.andreevmaster.com\/fi\/wp-json\/wp\/v2\/media\/41489"}],"wp:attachment":[{"href":"https:\/\/nordicmart.andreevmaster.com\/fi\/wp-json\/wp\/v2\/media?parent=32468"}],"wp:term":[{"taxonomy":"product_brand","embeddable":true,"href":"https:\/\/nordicmart.andreevmaster.com\/fi\/wp-json\/wp\/v2\/product_brand?post=32468"},{"taxonomy":"product_cat","embeddable":true,"href":"https:\/\/nordicmart.andreevmaster.com\/fi\/wp-json\/wp\/v2\/product_cat?post=32468"},{"taxonomy":"product_tag","embeddable":true,"href":"https:\/\/nordicmart.andreevmaster.com\/fi\/wp-json\/wp\/v2\/product_tag?post=32468"}],"curies":[{"name":"wp","href":"https:\/\/api.w.org\/{rel}","templated":true}]}}