{"id":32466,"date":"2026-02-27T00:17:27","date_gmt":"2026-02-27T00:17:27","guid":{"rendered":"https:\/\/nordicmart.andreevmaster.com\/product\/vasagle-teollinen-muotoilu-baarituoli-2-kpl-beige-valkoinen\/"},"modified":"2026-02-27T09:39:08","modified_gmt":"2026-02-27T09:39:08","slug":"vasagle-teollinen-muotoilu-baarituoli-2-kpl-beige-valkoinen","status":"publish","type":"product","link":"https:\/\/nordicmart.andreevmaster.com\/fi\/tuote\/vasagle-teollinen-muotoilu-baarituoli-2-kpl-beige-valkoinen\/","title":{"rendered":"VASAGLE Teollinen muotoilu Baarituoli 2 kpl beige-valkoinen"},"content":{"rendered":"<p>VASAGLE baarituoli, 2 kpl, baarituolit, keitti\u00f6tuolit, keitti\u00f6\u00f6n, olohuoneeseen, ruokailuhuoneeseen, teollinen muotoilu, vintage-ruskea-musta LBC070B01<br \/>\n&#8211; V\u00e4ri: tammi beige, valkoinen<br \/>\nMateriaali: lastulevy, ter\u00e4s.<br \/>\n&#8211; Jokaisen jakkaran koko: 50,7 x 43,1 x 97,2 cm (S x L x K).<br \/>\n&#8211; Jokaisen jakkaran paino: 12,8 kg.<br \/>\n&#8211; Maks. staattinen kuormitus per jakkara: 130 kg.<\/p>\n","protected":false},"excerpt":{"rendered":"<p>VASAGLE baarituoli, 2 kpl, baarituolit, keitti\u00f6tuolit, keitti\u00f6\u00f6n, olohuoneeseen, ruokailuhuoneeseen, teollinen muotoilu, vintage-ruskea-musta LBC070B01<\/p>\n","protected":false},"featured_media":41487,"comment_status":"open","ping_status":"closed","template":"","meta":[],"product_brand":[],"product_cat":[32],"product_tag":[],"class_list":{"0":"post-32466","1":"product","2":"type-product","3":"status-publish","4":"has-post-thumbnail","6":"product_cat-uncategorized-fi","8":"first","9":"instock","10":"shipping-taxable","11":"purchasable","12":"product-type-simple"},"_links":{"self":[{"href":"https:\/\/nordicmart.andreevmaster.com\/fi\/wp-json\/wp\/v2\/product\/32466","targetHints":{"allow":["GET"]}}],"collection":[{"href":"https:\/\/nordicmart.andreevmaster.com\/fi\/wp-json\/wp\/v2\/product"}],"about":[{"href":"https:\/\/nordicmart.andreevmaster.com\/fi\/wp-json\/wp\/v2\/types\/product"}],"replies":[{"embeddable":true,"href":"https:\/\/nordicmart.andreevmaster.com\/fi\/wp-json\/wp\/v2\/comments?post=32466"}],"wp:featuredmedia":[{"embeddable":true,"href":"https:\/\/nordicmart.andreevmaster.com\/fi\/wp-json\/wp\/v2\/media\/41487"}],"wp:attachment":[{"href":"https:\/\/nordicmart.andreevmaster.com\/fi\/wp-json\/wp\/v2\/media?parent=32466"}],"wp:term":[{"taxonomy":"product_brand","embeddable":true,"href":"https:\/\/nordicmart.andreevmaster.com\/fi\/wp-json\/wp\/v2\/product_brand?post=32466"},{"taxonomy":"product_cat","embeddable":true,"href":"https:\/\/nordicmart.andreevmaster.com\/fi\/wp-json\/wp\/v2\/product_cat?post=32466"},{"taxonomy":"product_tag","embeddable":true,"href":"https:\/\/nordicmart.andreevmaster.com\/fi\/wp-json\/wp\/v2\/product_tag?post=32466"}],"curies":[{"name":"wp","href":"https:\/\/api.w.org\/{rel}","templated":true}]}}